{"id":19223,"date":"2026-05-14T13:10:09","date_gmt":"2026-05-14T11:10:09","guid":{"rendered":"https:\/\/prosocteamsport.com\/?post_type=product&#038;p=19223"},"modified":"2026-05-14T13:12:31","modified_gmt":"2026-05-14T11:12:31","slug":"combi-trikot-navy","status":"publish","type":"product","link":"https:\/\/prosocteamsport.com\/en\/product\/combi-trikot-navy\/","title":{"rendered":"Combi &#8211; Trikot &#8211; Navy &#8211; Ready to Print"},"content":{"rendered":"<p data-start=\"25\" data-end=\"225\">Gestalte dein individuelles Teamshirt ganz nach deinen Vorstellungen. Dieses Trikot kann vollst\u00e4ndig personalisiert werden und eignet sich perfekt f\u00fcr Vereine, Teams, Events oder Freizeitmannschaften.<\/p>\n<p data-start=\"227\" data-end=\"415\">Lade ganz einfach dein eigenes Logo hoch und erg\u00e4nze auf Wunsch einen individuellen R\u00fcckendruck mit Name oder Nummer. Alle Veredelungen sind optional und k\u00f6nnen flexibel ausgew\u00e4hlt werden.<\/p>\n<p data-start=\"417\" data-end=\"521\">Durch die begrenzte St\u00fcckzahl handelt es sich um ein exklusives Angebot \u2013 nur solange der Vorrat reicht.<\/p>\n<p data-start=\"523\" data-end=\"533\">","protected":false},"excerpt":{"rendered":"<ul>\n<li data-section-id=\"tlcoel\" data-start=\"681\" data-end=\"722\">Individuell personalisierbares Trikot<\/li>\n<li data-section-id=\"19wwugj\" data-start=\"723\" data-end=\"764\">Eigenes Logo per Datei-Upload m\u00f6glich<\/li>\n<li data-section-id=\"93yx8q\" data-start=\"765\" data-end=\"809\">Optionaler R\u00fcckendruck mit Name &amp; Nummer<\/li>\n<li data-section-id=\"1boc65o\" data-start=\"810\" data-end=\"844\">Alle Veredelungen frei w\u00e4hlbar<\/li>\n<li data-section-id=\"7nycfv\" data-start=\"845\" data-end=\"878\">Begrenzte St\u00fcckzahl verf\u00fcgbar<\/li>\n<li data-section-id=\"1n4j22g\" data-start=\"879\" data-end=\"916\">Ideal f\u00fcr Teams, Vereine &amp; Events<\/li>\n<li data-section-id=\"1k7srq9\" data-start=\"917\" data-end=\"948\">Modernes sportliches Design<\/li>\n<li data-section-id=\"581boi\" data-start=\"949\" data-end=\"980\" data-is-last-node=\"\">Nur solange der Vorrat reicht<\/li>\n<\/ul>","protected":false},"featured_media":19234,"comment_status":"open","ping_status":"closed","template":"","meta":{"rank_math_lock_modified_date":false},"product_brand":[],"product_cat":[272],"product_tag":[],"class_list":{"0":"post-19223","1":"product","2":"type-product","3":"status-publish","4":"has-post-thumbnail","6":"product_cat-ready-to-print","7":"wcpa_has_options","9":"first","10":"instock","11":"taxable","12":"shipping-taxable","13":"purchasable","14":"product-type-variable"},"df_price":7.79,"df_sale_price":"","df_regular_price":7.79,"df_image_link":"https:\/\/prosocteamsport.com\/wp-content\/uploads\/2026\/05\/Felix-Teamsport-300x300.png","wcpa_form_fields":{"wcpaData":{"product":{"product_price":7.79,"price_html":"<span class=\"woocommerce-Price-amount amount\"><bdi>7,79&nbsp;<span class=\"woocommerce-Price-currencySymbol\">&euro;<\/span><\/bdi><\/span>","original_product_price":7.79,"price_including_tax":7.79,"price_excluding_tax":6.546218,"product_id":{"parent":19223,"variation":false},"is_variable":true,"stock_status":"instock","stock_quantity":null,"parent_sku":"","product_attributes":{"groessen":{"is_variation":true,"values":[]}},"custom_fields":[],"is_taxable":true,"product_name":"Combi - Trikot - Navy - Ready to Print","hasImage":false},"fields":{"sec_26a05a99a0e9a1":{"extra":{"key":"sec_26a05a99a0e9a1","section_id":"sec_26a05a99a0e9a1","name":"Default","status":1,"cl_rule":"show","enableCl":false,"relations":[],"toggle":true,"title_tag":"h3","show_title":false,"showPrice":"default","form_id":19232,"form_rules":{"exclude_from_discount":false,"fee_label":"Geb\u00fchr","disp_hide_options_price":false,"disp_show_section_price":false,"disp_show_field_price":true,"layout_option":"standard","pric_use_as_fee":false,"process_fee_as":"woo_fee"},"layout_option":"standard"},"fields":[[{"active":true,"col":6,"relations":false,"cl_rule":"show","enableCl":false,"price":"4,5","enablePrice":true,"className":"","label_position":"default","desc_position":"default","type":"file","required":false,"elementId":"file_7560562831","name":"file_7560562831","label":"Vereinslogo","upload_type":"ajax","uploadSize":500,"file_types":["images","docs","design"],"isWeightTemplate":false,"error":false,"isTemplate":false,"min_quantity":"1","quantity_decimal":false,"quantity_step":"1","quantity_label":"Quantity","repeater_field_label":"{field_label}","repeater_bind":"","pricingType":"fixed","use_as_fee":true,"allowedFileTypes":"image\/*,.doc,.docx,.xml,.dot,.docm,.dotm,.dotx,.htm,.html,.odt,.pdf,.rtf,.txt,.wps,.xps,application\/msword,application\/vnd,.psd,.eps,.ai,.indd,.raw","gt_translate_keys":["label","repeater_field_label","quantity_label"],"price_dependency":false,"cl_dependency":false,"value":""}]]},"sec_h26231ri63":{"extra":{"key":"sec_h26231ri63","section_id":"sec_h26231ri63","name":"Vereinsname","status":1,"cl_rule":"show","enableCl":false,"relations":[],"toggle":true,"title_tag":"h4","show_title":false,"showPrice":"default","repeater_section_field_label":"{field_label}","repeater_section_label":"{section_name}","repeater_bind":"","form_id":19232,"form_rules":{"exclude_from_discount":false,"fee_label":"Geb\u00fchr","disp_hide_options_price":false,"disp_show_section_price":false,"disp_show_field_price":true,"layout_option":"standard","pric_use_as_fee":false,"process_fee_as":"woo_fee"},"layout_option":"standard"},"fields":[[{"active":true,"col":6,"relations":false,"cl_rule":"show","enableCl":false,"price":"5","enablePrice":true,"className":"","label_position":"default","desc_position":"default","type":"text","subtype":"text","required":false,"elementId":"text_6348912329","label":"Vereinsname","name":"text_6348912329","value":"","caseType":"default","isWeightTemplate":false,"error":false,"isTemplate":false,"min_quantity":"1","quantity_decimal":false,"quantity_step":"1","quantity_label":"Quantity","repeater_field_label":"{field_label}","repeater_bind":"","use_as_fee":true,"pricingType":"fixed","gt_translate_keys":["label","value","repeater_field_label","quantity_label"],"price_dependency":false,"cl_dependency":false}]]},"sec_h26231r2kx4":{"extra":{"key":"sec_h26231r2kx4","section_id":"sec_h26231r2kx4","name":"R\u00fcckennummer","status":1,"cl_rule":"show","enableCl":false,"relations":[],"toggle":true,"title_tag":"h4","show_title":false,"showPrice":"default","repeater_section_field_label":"{field_label}","repeater_section_label":"{section_name}","repeater_bind":"","form_id":19232,"form_rules":{"exclude_from_discount":false,"fee_label":"Geb\u00fchr","disp_hide_options_price":false,"disp_show_section_price":false,"disp_show_field_price":true,"layout_option":"standard","pric_use_as_fee":false,"process_fee_as":"woo_fee"},"layout_option":"standard"},"fields":[[{"active":true,"col":6,"relations":false,"cl_rule":"show","enableCl":false,"price":"5","enablePrice":true,"className":"","label_position":"default","desc_position":"default","type":"number","required":false,"elementId":"number_6416418739","label":"R\u00fcckennummer","name":"number_6416418739","value":"","isWeightTemplate":false,"error":false,"isTemplate":false,"min_quantity":"1","quantity_decimal":false,"quantity_step":"1","quantity_label":"Quantity","repeater_field_label":"{field_label}","repeater_bind":"","pricingType":"fixed","use_as_fee":true,"gt_translate_keys":["label","value","repeater_field_label","quantity_label"],"price_dependency":false,"cl_dependency":false}]]},"sec_h26231s1f92":{"extra":{"key":"sec_h26231s1f92","section_id":"sec_h26231s1f92","name":"Spielername","status":1,"cl_rule":"show","enableCl":false,"relations":[],"toggle":true,"title_tag":"h4","show_title":false,"showPrice":"default","repeater_section_field_label":"{field_label}","repeater_section_label":"{section_name}","repeater_bind":"","form_id":19232,"form_rules":{"exclude_from_discount":false,"fee_label":"Geb\u00fchr","disp_hide_options_price":false,"disp_show_section_price":false,"disp_show_field_price":true,"layout_option":"standard","pric_use_as_fee":false,"process_fee_as":"woo_fee"},"layout_option":"standard"},"fields":[[{"active":true,"col":6,"relations":false,"cl_rule":"show","enableCl":false,"price":"5","enablePrice":true,"className":"","label_position":"default","desc_position":"default","type":"text","subtype":"text","required":false,"elementId":"text_6467205971","label":"Spielername","name":"text_6467205971","value":"","caseType":"default","isWeightTemplate":false,"error":false,"isTemplate":false,"min_quantity":"1","quantity_decimal":false,"quantity_step":"1","quantity_label":"Quantity","repeater_field_label":"{field_label}","repeater_bind":"","pricingType":"fixed","use_as_fee":true,"gt_translate_keys":["label","value","repeater_field_label","quantity_label"],"price_dependency":false,"cl_dependency":false}]]}},"config":{"price_override":"","enable_recaptcha":false,"bind_quantity":false,"quantity_bind_formula":false,"disp_summ_show_option_price":true,"disp_summ_show_product_price":true,"disp_summ_show_total_price":true,"disp_summ_show_fee":false,"disp_summ_show_discount":false,"summary_title":"","options_total_label":"Optionspreis","total_label":"Gesamt","options_product_label":"Produktpreis","fee_label":"Geb\u00fchr","discount_label":"Rabatt","has_price":true,"has_quantity_formula":false},"mc_unit":1,"tax_rate":1,"tax_rate_real":0.19,"discount":{"percentage":0,"fixed":0},"design":{"conf":{"LabelPosition":"above","DescPosition":"above","UploadField":"custom_1","QuantityFieldStyle":"default"},"css":{"LeftLabelWidth":"120px"}},"formulas":[],"lookuptables":[],"clones":false,"cartKey":false}},"_links":{"self":[{"href":"https:\/\/prosocteamsport.com\/en\/wp-json\/wp\/v2\/product\/19223","targetHints":{"allow":["GET"]}}],"collection":[{"href":"https:\/\/prosocteamsport.com\/en\/wp-json\/wp\/v2\/product"}],"about":[{"href":"https:\/\/prosocteamsport.com\/en\/wp-json\/wp\/v2\/types\/product"}],"replies":[{"embeddable":true,"href":"https:\/\/prosocteamsport.com\/en\/wp-json\/wp\/v2\/comments?post=19223"}],"version-history":[{"count":3,"href":"https:\/\/prosocteamsport.com\/en\/wp-json\/wp\/v2\/product\/19223\/revisions"}],"predecessor-version":[{"id":19236,"href":"https:\/\/prosocteamsport.com\/en\/wp-json\/wp\/v2\/product\/19223\/revisions\/19236"}],"wp:featuredmedia":[{"embeddable":true,"href":"https:\/\/prosocteamsport.com\/en\/wp-json\/wp\/v2\/media\/19234"}],"wp:attachment":[{"href":"https:\/\/prosocteamsport.com\/en\/wp-json\/wp\/v2\/media?parent=19223"}],"wp:term":[{"taxonomy":"product_brand","embeddable":true,"href":"https:\/\/prosocteamsport.com\/en\/wp-json\/wp\/v2\/product_brand?post=19223"},{"taxonomy":"product_cat","embeddable":true,"href":"https:\/\/prosocteamsport.com\/en\/wp-json\/wp\/v2\/product_cat?post=19223"},{"taxonomy":"product_tag","embeddable":true,"href":"https:\/\/prosocteamsport.com\/en\/wp-json\/wp\/v2\/product_tag?post=19223"}],"curies":[{"name":"wp","href":"https:\/\/api.w.org\/{rel}","templated":true}]}}