{"id":19087,"date":"2026-04-22T16:45:23","date_gmt":"2026-04-22T14:45:23","guid":{"rendered":"https:\/\/prosocteamsport.com\/?post_type=product&#038;p=19087"},"modified":"2026-04-22T16:45:24","modified_gmt":"2026-04-22T14:45:24","slug":"training-iii-trainingstasche-schwarz","status":"publish","type":"product","link":"https:\/\/prosocteamsport.com\/en\/product\/training-iii-trainingstasche-schwarz\/","title":{"rendered":"Training III &#8211; Trainingstasche &#8211; Schwarz"},"content":{"rendered":"<p>Die Training III Sporttasche ist ein Produkt, das entwickelt wurde, um den Bed\u00fcrfnissen von Sportlern bei ihren k\u00f6rperlichen Aktivit\u00e4ten gerecht zu werden. Es ist unisex, was es sowohl f\u00fcr M\u00e4nner als auch f\u00fcr Frauen geeignet macht. Diese Tasche eignet sich ideal f\u00fcr jede Art von Sport, da sie \u00fcber ein Hauptfach mit Rei\u00dfverschluss verf\u00fcgt, was Sicherheit und Schutz f\u00fcr die im Inneren aufbewahrten Gegenst\u00e4nde bietet.<\/p>\n<p>Dar\u00fcber hinaus verf\u00fcgt die Training III Sporttasche \u00fcber extra sichere Taschen, ideal zum Aufbewahren von Wertsachen wie Schl\u00fcssel, Geldb\u00f6rsen oder Mobiltelefonen. Sie verf\u00fcgt auch \u00fcber ein Schuhfach, einen speziellen Raum zur bequemen Aufbewahrung und Transport von Sportschuhen getrennt von den anderen Gegenst\u00e4nden.<\/p>\n<p>Die Training III Sporttasche hat einen verstellbaren und abnehmbaren Schultergurt, der es erm\u00f6glicht, sie an die Bed\u00fcrfnisse und Vorlieben des Benutzers anzupassen. Dies macht sie sehr bequem zu tragen, sei es in der Hand oder \u00fcber der Schulter.<\/p>\n<p>Neben ihrer Langlebigkeit zeichnet sich die Training III Sporttasche durch ihre Praktikabilit\u00e4t und Organisation aus. Ihr interner Aufbau und die verschiedenen F\u00e4cher erm\u00f6glichen eine effiziente Verteilung der Gegenst\u00e4nde, erleichtern den Zugriff und verhindern ein Vermischen oder Besch\u00e4digen.<\/p>\n<p>Dieses Produkt besteht zu 100% aus Polyester, einem strapazierf\u00e4higen und leicht zu reinigenden Material. Die Training III Sporttasche ist die ideale Wahl f\u00fcr Sportler, die Qualit\u00e4t, Komfort und Funktionalit\u00e4t in einem Produkt suchen.<\/p>","protected":false},"excerpt":{"rendered":"<ul>\n<li class=\"opened\"><main>\n<ul class=\"double-column\">\n<li>Robuster Stoff<\/li>\n<li>Seitentasche<\/li>\n<li>Gepolsterte Griffe<\/li>\n<li>Abnehmbarer Gurt<\/li>\n<li>100% Polyester<\/li>\n<\/ul>\n<p><\/main><\/li>\n<\/ul>","protected":false},"featured_media":19088,"comment_status":"open","ping_status":"closed","template":"","meta":{"rank_math_lock_modified_date":false},"product_brand":[],"product_cat":[271],"product_tag":[],"class_list":{"0":"post-19087","1":"product","2":"type-product","3":"status-publish","4":"has-post-thumbnail","6":"product_cat-b-sports","8":"first","9":"instock","10":"taxable","11":"shipping-taxable","12":"purchasable","13":"product-type-variable"},"df_price":23.79,"df_sale_price":"","df_regular_price":23.79,"df_image_link":"https:\/\/prosocteamsport.com\/wp-content\/uploads\/2026\/04\/15-1-212x300.png","wcpa_form_fields":null,"_links":{"self":[{"href":"https:\/\/prosocteamsport.com\/en\/wp-json\/wp\/v2\/product\/19087","targetHints":{"allow":["GET"]}}],"collection":[{"href":"https:\/\/prosocteamsport.com\/en\/wp-json\/wp\/v2\/product"}],"about":[{"href":"https:\/\/prosocteamsport.com\/en\/wp-json\/wp\/v2\/types\/product"}],"replies":[{"embeddable":true,"href":"https:\/\/prosocteamsport.com\/en\/wp-json\/wp\/v2\/comments?post=19087"}],"version-history":[{"count":1,"href":"https:\/\/prosocteamsport.com\/en\/wp-json\/wp\/v2\/product\/19087\/revisions"}],"predecessor-version":[{"id":19093,"href":"https:\/\/prosocteamsport.com\/en\/wp-json\/wp\/v2\/product\/19087\/revisions\/19093"}],"wp:featuredmedia":[{"embeddable":true,"href":"https:\/\/prosocteamsport.com\/en\/wp-json\/wp\/v2\/media\/19088"}],"wp:attachment":[{"href":"https:\/\/prosocteamsport.com\/en\/wp-json\/wp\/v2\/media?parent=19087"}],"wp:term":[{"taxonomy":"product_brand","embeddable":true,"href":"https:\/\/prosocteamsport.com\/en\/wp-json\/wp\/v2\/product_brand?post=19087"},{"taxonomy":"product_cat","embeddable":true,"href":"https:\/\/prosocteamsport.com\/en\/wp-json\/wp\/v2\/product_cat?post=19087"},{"taxonomy":"product_tag","embeddable":true,"href":"https:\/\/prosocteamsport.com\/en\/wp-json\/wp\/v2\/product_tag?post=19087"}],"curies":[{"name":"wp","href":"https:\/\/api.w.org\/{rel}","templated":true}]}}