{"id":19068,"date":"2026-04-22T16:27:17","date_gmt":"2026-04-22T14:27:17","guid":{"rendered":"https:\/\/prosocteamsport.com\/?post_type=product&#038;p=19068"},"modified":"2026-04-22T16:27:18","modified_gmt":"2026-04-22T14:27:18","slug":"classic-stutzen-orange-schwarz","status":"publish","type":"product","link":"https:\/\/prosocteamsport.com\/en\/product\/classic-stutzen-orange-schwarz\/","title":{"rendered":"Classic &#8211; Stutzen &#8211; Orange\/Schwarz"},"content":{"rendered":"<p>Fu\u00dfballsocken. Hergestellt aus atmungsaktivem, flexiblem, elastischem Material, das dem Sportler maximale Frische, Trockenheit und Komfort bietet.<\/p>\n<p>Sie verf\u00fcgen \u00fcber atmungsaktive Eins\u00e4tze, die die Schwei\u00dfableitung erleichtern und die Haut w\u00e4hrend des Spiels frisch halten. Auch mit Rippenverst\u00e4rkungen im oberen Bereich, am Kn\u00f6chel und im Mittelfu\u00df, die zus\u00e4tzliche Unterst\u00fctzung bieten, die Passform verbessern und ein Verrutschen der Socken beim Bewegen verhindern.<\/p>\n<p>Hergestellt haupts\u00e4chlich aus Polyamid zusammen mit einem elastischen Bestandteil, bieten sie eine ideale Kombination aus Leichtigkeit, Haltbarkeit und Flexibilit\u00e4t und gew\u00e4hrleisten so optimale Leistung auf dem Spielfeld.<\/p>\n<p>Joma-Logo vorne.<\/p>","protected":false},"excerpt":{"rendered":"<ul>\n<li class=\"opened\"><main>\n<ul class=\"double-column\">\n<li>Elastischer Stoff<\/li>\n<li>Gurt zur Unterst\u00fctzung der Fu\u00dfw\u00f6lbung<\/li>\n<li>90% Polyamid, 10% Elastan<\/li>\n<\/ul>\n<p><\/main><\/li>\n<\/ul>","protected":false},"featured_media":19069,"comment_status":"open","ping_status":"closed","template":"","meta":{"rank_math_lock_modified_date":false},"product_brand":[],"product_cat":[271],"product_tag":[],"class_list":{"0":"post-19068","1":"product","2":"type-product","3":"status-publish","4":"has-post-thumbnail","6":"product_cat-b-sports","7":"wcpa_has_options","9":"first","10":"instock","11":"taxable","12":"shipping-taxable","13":"purchasable","14":"product-type-variable"},"df_price":6.99,"df_sale_price":"","df_regular_price":6.99,"df_image_link":"https:\/\/prosocteamsport.com\/wp-content\/uploads\/2026\/04\/20260211164550.401964.880_large-300x300.jpg","wcpa_form_fields":{"wcpaData":{"product":{"product_price":6.99,"price_html":"<span class=\"woocommerce-Price-amount amount\"><bdi>6,99&nbsp;<span class=\"woocommerce-Price-currencySymbol\">&euro;<\/span><\/bdi><\/span>","original_product_price":6.99,"price_including_tax":6.99,"price_excluding_tax":5.873950000000001,"product_id":{"parent":19068,"variation":false},"is_variable":true,"stock_status":"instock","stock_quantity":null,"parent_sku":"401964.880","product_attributes":{"groesse":{"is_variation":true,"values":[]}},"custom_fields":[],"is_taxable":true,"product_name":"Classic - Stutzen - Orange\/Schwarz","hasImage":false},"fields":{"sec_669e8ad936d463":{"extra":{"key":"sec_669e8ad936d463","section_id":"sec_669e8ad936d463","name":"Default","status":1,"cl_rule":"show","enableCl":false,"relations":[],"toggle":true,"title_tag":"h3","show_title":false,"showPrice":"default","form_id":19009,"form_rules":{"exclude_from_discount":false,"fee_label":"Geb\u00fchr","disp_hide_options_price":false,"disp_show_section_price":false,"disp_show_field_price":true,"layout_option":"standard","pric_use_as_fee":false,"process_fee_as":"woo_fee"},"layout_option":"standard"},"fields":[[{"active":true,"col":6,"relations":false,"cl_rule":"show","enableCl":false,"price":"","enablePrice":false,"className":"","label_position":"default","desc_position":"default","type":"select","required":false,"elementId":"select_8564677181","label":"Farbe","name":"select_8564677181","values":[{"label":"Orange","value":"Option - 1","selected":false,"tempId":"aco_323","gt_translate_keys":["label"]},{"label":"Schwarz","value":"Option - 2","selected":false,"tempId":"aco_324","gt_translate_keys":["label"]}],"isWeightTemplate":false,"error":false,"isTemplate":false,"min_quantity":"1","quantity_decimal":false,"quantity_step":"1","quantity_label":"Quantity","repeater_field_label":"{field_label}","repeater_bind":"","dropdown_type":"basic","gt_translate_keys":["label","repeater_field_label","quantity_label"],"price_dependency":false,"cl_dependency":false,"value":""}]]}},"config":{"price_override":"","enable_recaptcha":false,"bind_quantity":false,"quantity_bind_formula":false,"disp_summ_show_option_price":true,"disp_summ_show_product_price":true,"disp_summ_show_total_price":true,"disp_summ_show_fee":false,"disp_summ_show_discount":false,"summary_title":"","options_total_label":"Optionspreis","total_label":"Gesamt","options_product_label":"Produktpreis","fee_label":"Geb\u00fchr","discount_label":"Rabatt","has_price":true,"has_quantity_formula":false},"mc_unit":1,"tax_rate":1,"tax_rate_real":0.19,"discount":{"percentage":0,"fixed":0},"design":{"conf":{"LabelPosition":"above","DescPosition":"above","UploadField":"custom_1","QuantityFieldStyle":"default"},"css":{"LeftLabelWidth":"120px"}},"formulas":[],"lookuptables":[],"clones":false,"cartKey":false}},"_links":{"self":[{"href":"https:\/\/prosocteamsport.com\/en\/wp-json\/wp\/v2\/product\/19068","targetHints":{"allow":["GET"]}}],"collection":[{"href":"https:\/\/prosocteamsport.com\/en\/wp-json\/wp\/v2\/product"}],"about":[{"href":"https:\/\/prosocteamsport.com\/en\/wp-json\/wp\/v2\/types\/product"}],"replies":[{"embeddable":true,"href":"https:\/\/prosocteamsport.com\/en\/wp-json\/wp\/v2\/comments?post=19068"}],"version-history":[{"count":1,"href":"https:\/\/prosocteamsport.com\/en\/wp-json\/wp\/v2\/product\/19068\/revisions"}],"predecessor-version":[{"id":19086,"href":"https:\/\/prosocteamsport.com\/en\/wp-json\/wp\/v2\/product\/19068\/revisions\/19086"}],"wp:featuredmedia":[{"embeddable":true,"href":"https:\/\/prosocteamsport.com\/en\/wp-json\/wp\/v2\/media\/19069"}],"wp:attachment":[{"href":"https:\/\/prosocteamsport.com\/en\/wp-json\/wp\/v2\/media?parent=19068"}],"wp:term":[{"taxonomy":"product_brand","embeddable":true,"href":"https:\/\/prosocteamsport.com\/en\/wp-json\/wp\/v2\/product_brand?post=19068"},{"taxonomy":"product_cat","embeddable":true,"href":"https:\/\/prosocteamsport.com\/en\/wp-json\/wp\/v2\/product_cat?post=19068"},{"taxonomy":"product_tag","embeddable":true,"href":"https:\/\/prosocteamsport.com\/en\/wp-json\/wp\/v2\/product_tag?post=19068"}],"curies":[{"name":"wp","href":"https:\/\/api.w.org\/{rel}","templated":true}]}}