{"id":18953,"date":"2026-04-21T14:21:57","date_gmt":"2026-04-21T12:21:57","guid":{"rendered":"https:\/\/prosocteamsport.com\/?post_type=product&#038;p=18953"},"modified":"2026-04-21T14:21:57","modified_gmt":"2026-04-21T12:21:57","slug":"rain-regenjacke-blau-navy-djk-puettlingen","status":"publish","type":"product","link":"https:\/\/prosocteamsport.com\/en\/product\/rain-regenjacke-blau-navy-djk-puettlingen\/","title":{"rendered":"Rain &#8211; Regenjacke &#8211; Blau\/Navy &#8211; DJK P\u00fcttlingen"},"content":{"rendered":"<p>Unisex-Regenjacke. Modell f\u00fcr alle Altersgruppen. Es handelt sich um eine bequeme und praktische wasserdichte Jacke, die die Fortbewegung und sportliche Aktivit\u00e4ten bei kaltem, regnerischem oder windigem Wetter erleichtert. Sie bietet maximalen Schutz vor Wassereintritt, ohne auf die Schwei\u00dftranspiration zu verzichten.<\/p>\n<p>Enth\u00e4lt einen vollst\u00e4ndigen Rei\u00dfverschluss mit blockierbarem Schieber, der verhindert, dass der Rei\u00dfverschluss aufgeht und somit Wasser eindringt. Die selbstverstaubare Kapuze kann in der mit Rei\u00dfverschluss verschlossenen Tasche am Kragen versteckt werden. Es verf\u00fcgt auch \u00fcber Taschen zur sicheren Aufbewahrung kleiner Gegenst\u00e4nde, einstellbare \u00c4rmelb\u00fcndchen mit Gummizug f\u00fcr eine bessere Passform und um das Eindringen von Wasser oder K\u00e4lte zu verhindern.<\/p>\n<p>Hergestellt aus leichtem und wasserabweisendem Stoff. In den st\u00e4rker schwitzenden Bereichen ist die Micro-Mesh-Technologie integriert, um die Atmungsaktivit\u00e4t zu verbessern und die Bel\u00fcftung zu erh\u00f6hen, was dazu beitr\u00e4gt, die K\u00f6rpertemperatur zu regulieren und schlechte Ger\u00fcche zu vermeiden.<\/p>\n<p>Es hat ein einfaches und grundlegendes Design, das sich leicht mit jeder Kleidung kombinieren l\u00e4sst.<\/p>\n<p>Besticktes Joma-Logo.<\/p>","protected":false},"excerpt":{"rendered":"<ul class=\"double-column\">\n<li>Elastische Manschetten<\/li>\n<li>Kapuze<\/li>\n<li>Seitentaschen<\/li>\n<li>Leichter und wasserabweisender Stoff<\/li>\n<li>Vermindert schlechte Ger\u00fcche<\/li>\n<li>Inneres Mesh-Gewebe zur Optimierung der Atmungsaktivit\u00e4t<\/li>\n<li>Windbreakers<\/li>\n<li>Wasserdicht<\/li>\n<li>Passformtyp: regular<\/li>\n<li>100% Polyester<\/li>\n<\/ul>","protected":false},"featured_media":18954,"comment_status":"open","ping_status":"closed","template":"","meta":{"rank_math_lock_modified_date":false},"product_brand":[],"product_cat":[261,20],"product_tag":[],"class_list":{"0":"post-18953","1":"product","2":"type-product","3":"status-publish","4":"has-post-thumbnail","6":"product_cat-djk-puettlingen","7":"product_cat-vereinskollektionen","8":"wcpa_has_options","10":"first","11":"instock","12":"taxable","13":"shipping-taxable","14":"purchasable","15":"product-type-variable"},"df_price":24.09,"df_sale_price":"","df_regular_price":24.09,"df_image_link":"https:\/\/prosocteamsport.com\/wp-content\/uploads\/2026\/04\/149-212x300.png","wcpa_form_fields":{"wcpaData":{"product":{"product_price":24.09,"price_html":"<span class=\"woocommerce-Price-amount amount\"><bdi>24,09&nbsp;<span class=\"woocommerce-Price-currencySymbol\">&euro;<\/span><\/bdi><\/span> &ndash; <span class=\"woocommerce-Price-amount amount\"><bdi>26,19&nbsp;<span class=\"woocommerce-Price-currencySymbol\">&euro;<\/span><\/bdi><\/span>","original_product_price":24.09,"price_including_tax":24.09,"price_excluding_tax":20.243697,"product_id":{"parent":18953,"variation":false},"is_variable":true,"stock_status":"instock","stock_quantity":null,"parent_sku":"104796.700 - DJK","product_attributes":{"pa_groessen-deutsch":{"is_variation":true,"values":[]}},"custom_fields":[],"is_taxable":true,"product_name":"Rain - Regenjacke - Blau\/Navy - DJK P\u00fcttlingen","hasImage":false},"fields":{"sec_569e74b7062d0a":{"extra":{"key":"sec_569e74b7062d0a","section_id":"sec_569e74b7062d0a","name":"Default","status":1,"cl_rule":"show","enableCl":false,"relations":[],"toggle":true,"title_tag":"h3","show_title":false,"showPrice":"default","form_id":18773,"form_rules":{"exclude_from_discount":false,"fee_label":"Geb\u00fchr","disp_hide_options_price":false,"disp_show_section_price":false,"disp_show_field_price":true,"layout_option":"standard","pric_use_as_fee":false,"process_fee_as":"woo_fee"},"layout_option":"standard"},"fields":[[{"active":true,"col":6,"relations":false,"cl_rule":"show","enableCl":false,"price":"","enablePrice":false,"className":"","label_position":"default","desc_position":"default","type":"select","required":false,"elementId":"select_7658120201","label":"Farbe","name":"select_7658120201","values":[{"label":"Blau","value":"Option - 1","selected":false,"tempId":"aco_179","gt_translate_keys":["label"]},{"label":"Navy","value":"Option - 2","selected":false,"tempId":"aco_180","gt_translate_keys":["label"]}],"isWeightTemplate":false,"error":false,"isTemplate":false,"min_quantity":"1","quantity_decimal":false,"quantity_step":"1","quantity_label":"Quantity","repeater_field_label":"{field_label}","repeater_bind":"","dropdown_type":"basic","gt_translate_keys":["label","repeater_field_label","quantity_label"],"price_dependency":false,"cl_dependency":false,"value":""}]]},"sec_065a7cc80d9fcc":{"extra":{"key":"sec_065a7cc80d9fcc","section_id":"sec_065a7cc80d9fcc","name":"Default","status":1,"cl_rule":"show","enableCl":false,"relations":[],"toggle":true,"title_tag":"h3","show_title":false,"showPrice":"default","form_id":12174,"form_rules":{"exclude_from_discount":false,"fee_label":"Geb\u00fchr","disp_hide_options_price":false,"disp_show_section_price":false,"disp_show_field_price":true,"layout_option":"standard","pric_use_as_fee":false,"process_fee_as":"woo_fee"},"layout_option":"standard"},"fields":[[{"active":true,"col":6,"relations":false,"cl_rule":"show","enableCl":false,"price":"","enablePrice":false,"className":"","label_position":"default","desc_position":"default","type":"text","subtype":"text","required":false,"elementId":"text_4956840441","label":"Initialen","name":"text_4956840441","value":"","error":false,"gt_translate_keys":["label","value"],"price_dependency":false,"cl_dependency":false}]]}},"config":{"price_override":"","enable_recaptcha":false,"bind_quantity":false,"quantity_bind_formula":false,"disp_summ_show_option_price":true,"disp_summ_show_product_price":true,"disp_summ_show_total_price":true,"disp_summ_show_fee":false,"disp_summ_show_discount":false,"summary_title":"","options_total_label":"Optionspreis","total_label":"Gesamt","options_product_label":"Produktpreis","fee_label":"Geb\u00fchr","discount_label":"Rabatt","has_price":true,"has_quantity_formula":false},"mc_unit":1,"tax_rate":1,"tax_rate_real":0.19,"discount":{"percentage":0,"fixed":0},"design":{"conf":{"LabelPosition":"above","DescPosition":"above","UploadField":"custom_1","QuantityFieldStyle":"default"},"css":{"LeftLabelWidth":"120px"}},"formulas":[],"lookuptables":[],"clones":false,"cartKey":false}},"_links":{"self":[{"href":"https:\/\/prosocteamsport.com\/en\/wp-json\/wp\/v2\/product\/18953","targetHints":{"allow":["GET"]}}],"collection":[{"href":"https:\/\/prosocteamsport.com\/en\/wp-json\/wp\/v2\/product"}],"about":[{"href":"https:\/\/prosocteamsport.com\/en\/wp-json\/wp\/v2\/types\/product"}],"replies":[{"embeddable":true,"href":"https:\/\/prosocteamsport.com\/en\/wp-json\/wp\/v2\/comments?post=18953"}],"version-history":[{"count":2,"href":"https:\/\/prosocteamsport.com\/en\/wp-json\/wp\/v2\/product\/18953\/revisions"}],"predecessor-version":[{"id":18957,"href":"https:\/\/prosocteamsport.com\/en\/wp-json\/wp\/v2\/product\/18953\/revisions\/18957"}],"wp:featuredmedia":[{"embeddable":true,"href":"https:\/\/prosocteamsport.com\/en\/wp-json\/wp\/v2\/media\/18954"}],"wp:attachment":[{"href":"https:\/\/prosocteamsport.com\/en\/wp-json\/wp\/v2\/media?parent=18953"}],"wp:term":[{"taxonomy":"product_brand","embeddable":true,"href":"https:\/\/prosocteamsport.com\/en\/wp-json\/wp\/v2\/product_brand?post=18953"},{"taxonomy":"product_cat","embeddable":true,"href":"https:\/\/prosocteamsport.com\/en\/wp-json\/wp\/v2\/product_cat?post=18953"},{"taxonomy":"product_tag","embeddable":true,"href":"https:\/\/prosocteamsport.com\/en\/wp-json\/wp\/v2\/product_tag?post=18953"}],"curies":[{"name":"wp","href":"https:\/\/api.w.org\/{rel}","templated":true}]}}