{"id":18939,"date":"2026-04-21T14:08:08","date_gmt":"2026-04-21T12:08:08","guid":{"rendered":"https:\/\/prosocteamsport.com\/?post_type=product&#038;p=18939"},"modified":"2026-04-21T14:08:09","modified_gmt":"2026-04-21T12:08:09","slug":"trivor-ii-anorak-blau-fc-dahn","status":"publish","type":"product","link":"https:\/\/prosocteamsport.com\/en\/product\/trivor-ii-anorak-blau-fc-dahn\/","title":{"rendered":"Trivor II &#8211; Anorak &#8211; Blau &#8211; FC Dahn"},"content":{"rendered":"<p>Herrenmantel. Dieser bequeme Anorak, der f\u00fcr vielf\u00e4ltige Verwendungen wie sportliche Aktivit\u00e4ten oder den t\u00e4glichen Gebrauch bestimmt ist, zeichnet sich durch seinen Komfort und W\u00e4rme aus.<\/p>\n<p>Er verf\u00fcgt \u00fcber einen durchgehenden Rei\u00dfverschluss und eine abnehmbare Kapuze mit elastischer Verstellung und Klettverschluss. Er hat auch Rippb\u00fcndchen an den \u00c4rmelenden und Au\u00dfentaschen mit Rei\u00dfverschluss, ideal zum sicheren Verstauen kleiner pers\u00f6nlicher Gegenst\u00e4nde.<\/p>\n<p>Hergestellt aus warmem und wasserdichtem Stoff, zusammen mit einem gepolsterten Inneren f\u00fcr zus\u00e4tzliche W\u00e4rme und thermischen Schutz.<\/p>\n<p>Embroidered Joma logo.<\/p>","protected":false},"excerpt":{"rendered":"<ul class=\"double-column\">\n<li>Abnehmbare Kapuze<\/li>\n<li>Taschen mit Rei\u00dfverschluss<\/li>\n<li>Warmes, wasserabweisendes und gestepp\u00adtes Gewebe<\/li>\n<li>Passformtyp: regular<\/li>\n<li>100% Polyester<\/li>\n<\/ul>","protected":false},"featured_media":18940,"comment_status":"open","ping_status":"closed","template":"","meta":{"rank_math_lock_modified_date":false},"product_brand":[],"product_cat":[257],"product_tag":[],"class_list":{"0":"post-18939","1":"product","2":"type-product","3":"status-publish","4":"has-post-thumbnail","6":"product_cat-fc-dahn-1913","7":"wcpa_has_options","9":"first","10":"instock","11":"taxable","12":"shipping-taxable","13":"purchasable","14":"product-type-variable"},"df_price":55.59,"df_sale_price":"","df_regular_price":55.59,"df_image_link":"https:\/\/prosocteamsport.com\/wp-content\/uploads\/2026\/04\/53-1-212x300.png","wcpa_form_fields":{"wcpaData":{"product":{"product_price":55.59,"price_html":"<span class=\"woocommerce-Price-amount amount\"><bdi>55,59&nbsp;<span class=\"woocommerce-Price-currencySymbol\">&euro;<\/span><\/bdi><\/span> &ndash; <span class=\"woocommerce-Price-amount amount\"><bdi>56,99&nbsp;<span class=\"woocommerce-Price-currencySymbol\">&euro;<\/span><\/bdi><\/span>","original_product_price":55.59,"price_including_tax":55.59,"price_excluding_tax":46.714286,"product_id":{"parent":18939,"variation":false},"is_variable":true,"stock_status":"instock","stock_quantity":null,"parent_sku":"105298.700 - FCD","product_attributes":{"pa_groessen-deutsch":{"is_variation":true,"values":[]}},"custom_fields":[],"is_taxable":true,"product_name":"Trivor II - Anorak - Blau - FC Dahn","hasImage":false},"fields":{"sec_065a7cc80d9fcc":{"extra":{"key":"sec_065a7cc80d9fcc","section_id":"sec_065a7cc80d9fcc","name":"Default","status":1,"cl_rule":"show","enableCl":false,"relations":[],"toggle":true,"title_tag":"h3","show_title":false,"showPrice":"default","form_id":12174,"form_rules":{"exclude_from_discount":false,"fee_label":"Geb\u00fchr","disp_hide_options_price":false,"disp_show_section_price":false,"disp_show_field_price":true,"layout_option":"standard","pric_use_as_fee":false,"process_fee_as":"woo_fee"},"layout_option":"standard"},"fields":[[{"active":true,"col":6,"relations":false,"cl_rule":"show","enableCl":false,"price":"","enablePrice":false,"className":"","label_position":"default","desc_position":"default","type":"text","subtype":"text","required":false,"elementId":"text_4956840441","label":"Initialen","name":"text_4956840441","value":"","error":false,"gt_translate_keys":["label","value"],"price_dependency":false,"cl_dependency":false}]]}},"config":{"price_override":"","enable_recaptcha":false,"bind_quantity":false,"quantity_bind_formula":false,"disp_summ_show_option_price":true,"disp_summ_show_product_price":true,"disp_summ_show_total_price":true,"disp_summ_show_fee":false,"disp_summ_show_discount":false,"summary_title":"","options_total_label":"Optionspreis","total_label":"Gesamt","options_product_label":"Produktpreis","fee_label":"Geb\u00fchr","discount_label":"Rabatt","has_price":true,"has_quantity_formula":false},"mc_unit":1,"tax_rate":1,"tax_rate_real":0.19,"discount":{"percentage":0,"fixed":0},"design":{"conf":{"LabelPosition":"above","DescPosition":"above","UploadField":"custom_1","QuantityFieldStyle":"default"},"css":{"LeftLabelWidth":"120px"}},"formulas":[],"lookuptables":[],"clones":false,"cartKey":false}},"_links":{"self":[{"href":"https:\/\/prosocteamsport.com\/en\/wp-json\/wp\/v2\/product\/18939","targetHints":{"allow":["GET"]}}],"collection":[{"href":"https:\/\/prosocteamsport.com\/en\/wp-json\/wp\/v2\/product"}],"about":[{"href":"https:\/\/prosocteamsport.com\/en\/wp-json\/wp\/v2\/types\/product"}],"replies":[{"embeddable":true,"href":"https:\/\/prosocteamsport.com\/en\/wp-json\/wp\/v2\/comments?post=18939"}],"version-history":[{"count":1,"href":"https:\/\/prosocteamsport.com\/en\/wp-json\/wp\/v2\/product\/18939\/revisions"}],"predecessor-version":[{"id":18952,"href":"https:\/\/prosocteamsport.com\/en\/wp-json\/wp\/v2\/product\/18939\/revisions\/18952"}],"wp:featuredmedia":[{"embeddable":true,"href":"https:\/\/prosocteamsport.com\/en\/wp-json\/wp\/v2\/media\/18940"}],"wp:attachment":[{"href":"https:\/\/prosocteamsport.com\/en\/wp-json\/wp\/v2\/media?parent=18939"}],"wp:term":[{"taxonomy":"product_brand","embeddable":true,"href":"https:\/\/prosocteamsport.com\/en\/wp-json\/wp\/v2\/product_brand?post=18939"},{"taxonomy":"product_cat","embeddable":true,"href":"https:\/\/prosocteamsport.com\/en\/wp-json\/wp\/v2\/product_cat?post=18939"},{"taxonomy":"product_tag","embeddable":true,"href":"https:\/\/prosocteamsport.com\/en\/wp-json\/wp\/v2\/product_tag?post=18939"}],"curies":[{"name":"wp","href":"https:\/\/api.w.org\/{rel}","templated":true}]}}