{"id":18763,"date":"2026-04-21T11:42:07","date_gmt":"2026-04-21T09:42:07","guid":{"rendered":"https:\/\/prosocteamsport.com\/?post_type=product&#038;p=18763"},"modified":"2026-04-21T11:44:36","modified_gmt":"2026-04-21T09:44:36","slug":"brama-academy-thermo-shorts-blau-weiss","status":"publish","type":"product","link":"https:\/\/prosocteamsport.com\/en\/product\/brama-academy-thermo-shorts-blau-weiss\/","title":{"rendered":"Brama Academy &#8211; Thermo-Shorts &#8211; Blau\/Wei\u00df"},"content":{"rendered":"<p>Kurze Leggins, die dank ihrer wasserdichten und atmungsaktiven Eigenschaften bei allen Wetterbedingungen perfekten Schutz und Komfort bieten. Schwei\u00dffest, leicht, weich und flexibel. Bieten gro\u00dfe Bewegungsfreiheit, St\u00fctze und Komfort.<\/p>","protected":false},"excerpt":{"rendered":"<ul class=\"double-column\">\n<li>Elastischer und leichter Stoff<\/li>\n<li>Flache Flatlock-N\u00e4hte<\/li>\n<li>Bewegungsfreiheit<\/li>\n<li>Passformtyp: fitted<\/li>\n<li>90% Polyester, 10% Elastan<\/li>\n<\/ul>","protected":false},"featured_media":18764,"comment_status":"open","ping_status":"closed","template":"","meta":{"rank_math_lock_modified_date":false},"product_brand":[],"product_cat":[261,257,262],"product_tag":[],"class_list":{"0":"post-18763","1":"product","2":"type-product","3":"status-publish","4":"has-post-thumbnail","6":"product_cat-djk-puettlingen","7":"product_cat-fc-dahn-1913","8":"product_cat-sg-puettlingen","9":"wcpa_has_options","11":"first","12":"instock","13":"taxable","14":"shipping-taxable","15":"purchasable","16":"product-type-variable"},"df_price":18.19,"df_sale_price":"","df_regular_price":18.19,"df_image_link":"https:\/\/prosocteamsport.com\/wp-content\/uploads\/2026\/04\/51-212x300.png","wcpa_form_fields":{"wcpaData":{"product":{"product_price":18.19,"price_html":"<span class=\"woocommerce-Price-amount amount\"><bdi>18,19&nbsp;<span class=\"woocommerce-Price-currencySymbol\">&euro;<\/span><\/bdi><\/span>","original_product_price":18.19,"price_including_tax":18.19,"price_excluding_tax":15.285714000000002,"product_id":{"parent":18763,"variation":false},"is_variable":true,"stock_status":"instock","stock_quantity":null,"parent_sku":"101017. - B\/W","product_attributes":{"groesse":{"is_variation":true,"values":[]}},"custom_fields":[],"is_taxable":true,"product_name":"Brama Academy - Thermo-Shorts - Blau\/Wei\u00df","hasImage":false},"fields":{"sec_869e73fcf26144":{"extra":{"key":"sec_869e73fcf26144","section_id":"sec_869e73fcf26144","name":"Default","status":1,"cl_rule":"show","enableCl":false,"relations":[],"toggle":true,"title_tag":"h3","show_title":false,"showPrice":"default","form_id":18755,"form_rules":{"exclude_from_discount":false,"fee_label":"Geb\u00fchr","disp_hide_options_price":false,"disp_show_section_price":false,"disp_show_field_price":true,"layout_option":"standard","pric_use_as_fee":false,"process_fee_as":"woo_fee"},"layout_option":"standard"},"fields":[[{"active":true,"col":6,"relations":false,"cl_rule":"show","enableCl":false,"price":"","enablePrice":false,"className":"","label_position":"default","desc_position":"default","type":"select","required":false,"elementId":"select_7628656911","label":"Farbe","name":"select_7628656911","values":[{"label":"Blau","value":"Option - 1","selected":false,"tempId":"aco_227","gt_translate_keys":["label"]},{"label":"Wei\u00df","value":"Option - 2","selected":false,"tempId":"aco_228","gt_translate_keys":["label"]}],"isWeightTemplate":false,"error":false,"isTemplate":false,"min_quantity":"1","quantity_decimal":false,"quantity_step":"1","quantity_label":"Quantity","repeater_field_label":"{field_label}","repeater_bind":"","dropdown_type":"basic","gt_translate_keys":["label","repeater_field_label","quantity_label"],"price_dependency":false,"cl_dependency":false,"value":""}]]}},"config":{"price_override":"","enable_recaptcha":false,"bind_quantity":false,"quantity_bind_formula":false,"disp_summ_show_option_price":true,"disp_summ_show_product_price":true,"disp_summ_show_total_price":true,"disp_summ_show_fee":false,"disp_summ_show_discount":false,"summary_title":"","options_total_label":"Optionspreis","total_label":"Gesamt","options_product_label":"Produktpreis","fee_label":"Geb\u00fchr","discount_label":"Rabatt","has_price":true,"has_quantity_formula":false},"mc_unit":1,"tax_rate":1,"tax_rate_real":0.19,"discount":{"percentage":0,"fixed":0},"design":{"conf":{"LabelPosition":"above","DescPosition":"above","UploadField":"custom_1","QuantityFieldStyle":"default"},"css":{"LeftLabelWidth":"120px"}},"formulas":[],"lookuptables":[],"clones":false,"cartKey":false}},"_links":{"self":[{"href":"https:\/\/prosocteamsport.com\/en\/wp-json\/wp\/v2\/product\/18763","targetHints":{"allow":["GET"]}}],"collection":[{"href":"https:\/\/prosocteamsport.com\/en\/wp-json\/wp\/v2\/product"}],"about":[{"href":"https:\/\/prosocteamsport.com\/en\/wp-json\/wp\/v2\/types\/product"}],"replies":[{"embeddable":true,"href":"https:\/\/prosocteamsport.com\/en\/wp-json\/wp\/v2\/comments?post=18763"}],"version-history":[{"count":1,"href":"https:\/\/prosocteamsport.com\/en\/wp-json\/wp\/v2\/product\/18763\/revisions"}],"predecessor-version":[{"id":18769,"href":"https:\/\/prosocteamsport.com\/en\/wp-json\/wp\/v2\/product\/18763\/revisions\/18769"}],"wp:featuredmedia":[{"embeddable":true,"href":"https:\/\/prosocteamsport.com\/en\/wp-json\/wp\/v2\/media\/18764"}],"wp:attachment":[{"href":"https:\/\/prosocteamsport.com\/en\/wp-json\/wp\/v2\/media?parent=18763"}],"wp:term":[{"taxonomy":"product_brand","embeddable":true,"href":"https:\/\/prosocteamsport.com\/en\/wp-json\/wp\/v2\/product_brand?post=18763"},{"taxonomy":"product_cat","embeddable":true,"href":"https:\/\/prosocteamsport.com\/en\/wp-json\/wp\/v2\/product_cat?post=18763"},{"taxonomy":"product_tag","embeddable":true,"href":"https:\/\/prosocteamsport.com\/en\/wp-json\/wp\/v2\/product_tag?post=18763"}],"curies":[{"name":"wp","href":"https:\/\/api.w.org\/{rel}","templated":true}]}}