{"id":18752,"date":"2026-04-21T11:22:59","date_gmt":"2026-04-21T09:22:59","guid":{"rendered":"https:\/\/prosocteamsport.com\/?post_type=product&#038;p=18752"},"modified":"2026-04-21T11:23:00","modified_gmt":"2026-04-21T09:23:00","slug":"brama-classic-thermo-shirt-weiss-blau","status":"publish","type":"product","link":"https:\/\/prosocteamsport.com\/en\/product\/brama-classic-thermo-shirt-weiss-blau\/","title":{"rendered":"Brama Classic &#8211; Thermo-Shirt &#8211; Wei\u00df\/Blau"},"content":{"rendered":"<p>Thermisches T-Shirt mit geschlossenem Hals und langen \u00c4rmeln mit Daumen\u00f6ffnung f\u00fcr optimale Passform. Es hat keine N\u00e4hte, um Reibung zu ermeiden. Design mit Jacquard zur Erh\u00f6hung der Atmungsaktiit\u00e4t. Es bietet perfekten Schutz und Komfort dank seiner wasserdichten und atmungsaktien Eigenschaften gegen alle Wetterbedingungen. Schwei\u00dfresistent, leicht, weich und flexibel. Es zeichnet sich durch gro\u00dfe Bewegungsfreiheit sowie durch Unterst\u00fctzung und Komfort aus.<\/p>","protected":false},"excerpt":{"rendered":"<ul class=\"double-column\">\n<li>Perkins-Kragen<\/li>\n<li>Elastischer und atmungsaktiver Stoff<\/li>\n<li>Ohne N\u00e4hte<\/li>\n<li>Bewegungsfreiheit<\/li>\n<li>Wasserdicht<\/li>\n<li>Passformtyp: fitted<\/li>\n<li>92% Polyamid, 8% Elastan<\/li>\n<\/ul>","protected":false},"featured_media":18753,"comment_status":"open","ping_status":"closed","template":"","meta":{"rank_math_lock_modified_date":false},"product_brand":[],"product_cat":[261,257,262],"product_tag":[],"class_list":{"0":"post-18752","1":"product","2":"type-product","3":"status-publish","4":"has-post-thumbnail","6":"product_cat-djk-puettlingen","7":"product_cat-fc-dahn-1913","8":"product_cat-sg-puettlingen","9":"wcpa_has_options","11":"first","12":"instock","13":"taxable","14":"shipping-taxable","15":"purchasable","16":"product-type-variable"},"df_price":25.89,"df_sale_price":"","df_regular_price":25.89,"df_image_link":"https:\/\/prosocteamsport.com\/wp-content\/uploads\/2026\/04\/48-212x300.png","wcpa_form_fields":{"wcpaData":{"product":{"product_price":25.89,"price_html":"<span class=\"woocommerce-Price-amount amount\"><bdi>25,89&nbsp;<span class=\"woocommerce-Price-currencySymbol\">&euro;<\/span><\/bdi><\/span> &ndash; <span class=\"woocommerce-Price-amount amount\"><bdi>26,59&nbsp;<span class=\"woocommerce-Price-currencySymbol\">&euro;<\/span><\/bdi><\/span>","original_product_price":25.89,"price_including_tax":25.89,"price_excluding_tax":21.756303000000003,"product_id":{"parent":18752,"variation":false},"is_variable":true,"stock_status":"instock","stock_quantity":null,"parent_sku":"101650. - B\/W","product_attributes":{"groesse":{"is_variation":true,"values":[]}},"custom_fields":[],"is_taxable":true,"product_name":"Brama Classic - Thermo-Shirt - Wei\u00df\/Blau","hasImage":false},"fields":{"sec_869e73fcf26144":{"extra":{"key":"sec_869e73fcf26144","section_id":"sec_869e73fcf26144","name":"Default","status":1,"cl_rule":"show","enableCl":false,"relations":[],"toggle":true,"title_tag":"h3","show_title":false,"showPrice":"default","form_id":18755,"form_rules":{"exclude_from_discount":false,"fee_label":"Fee","disp_hide_options_price":false,"disp_show_section_price":false,"disp_show_field_price":true,"layout_option":"standard","pric_use_as_fee":false,"process_fee_as":"woo_fee"},"layout_option":"standard"},"fields":[[{"active":true,"col":6,"relations":false,"cl_rule":"show","enableCl":false,"price":"","enablePrice":false,"className":"","label_position":"default","desc_position":"default","type":"select","required":false,"elementId":"select_7628656911","label":"Farbe","name":"select_7628656911","values":[{"label":"Blau","value":"Option - 1","selected":false,"tempId":"aco_227","gt_translate_keys":["label"]},{"label":"Wei\u00df","value":"Option - 2","selected":false,"tempId":"aco_228","gt_translate_keys":["label"]}],"isWeightTemplate":false,"error":false,"isTemplate":false,"min_quantity":"1","quantity_decimal":false,"quantity_step":"1","quantity_label":"Quantity","repeater_field_label":"{field_label}","repeater_bind":"","dropdown_type":"basic","gt_translate_keys":["label","repeater_field_label","quantity_label"],"price_dependency":false,"cl_dependency":false,"value":""}]]}},"config":{"price_override":"","enable_recaptcha":false,"bind_quantity":false,"quantity_bind_formula":false,"disp_summ_show_option_price":true,"disp_summ_show_product_price":true,"disp_summ_show_total_price":true,"disp_summ_show_fee":false,"disp_summ_show_discount":false,"summary_title":"","options_total_label":"Options Price","total_label":"Total","options_product_label":"Product Price","fee_label":"Fee","discount_label":"Discount","has_price":true,"has_quantity_formula":false},"mc_unit":1,"tax_rate":1,"tax_rate_real":0.19,"discount":{"percentage":0,"fixed":0},"design":{"conf":{"LabelPosition":"above","DescPosition":"above","UploadField":"custom_1","QuantityFieldStyle":"default"},"css":{"LeftLabelWidth":"120px"}},"formulas":[],"lookuptables":[],"clones":false,"cartKey":false}},"_links":{"self":[{"href":"https:\/\/prosocteamsport.com\/en\/wp-json\/wp\/v2\/product\/18752","targetHints":{"allow":["GET"]}}],"collection":[{"href":"https:\/\/prosocteamsport.com\/en\/wp-json\/wp\/v2\/product"}],"about":[{"href":"https:\/\/prosocteamsport.com\/en\/wp-json\/wp\/v2\/types\/product"}],"replies":[{"embeddable":true,"href":"https:\/\/prosocteamsport.com\/en\/wp-json\/wp\/v2\/comments?post=18752"}],"version-history":[{"count":2,"href":"https:\/\/prosocteamsport.com\/en\/wp-json\/wp\/v2\/product\/18752\/revisions"}],"predecessor-version":[{"id":18762,"href":"https:\/\/prosocteamsport.com\/en\/wp-json\/wp\/v2\/product\/18752\/revisions\/18762"}],"wp:featuredmedia":[{"embeddable":true,"href":"https:\/\/prosocteamsport.com\/en\/wp-json\/wp\/v2\/media\/18753"}],"wp:attachment":[{"href":"https:\/\/prosocteamsport.com\/en\/wp-json\/wp\/v2\/media?parent=18752"}],"wp:term":[{"taxonomy":"product_brand","embeddable":true,"href":"https:\/\/prosocteamsport.com\/en\/wp-json\/wp\/v2\/product_brand?post=18752"},{"taxonomy":"product_cat","embeddable":true,"href":"https:\/\/prosocteamsport.com\/en\/wp-json\/wp\/v2\/product_cat?post=18752"},{"taxonomy":"product_tag","embeddable":true,"href":"https:\/\/prosocteamsport.com\/en\/wp-json\/wp\/v2\/product_tag?post=18752"}],"curies":[{"name":"wp","href":"https:\/\/api.w.org\/{rel}","templated":true}]}}