{"id":18734,"date":"2026-04-20T11:31:35","date_gmt":"2026-04-20T09:31:35","guid":{"rendered":"https:\/\/prosocteamsport.com\/?post_type=product&#038;p=18734"},"modified":"2026-04-20T11:31:53","modified_gmt":"2026-04-20T09:31:53","slug":"urban-v-bomberjacke-schwarz-rot-fv-07-diefflen","status":"publish","type":"product","link":"https:\/\/prosocteamsport.com\/en\/product\/urban-v-bomberjacke-schwarz-rot-fv-07-diefflen\/","title":{"rendered":"Urban V &#8211; Bomberjacke &#8211; Schwarz-Rot &#8211; FV 07 Diefflen"},"content":{"rendered":"<p>Gepolsterte Jacke f\u00fcr Herren. Diese bequeme Jacke, die f\u00fcr vielf\u00e4ltige Zwecke wie sportliche Aktivit\u00e4ten oder den t\u00e4glichen Gebrauch bestimmt ist, zeichnet sich durch ihre superleichte und warme Eigenschaft aus.<\/p>\n<p>Sie verf\u00fcgt \u00fcber eine Kapuze mit einem elastischen Band f\u00fcr eine einfache Anpassung. Au\u00dferdem hat sie einen Rei\u00dfverschluss, zwei Au\u00dfentaschen mit unsichtbarem Rei\u00dfverschluss und elastische B\u00fcndchen und Saum. Die sicheren Taschen sind ideal zum Verstauen kleiner pers\u00f6nlicher Gegenst\u00e4nde.<\/p>\n<p>Diese Jacke ist aus sehr leichtem gestepptem Stoff gefertigt, der die K\u00f6rpertemperatur konstant h\u00e4lt und dem Sportler Komfort bietet. Ihr Volumen w\u00e4rmt, ohne zus\u00e4tzliches Gewicht zu verleihen. F\u00fcr mehr Komfort ist die Jacke mit einem Schutzband am Kinn ausgestattet, um Reibung oder Irritationen zu vermeiden.<\/p>\n<p>Besticktes Joma-Logo.<\/p>","protected":false},"excerpt":{"rendered":"<ul class=\"double-column\">\n<li>Elastische B\u00fcndchen und Saum<\/li>\n<li>Kapuze<\/li>\n<li>Komfortabler und w\u00e4rmender Stoff<\/li>\n<li>Passformtyp: regular<\/li>\n<li>Hauptgewebe 100% Nylon \/ Innenfutter 100% Polyester<\/li>\n<\/ul>","protected":false},"featured_media":18735,"comment_status":"open","ping_status":"closed","template":"","meta":{"rank_math_lock_modified_date":false},"product_brand":[],"product_cat":[194,20],"product_tag":[],"class_list":{"0":"post-18734","1":"product","2":"type-product","3":"status-publish","4":"has-post-thumbnail","6":"product_cat-fv07diefflen","7":"product_cat-vereinskollektionen","8":"wcpa_has_options","10":"first","11":"instock","12":"taxable","13":"shipping-taxable","14":"purchasable","15":"product-type-variable"},"df_price":64.69,"df_sale_price":"","df_regular_price":64.69,"df_image_link":"https:\/\/prosocteamsport.com\/wp-content\/uploads\/2026\/04\/32-212x300.png","wcpa_form_fields":{"wcpaData":{"product":{"product_price":64.69,"price_html":"<span class=\"woocommerce-Price-amount amount\"><bdi>64,69&nbsp;<span class=\"woocommerce-Price-currencySymbol\">&euro;<\/span><\/bdi><\/span> &ndash; <span class=\"woocommerce-Price-amount amount\"><bdi>65,39&nbsp;<span class=\"woocommerce-Price-currencySymbol\">&euro;<\/span><\/bdi><\/span>","original_product_price":64.69,"price_including_tax":64.69,"price_excluding_tax":54.361345,"product_id":{"parent":18734,"variation":false},"is_variable":true,"stock_status":"instock","stock_quantity":null,"parent_sku":"103796.106 - FVD","product_attributes":{"pa_groessen-deutsch":{"is_variation":true,"values":[]}},"custom_fields":[],"is_taxable":true,"product_name":"Urban V - Bomberjacke - Schwarz-Rot - FV 07 Diefflen","hasImage":false},"fields":{"sec_065a7cc80d9fcc":{"extra":{"key":"sec_065a7cc80d9fcc","section_id":"sec_065a7cc80d9fcc","name":"Default","status":1,"cl_rule":"show","enableCl":false,"relations":[],"toggle":true,"title_tag":"h3","show_title":false,"showPrice":"default","form_id":12174,"form_rules":{"exclude_from_discount":false,"fee_label":"Fee","disp_hide_options_price":false,"disp_show_section_price":false,"disp_show_field_price":true,"layout_option":"standard","pric_use_as_fee":false,"process_fee_as":"woo_fee"},"layout_option":"standard"},"fields":[[{"active":true,"col":6,"relations":false,"cl_rule":"show","enableCl":false,"price":"","enablePrice":false,"className":"","label_position":"default","desc_position":"default","type":"text","subtype":"text","required":false,"elementId":"text_4956840441","label":"Initialen","name":"text_4956840441","value":"","error":false,"gt_translate_keys":["label","value"],"price_dependency":false,"cl_dependency":false}]]}},"config":{"price_override":"","enable_recaptcha":false,"bind_quantity":false,"quantity_bind_formula":false,"disp_summ_show_option_price":true,"disp_summ_show_product_price":true,"disp_summ_show_total_price":true,"disp_summ_show_fee":false,"disp_summ_show_discount":false,"summary_title":"","options_total_label":"Options Price","total_label":"Total","options_product_label":"Product Price","fee_label":"Fee","discount_label":"Discount","has_price":true,"has_quantity_formula":false},"mc_unit":1,"tax_rate":1,"tax_rate_real":0.19,"discount":{"percentage":0,"fixed":0},"design":{"conf":{"LabelPosition":"above","DescPosition":"above","UploadField":"custom_1","QuantityFieldStyle":"default"},"css":{"LeftLabelWidth":"120px"}},"formulas":[],"lookuptables":[],"clones":false,"cartKey":false}},"_links":{"self":[{"href":"https:\/\/prosocteamsport.com\/en\/wp-json\/wp\/v2\/product\/18734","targetHints":{"allow":["GET"]}}],"collection":[{"href":"https:\/\/prosocteamsport.com\/en\/wp-json\/wp\/v2\/product"}],"about":[{"href":"https:\/\/prosocteamsport.com\/en\/wp-json\/wp\/v2\/types\/product"}],"replies":[{"embeddable":true,"href":"https:\/\/prosocteamsport.com\/en\/wp-json\/wp\/v2\/comments?post=18734"}],"version-history":[{"count":1,"href":"https:\/\/prosocteamsport.com\/en\/wp-json\/wp\/v2\/product\/18734\/revisions"}],"predecessor-version":[{"id":18747,"href":"https:\/\/prosocteamsport.com\/en\/wp-json\/wp\/v2\/product\/18734\/revisions\/18747"}],"wp:featuredmedia":[{"embeddable":true,"href":"https:\/\/prosocteamsport.com\/en\/wp-json\/wp\/v2\/media\/18735"}],"wp:attachment":[{"href":"https:\/\/prosocteamsport.com\/en\/wp-json\/wp\/v2\/media?parent=18734"}],"wp:term":[{"taxonomy":"product_brand","embeddable":true,"href":"https:\/\/prosocteamsport.com\/en\/wp-json\/wp\/v2\/product_brand?post=18734"},{"taxonomy":"product_cat","embeddable":true,"href":"https:\/\/prosocteamsport.com\/en\/wp-json\/wp\/v2\/product_cat?post=18734"},{"taxonomy":"product_tag","embeddable":true,"href":"https:\/\/prosocteamsport.com\/en\/wp-json\/wp\/v2\/product_tag?post=18734"}],"curies":[{"name":"wp","href":"https:\/\/api.w.org\/{rel}","templated":true}]}}