{"id":18538,"date":"2026-04-09T10:54:53","date_gmt":"2026-04-09T08:54:53","guid":{"rendered":"https:\/\/prosocteamsport.com\/?post_type=product&#038;p=18538"},"modified":"2026-04-10T12:18:50","modified_gmt":"2026-04-10T10:18:50","slug":"combi-premium-hoodie-bordeaux-rot","status":"publish","type":"product","link":"https:\/\/prosocteamsport.com\/en\/product\/combi-premium-hoodie-bordeaux-rot\/","title":{"rendered":"Combi Premium &#8211; Hoodie &#8211; Bordeaux Rot &#8211; DJK St. Ingbert"},"content":{"rendered":"<p>Kapuzenpullover f\u00fcr M\u00e4nner, perfekt f\u00fcr den Alltag oder kalte Trainingstage. Sein modernes und funktionales Design bietet die ideale Balance zwischen Stil und Komfort und passt zu jedem l\u00e4ssigen oder sportlichen Look.<\/p>\n<p>Verf\u00fcgt \u00fcber eine verstellbare Kapuze mit flachen Kordeln f\u00fcr eine individuelle Passform und zus\u00e4tzlichen K\u00e4lteschutz. Mit einer K\u00e4ngurutasche f\u00fcr mehr Praktikabilit\u00e4t, Raglan\u00e4rmeln f\u00fcr bessere Beweglichkeit und Rippenabschl\u00fcssen an B\u00fcndchen und Saum f\u00fcr eine optimale Passform.<\/p>\n<p>Hergestellt aus hochwertigem Fleece-Gewebe, das an kalten Tagen Komfort bietet. Seine angenehme Haptik und seine F\u00e4higkeit, W\u00e4rme zu speichern, machen es zu einem unverzichtbaren Kleidungsst\u00fcck f\u00fcr den Winter.<\/p>\n<p>*In den Juniorgr\u00f6\u00dfen sind keine Kordeln enthalten.<\/p>\n<p>Besticktes Joma-Logo.<\/p>","protected":false},"excerpt":{"rendered":"<ul>\n<li class=\"opened\"><main>\n<ul class=\"double-column\">\n<li>Raglan\u00e4rmel Manga&#8221;<\/li>\n<li>Gerippte B\u00fcndchen und Saum<\/li>\n<li>Kapuze mit flachen Kordelz\u00fcgen<\/li>\n<li>K\u00e4ngurutasche<\/li>\n<li>Weiches und komfortables Gewebe mit Fleece im Inneren<\/li>\n<li>Passformtyp: regular<\/li>\n<li>100% Polyester<\/li>\n<\/ul>\n<p>&nbsp;<\/p>\n<p>&nbsp;<\/p>\n<p><\/main><\/li>\n<\/ul>","protected":false},"featured_media":18586,"comment_status":"open","ping_status":"closed","template":"","meta":{"rank_math_lock_modified_date":false},"product_brand":[],"product_cat":[178],"product_tag":[],"class_list":{"0":"post-18538","1":"product","2":"type-product","3":"status-publish","4":"has-post-thumbnail","6":"product_cat-djk-st-ingbert","7":"wcpa_has_options","9":"first","10":"instock","11":"taxable","12":"shipping-taxable","13":"purchasable","14":"product-type-variable"},"df_price":39.49,"df_sale_price":"","df_regular_price":39.49,"df_image_link":"https:\/\/prosocteamsport.com\/wp-content\/uploads\/2026\/04\/14-212x300.png","wcpa_form_fields":{"wcpaData":{"product":{"product_price":39.49,"price_html":"<span class=\"woocommerce-Price-amount amount\"><bdi>39,49&nbsp;<span class=\"woocommerce-Price-currencySymbol\">&euro;<\/span><\/bdi><\/span> &ndash; <span class=\"woocommerce-Price-amount amount\"><bdi>40,19&nbsp;<span class=\"woocommerce-Price-currencySymbol\">&euro;<\/span><\/bdi><\/span>","original_product_price":39.49,"price_including_tax":39.49,"price_excluding_tax":33.184874,"product_id":{"parent":18538,"variation":false},"is_variable":true,"stock_status":"instock","stock_quantity":null,"parent_sku":"104495.672 - DJK","product_attributes":{"pa_groessen-deutsch":{"is_variation":true,"values":[]}},"custom_fields":[],"is_taxable":true,"product_name":"Combi Premium - Hoodie - Bordeaux Rot - DJK St. Ingbert","hasImage":false},"fields":{"sec_065a7cc80d9fcc":{"extra":{"key":"sec_065a7cc80d9fcc","section_id":"sec_065a7cc80d9fcc","name":"Default","status":1,"cl_rule":"show","enableCl":false,"relations":[],"toggle":true,"title_tag":"h3","show_title":false,"showPrice":"default","form_id":12174,"form_rules":{"exclude_from_discount":false,"fee_label":"Geb\u00fchr","disp_hide_options_price":false,"disp_show_section_price":false,"disp_show_field_price":true,"layout_option":"standard","pric_use_as_fee":false,"process_fee_as":"woo_fee"},"layout_option":"standard"},"fields":[[{"active":true,"col":6,"relations":false,"cl_rule":"show","enableCl":false,"price":"","enablePrice":false,"className":"","label_position":"default","desc_position":"default","type":"text","subtype":"text","required":false,"elementId":"text_4956840441","label":"Initialen","name":"text_4956840441","value":"","error":false,"gt_translate_keys":["label","value"],"price_dependency":false,"cl_dependency":false}]]}},"config":{"price_override":"","enable_recaptcha":false,"bind_quantity":false,"quantity_bind_formula":false,"disp_summ_show_option_price":true,"disp_summ_show_product_price":true,"disp_summ_show_total_price":true,"disp_summ_show_fee":false,"disp_summ_show_discount":false,"summary_title":"","options_total_label":"Optionspreis","total_label":"Gesamt","options_product_label":"Produktpreis","fee_label":"Geb\u00fchr","discount_label":"Rabatt","has_price":true,"has_quantity_formula":false},"mc_unit":1,"tax_rate":1,"tax_rate_real":0.19,"discount":{"percentage":0,"fixed":0},"design":{"conf":{"LabelPosition":"above","DescPosition":"above","UploadField":"custom_1","QuantityFieldStyle":"default"},"css":{"LeftLabelWidth":"120px"}},"formulas":[],"lookuptables":[],"clones":false,"cartKey":false}},"_links":{"self":[{"href":"https:\/\/prosocteamsport.com\/en\/wp-json\/wp\/v2\/product\/18538","targetHints":{"allow":["GET"]}}],"collection":[{"href":"https:\/\/prosocteamsport.com\/en\/wp-json\/wp\/v2\/product"}],"about":[{"href":"https:\/\/prosocteamsport.com\/en\/wp-json\/wp\/v2\/types\/product"}],"replies":[{"embeddable":true,"href":"https:\/\/prosocteamsport.com\/en\/wp-json\/wp\/v2\/comments?post=18538"}],"version-history":[{"count":4,"href":"https:\/\/prosocteamsport.com\/en\/wp-json\/wp\/v2\/product\/18538\/revisions"}],"predecessor-version":[{"id":18662,"href":"https:\/\/prosocteamsport.com\/en\/wp-json\/wp\/v2\/product\/18538\/revisions\/18662"}],"wp:featuredmedia":[{"embeddable":true,"href":"https:\/\/prosocteamsport.com\/en\/wp-json\/wp\/v2\/media\/18586"}],"wp:attachment":[{"href":"https:\/\/prosocteamsport.com\/en\/wp-json\/wp\/v2\/media?parent=18538"}],"wp:term":[{"taxonomy":"product_brand","embeddable":true,"href":"https:\/\/prosocteamsport.com\/en\/wp-json\/wp\/v2\/product_brand?post=18538"},{"taxonomy":"product_cat","embeddable":true,"href":"https:\/\/prosocteamsport.com\/en\/wp-json\/wp\/v2\/product_cat?post=18538"},{"taxonomy":"product_tag","embeddable":true,"href":"https:\/\/prosocteamsport.com\/en\/wp-json\/wp\/v2\/product_tag?post=18538"}],"curies":[{"name":"wp","href":"https:\/\/api.w.org\/{rel}","templated":true}]}}