{"id":18524,"date":"2026-04-09T10:56:48","date_gmt":"2026-04-09T08:56:48","guid":{"rendered":"https:\/\/prosocteamsport.com\/?post_type=product&#038;p=18524"},"modified":"2026-04-10T12:18:14","modified_gmt":"2026-04-10T10:18:14","slug":"combi-premium-trainingszipper-schwarz-2","status":"publish","type":"product","link":"https:\/\/prosocteamsport.com\/en\/product\/combi-premium-trainingszipper-schwarz-2\/","title":{"rendered":"Combi Premium &#8211; Trainingszipper &#8211; Schwarz &#8211; DJK St. Ingbert"},"content":{"rendered":"<p>Herren-Sweatshirt, entworfen mit einem halben Rei\u00dfverschluss und hohem Kragen, ist ein ideales Kleidungsst\u00fcck, um Sie w\u00e4hrend sportlicher oder Freizeitaktivit\u00e4ten bequem und warm zu halten.<\/p>\n<p>Die Rippb\u00fcndchen an den \u00c4rmeln und am Saum sorgen f\u00fcr eine perfekte Passform, helfen dabei, die K\u00f6rpertemperatur zu halten und verhindern, dass das Kleidungsst\u00fcck beim Bewegen verrutscht. Das Coverband im Inneren hilft, m\u00f6gliche Reibungen zu vermeiden.<\/p>\n<p>Hergestellt aus hochwertigem Stoff, bietet dieses Sweatshirt unvergleichlichen Komfort sowie andere Vorteile wie Leichtigkeit, Atmungsaktivit\u00e4t und Langlebigkeit. Sein Fleece-Material ist angenehm zu ber\u00fchren und f\u00f6rdert den Komfort zu jeder Zeit.<\/p>\n<p>Embroidered Joma logo.<\/p>","protected":false},"excerpt":{"rendered":"<ul class=\"double-column\">\n<li>Raglan\u00e4rmel Manga&#8221;<\/li>\n<li>Gerippte B\u00fcndchen und Saum<\/li>\n<li>Perkins-Kragen<\/li>\n<li>Ohne Taschen<\/li>\n<li>Weiches und komfortables Gewebe mit Fleece im Inneren<\/li>\n<li>Passformtyp: regular<\/li>\n<li>100% Polyester<\/li>\n<\/ul>","protected":false},"featured_media":18590,"comment_status":"open","ping_status":"closed","template":"","meta":{"rank_math_lock_modified_date":false},"product_brand":[],"product_cat":[178],"product_tag":[],"class_list":{"0":"post-18524","1":"product","2":"type-product","3":"status-publish","4":"has-post-thumbnail","6":"product_cat-djk-st-ingbert","7":"wcpa_has_options","9":"first","10":"instock","11":"taxable","12":"shipping-taxable","13":"purchasable","14":"product-type-variable"},"df_price":30.39,"df_sale_price":"","df_regular_price":30.39,"df_image_link":"https:\/\/prosocteamsport.com\/wp-content\/uploads\/2026\/04\/18-212x300.png","wcpa_form_fields":{"wcpaData":{"product":{"product_price":30.39,"price_html":"<span class=\"woocommerce-Price-amount amount\"><bdi>30,39&nbsp;<span class=\"woocommerce-Price-currencySymbol\">&euro;<\/span><\/bdi><\/span> &ndash; <span class=\"woocommerce-Price-amount amount\"><bdi>31,09&nbsp;<span class=\"woocommerce-Price-currencySymbol\">&euro;<\/span><\/bdi><\/span>","original_product_price":30.39,"price_including_tax":30.39,"price_excluding_tax":25.537815000000002,"product_id":{"parent":18524,"variation":false},"is_variable":true,"stock_status":"instock","stock_quantity":null,"parent_sku":"104369.102 - DJK","product_attributes":{"pa_groessen-deutsch":{"is_variation":true,"values":[]}},"custom_fields":[],"is_taxable":true,"product_name":"Combi Premium - Trainingszipper - Schwarz - DJK St. Ingbert","hasImage":false},"fields":{"sec_065a7cc80d9fcc":{"extra":{"key":"sec_065a7cc80d9fcc","section_id":"sec_065a7cc80d9fcc","name":"Default","status":1,"cl_rule":"show","enableCl":false,"relations":[],"toggle":true,"title_tag":"h3","show_title":false,"showPrice":"default","form_id":12174,"form_rules":{"exclude_from_discount":false,"fee_label":"Geb\u00fchr","disp_hide_options_price":false,"disp_show_section_price":false,"disp_show_field_price":true,"layout_option":"standard","pric_use_as_fee":false,"process_fee_as":"woo_fee"},"layout_option":"standard"},"fields":[[{"active":true,"col":6,"relations":false,"cl_rule":"show","enableCl":false,"price":"","enablePrice":false,"className":"","label_position":"default","desc_position":"default","type":"text","subtype":"text","required":false,"elementId":"text_4956840441","label":"Initialen","name":"text_4956840441","value":"","error":false,"gt_translate_keys":["label","value"],"price_dependency":false,"cl_dependency":false}]]}},"config":{"price_override":"","enable_recaptcha":false,"bind_quantity":false,"quantity_bind_formula":false,"disp_summ_show_option_price":true,"disp_summ_show_product_price":true,"disp_summ_show_total_price":true,"disp_summ_show_fee":false,"disp_summ_show_discount":false,"summary_title":"","options_total_label":"Optionspreis","total_label":"Gesamt","options_product_label":"Produktpreis","fee_label":"Geb\u00fchr","discount_label":"Rabatt","has_price":true,"has_quantity_formula":false},"mc_unit":1,"tax_rate":1,"tax_rate_real":0.19,"discount":{"percentage":0,"fixed":0},"design":{"conf":{"LabelPosition":"above","DescPosition":"above","UploadField":"custom_1","QuantityFieldStyle":"default"},"css":{"LeftLabelWidth":"120px"}},"formulas":[],"lookuptables":[],"clones":false,"cartKey":false}},"_links":{"self":[{"href":"https:\/\/prosocteamsport.com\/en\/wp-json\/wp\/v2\/product\/18524","targetHints":{"allow":["GET"]}}],"collection":[{"href":"https:\/\/prosocteamsport.com\/en\/wp-json\/wp\/v2\/product"}],"about":[{"href":"https:\/\/prosocteamsport.com\/en\/wp-json\/wp\/v2\/types\/product"}],"replies":[{"embeddable":true,"href":"https:\/\/prosocteamsport.com\/en\/wp-json\/wp\/v2\/comments?post=18524"}],"version-history":[{"count":2,"href":"https:\/\/prosocteamsport.com\/en\/wp-json\/wp\/v2\/product\/18524\/revisions"}],"predecessor-version":[{"id":18659,"href":"https:\/\/prosocteamsport.com\/en\/wp-json\/wp\/v2\/product\/18524\/revisions\/18659"}],"wp:featuredmedia":[{"embeddable":true,"href":"https:\/\/prosocteamsport.com\/en\/wp-json\/wp\/v2\/media\/18590"}],"wp:attachment":[{"href":"https:\/\/prosocteamsport.com\/en\/wp-json\/wp\/v2\/media?parent=18524"}],"wp:term":[{"taxonomy":"product_brand","embeddable":true,"href":"https:\/\/prosocteamsport.com\/en\/wp-json\/wp\/v2\/product_brand?post=18524"},{"taxonomy":"product_cat","embeddable":true,"href":"https:\/\/prosocteamsport.com\/en\/wp-json\/wp\/v2\/product_cat?post=18524"},{"taxonomy":"product_tag","embeddable":true,"href":"https:\/\/prosocteamsport.com\/en\/wp-json\/wp\/v2\/product_tag?post=18524"}],"curies":[{"name":"wp","href":"https:\/\/api.w.org\/{rel}","templated":true}]}}