{"id":18462,"date":"2026-04-09T11:13:12","date_gmt":"2026-04-09T09:13:12","guid":{"rendered":"https:\/\/prosocteamsport.com\/?post_type=product&#038;p=18462"},"modified":"2026-04-10T12:18:39","modified_gmt":"2026-04-10T10:18:39","slug":"olimpiada-kapuzenjacke-rot","status":"publish","type":"product","link":"https:\/\/prosocteamsport.com\/en\/product\/olimpiada-kapuzenjacke-rot\/","title":{"rendered":"Olimpiada &#8211; Kapuzenjacke &#8211; Rot &#8211; DJK St. Ingbert"},"content":{"rendered":"<p>Herren-Sweatshirt mit Rei\u00dfverschluss. Diese vielseitige Jacke mit Multisport-Charakter eignet sich perfekt zum Aufw\u00e4rmen w\u00e4hrend des Trainings.<\/p>\n<p>Sie verf\u00fcgt \u00fcber einen durchgehenden Rei\u00dfverschluss, eine verstellbare Kapuze mit Kordelzug und ein elastisches Innenband zur Optimierung der Passform und zur Vermeidung von m\u00f6glichen Reibungen. Sie ist auch an den \u00c4rmelb\u00fcndchen und am Saum mit Rippb\u00fcndchen versehen. Ausgestattet mit zwei vorderen Taschen ohne Rei\u00dfverschluss, um kleine pers\u00f6nliche Gegenst\u00e4nde zu verstauen.<\/p>\n<p>Hergestellt aus weichem und bequemem Stoff. Innenfleece f\u00fcr ein w\u00e4rmeres Gef\u00fchl bei niedrigen Temperaturen.<\/p>\n<p>*In den Juniorgr\u00f6\u00dfen sind keine Kordeln enthalten.<\/p>\n<p>Design mit individuellen Details auf den Schultern. Gesticktes Joma-Logo.<\/p>","protected":false},"excerpt":{"rendered":"<ul class=\"double-column\">\n<li>Gerippte B\u00fcndchen und Saum<\/li>\n<li>Kapuze mit Kordelzug<\/li>\n<li>Fleece-Stoff innen<\/li>\n<li>Passformtyp: regular<\/li>\n<li>100% Polyester<\/li>\n<\/ul>","protected":false},"featured_media":18605,"comment_status":"open","ping_status":"closed","template":"","meta":{"rank_math_lock_modified_date":false},"product_brand":[],"product_cat":[178],"product_tag":[],"class_list":{"0":"post-18462","1":"product","2":"type-product","3":"status-publish","4":"has-post-thumbnail","6":"product_cat-djk-st-ingbert","7":"wcpa_has_options","9":"first","10":"instock","11":"taxable","12":"shipping-taxable","13":"purchasable","14":"product-type-variable"},"df_price":41.59,"df_sale_price":"","df_regular_price":41.59,"df_image_link":"https:\/\/prosocteamsport.com\/wp-content\/uploads\/2026\/04\/DJK-PUeTTLINGEN-3-212x300.png","wcpa_form_fields":{"wcpaData":{"product":{"product_price":41.59,"price_html":"<span class=\"woocommerce-Price-amount amount\"><bdi>41,59&nbsp;<span class=\"woocommerce-Price-currencySymbol\">&euro;<\/span><\/bdi><\/span> &ndash; <span class=\"woocommerce-Price-amount amount\"><bdi>42,29&nbsp;<span class=\"woocommerce-Price-currencySymbol\">&euro;<\/span><\/bdi><\/span>","original_product_price":41.59,"price_including_tax":41.59,"price_excluding_tax":34.949580000000005,"product_id":{"parent":18462,"variation":false},"is_variable":true,"stock_status":"instock","stock_quantity":null,"parent_sku":"103707.600 - DJK","product_attributes":{"pa_groessen-deutsch":{"is_variation":true,"values":[]}},"custom_fields":[],"is_taxable":true,"product_name":"Olimpiada - Kapuzenjacke - Rot - DJK St. Ingbert","hasImage":false},"fields":{"sec_065a7cc80d9fcc":{"extra":{"key":"sec_065a7cc80d9fcc","section_id":"sec_065a7cc80d9fcc","name":"Default","status":1,"cl_rule":"show","enableCl":false,"relations":[],"toggle":true,"title_tag":"h3","show_title":false,"showPrice":"default","form_id":12174,"form_rules":{"exclude_from_discount":false,"fee_label":"Fee","disp_hide_options_price":false,"disp_show_section_price":false,"disp_show_field_price":true,"layout_option":"standard","pric_use_as_fee":false,"process_fee_as":"woo_fee"},"layout_option":"standard"},"fields":[[{"active":true,"col":6,"relations":false,"cl_rule":"show","enableCl":false,"price":"","enablePrice":false,"className":"","label_position":"default","desc_position":"default","type":"text","subtype":"text","required":false,"elementId":"text_4956840441","label":"Initialen","name":"text_4956840441","value":"","error":false,"gt_translate_keys":["label","value"],"price_dependency":false,"cl_dependency":false}]]}},"config":{"price_override":"","enable_recaptcha":false,"bind_quantity":false,"quantity_bind_formula":false,"disp_summ_show_option_price":true,"disp_summ_show_product_price":true,"disp_summ_show_total_price":true,"disp_summ_show_fee":false,"disp_summ_show_discount":false,"summary_title":"","options_total_label":"Options Price","total_label":"Total","options_product_label":"Product Price","fee_label":"Fee","discount_label":"Discount","has_price":true,"has_quantity_formula":false},"mc_unit":1,"tax_rate":1,"tax_rate_real":0.19,"discount":{"percentage":0,"fixed":0},"design":{"conf":{"LabelPosition":"above","DescPosition":"above","UploadField":"custom_1","QuantityFieldStyle":"default"},"css":{"LeftLabelWidth":"120px"}},"formulas":[],"lookuptables":[],"clones":false,"cartKey":false}},"_links":{"self":[{"href":"https:\/\/prosocteamsport.com\/en\/wp-json\/wp\/v2\/product\/18462","targetHints":{"allow":["GET"]}}],"collection":[{"href":"https:\/\/prosocteamsport.com\/en\/wp-json\/wp\/v2\/product"}],"about":[{"href":"https:\/\/prosocteamsport.com\/en\/wp-json\/wp\/v2\/types\/product"}],"replies":[{"embeddable":true,"href":"https:\/\/prosocteamsport.com\/en\/wp-json\/wp\/v2\/comments?post=18462"}],"version-history":[{"count":2,"href":"https:\/\/prosocteamsport.com\/en\/wp-json\/wp\/v2\/product\/18462\/revisions"}],"predecessor-version":[{"id":18661,"href":"https:\/\/prosocteamsport.com\/en\/wp-json\/wp\/v2\/product\/18462\/revisions\/18661"}],"wp:featuredmedia":[{"embeddable":true,"href":"https:\/\/prosocteamsport.com\/en\/wp-json\/wp\/v2\/media\/18605"}],"wp:attachment":[{"href":"https:\/\/prosocteamsport.com\/en\/wp-json\/wp\/v2\/media?parent=18462"}],"wp:term":[{"taxonomy":"product_brand","embeddable":true,"href":"https:\/\/prosocteamsport.com\/en\/wp-json\/wp\/v2\/product_brand?post=18462"},{"taxonomy":"product_cat","embeddable":true,"href":"https:\/\/prosocteamsport.com\/en\/wp-json\/wp\/v2\/product_cat?post=18462"},{"taxonomy":"product_tag","embeddable":true,"href":"https:\/\/prosocteamsport.com\/en\/wp-json\/wp\/v2\/product_tag?post=18462"}],"curies":[{"name":"wp","href":"https:\/\/api.w.org\/{rel}","templated":true}]}}