{"id":18448,"date":"2026-04-09T11:03:55","date_gmt":"2026-04-09T09:03:55","guid":{"rendered":"https:\/\/prosocteamsport.com\/?post_type=product&#038;p=18448"},"modified":"2026-04-09T11:05:27","modified_gmt":"2026-04-09T09:05:27","slug":"olimpiada-praesentationshose-schwarz","status":"publish","type":"product","link":"https:\/\/prosocteamsport.com\/en\/product\/olimpiada-praesentationshose-schwarz\/","title":{"rendered":"Olimpiada &#8211; Pr\u00e4sentationshose &#8211; Schwarz"},"content":{"rendered":"<p>Lange Hose f\u00fcr Herren. Diese Trainingshose ist perfekt f\u00fcr jede Sportaus\u00fcbung. Ihr bequemes und strapazierf\u00e4higes Gewebe macht sie zu einem sehr vielseitigen und funktionellen Kleidungsst\u00fcck.<\/p>\n<p>Mit verstellbarem elastischem Bund durch einen Innenkordelzug f\u00fcr optimale Anpassung und Fixierung. Die Hose hat Rei\u00dfverschl\u00fcsse an den B\u00fcndchen f\u00fcr einfaches An- und Ausziehen. Ausgestattet mit zwei seitlichen Rei\u00dfverschlusstaschen zur sicheren Aufbewahrung kleiner pers\u00f6nlicher Gegenst\u00e4nde.<\/p>\n<p>Die Hose ist in einem sehr engen Skinny-Schnitt mit individuellen Details an den Seiten gefertigt. Hergestellt aus bequemem, weichem und atmungsaktivem Stoff. Hervorragende Robustheit und Bewegungsfreiheit.<\/p>\n<p>Aufgesticktes Joma-Logo.<\/p>","protected":false},"excerpt":{"rendered":"<ul class=\"double-column\">\n<li>Elastischer Bund mit Kordelzug<\/li>\n<li>Saum mit Rei\u00dfverschluss<\/li>\n<li>Passformtyp: regular<\/li>\n<li>100% Polyester<\/li>\n<\/ul>","protected":false},"featured_media":18582,"comment_status":"open","ping_status":"closed","template":"","meta":{"rank_math_lock_modified_date":false},"product_brand":[],"product_cat":[178,20],"product_tag":[],"class_list":{"0":"post-18448","1":"product","2":"type-product","3":"status-publish","4":"has-post-thumbnail","6":"product_cat-djk-st-ingbert","7":"product_cat-vereinskollektionen","8":"wcpa_has_options","10":"first","11":"instock","12":"taxable","13":"shipping-taxable","14":"purchasable","15":"product-type-variable"},"df_price":30.09,"df_sale_price":"","df_regular_price":30.09,"df_image_link":"https:\/\/prosocteamsport.com\/wp-content\/uploads\/2026\/04\/11-212x300.png","wcpa_form_fields":{"wcpaData":{"product":{"product_price":30.09,"price_html":"<span class=\"woocommerce-Price-amount amount\"><bdi>30,09&nbsp;<span class=\"woocommerce-Price-currencySymbol\">&euro;<\/span><\/bdi><\/span> &ndash; <span class=\"woocommerce-Price-amount amount\"><bdi>30,79&nbsp;<span class=\"woocommerce-Price-currencySymbol\">&euro;<\/span><\/bdi><\/span>","original_product_price":30.09,"price_including_tax":30.09,"price_excluding_tax":25.285714,"product_id":{"parent":18448,"variation":false},"is_variable":true,"stock_status":"instock","stock_quantity":null,"parent_sku":"103741.100 - DJK","product_attributes":{"pa_groessen-deutsch":{"is_variation":true,"values":[]}},"custom_fields":[],"is_taxable":true,"product_name":"Olimpiada - Pr\u00e4sentationshose - Schwarz","hasImage":false},"fields":{"sec_065a7cc80d9fcc":{"extra":{"key":"sec_065a7cc80d9fcc","section_id":"sec_065a7cc80d9fcc","name":"Default","status":1,"cl_rule":"show","enableCl":false,"relations":[],"toggle":true,"title_tag":"h3","show_title":false,"showPrice":"default","form_id":12174,"form_rules":{"exclude_from_discount":false,"fee_label":"Fee","disp_hide_options_price":false,"disp_show_section_price":false,"disp_show_field_price":true,"layout_option":"standard","pric_use_as_fee":false,"process_fee_as":"woo_fee"},"layout_option":"standard"},"fields":[[{"active":true,"col":6,"relations":false,"cl_rule":"show","enableCl":false,"price":"","enablePrice":false,"className":"","label_position":"default","desc_position":"default","type":"text","subtype":"text","required":false,"elementId":"text_4956840441","label":"Initialen","name":"text_4956840441","value":"","error":false,"gt_translate_keys":["label","value"],"price_dependency":false,"cl_dependency":false}]]}},"config":{"price_override":"","enable_recaptcha":false,"bind_quantity":false,"quantity_bind_formula":false,"disp_summ_show_option_price":true,"disp_summ_show_product_price":true,"disp_summ_show_total_price":true,"disp_summ_show_fee":false,"disp_summ_show_discount":false,"summary_title":"","options_total_label":"Options Price","total_label":"Total","options_product_label":"Product Price","fee_label":"Fee","discount_label":"Discount","has_price":true,"has_quantity_formula":false},"mc_unit":1,"tax_rate":1,"tax_rate_real":0.19,"discount":{"percentage":0,"fixed":0},"design":{"conf":{"LabelPosition":"above","DescPosition":"above","UploadField":"custom_1","QuantityFieldStyle":"default"},"css":{"LeftLabelWidth":"120px"}},"formulas":[],"lookuptables":[],"clones":false,"cartKey":false}},"_links":{"self":[{"href":"https:\/\/prosocteamsport.com\/en\/wp-json\/wp\/v2\/product\/18448","targetHints":{"allow":["GET"]}}],"collection":[{"href":"https:\/\/prosocteamsport.com\/en\/wp-json\/wp\/v2\/product"}],"about":[{"href":"https:\/\/prosocteamsport.com\/en\/wp-json\/wp\/v2\/types\/product"}],"replies":[{"embeddable":true,"href":"https:\/\/prosocteamsport.com\/en\/wp-json\/wp\/v2\/comments?post=18448"}],"version-history":[{"count":1,"href":"https:\/\/prosocteamsport.com\/en\/wp-json\/wp\/v2\/product\/18448\/revisions"}],"predecessor-version":[{"id":18459,"href":"https:\/\/prosocteamsport.com\/en\/wp-json\/wp\/v2\/product\/18448\/revisions\/18459"}],"wp:featuredmedia":[{"embeddable":true,"href":"https:\/\/prosocteamsport.com\/en\/wp-json\/wp\/v2\/media\/18582"}],"wp:attachment":[{"href":"https:\/\/prosocteamsport.com\/en\/wp-json\/wp\/v2\/media?parent=18448"}],"wp:term":[{"taxonomy":"product_brand","embeddable":true,"href":"https:\/\/prosocteamsport.com\/en\/wp-json\/wp\/v2\/product_brand?post=18448"},{"taxonomy":"product_cat","embeddable":true,"href":"https:\/\/prosocteamsport.com\/en\/wp-json\/wp\/v2\/product_cat?post=18448"},{"taxonomy":"product_tag","embeddable":true,"href":"https:\/\/prosocteamsport.com\/en\/wp-json\/wp\/v2\/product_tag?post=18448"}],"curies":[{"name":"wp","href":"https:\/\/api.w.org\/{rel}","templated":true}]}}