{"id":18434,"date":"2026-04-09T11:13:16","date_gmt":"2026-04-09T09:13:16","guid":{"rendered":"https:\/\/prosocteamsport.com\/?post_type=product&#038;p=18434"},"modified":"2026-04-09T11:13:16","modified_gmt":"2026-04-09T09:13:16","slug":"advance-ii-trainingshose-schwarz","status":"publish","type":"product","link":"https:\/\/prosocteamsport.com\/en\/product\/advance-ii-trainingshose-schwarz\/","title":{"rendered":"Advance II &#8211; Trainingshose &#8211; Schwarz"},"content":{"rendered":"<p>Herren-Langhose. Es handelt sich um eine bequeme und vielseitige Trainingshose, geeignet f\u00fcr das Training in verschiedenen Sportarten.<\/p>\n<p>Mit verstellbarem elastischem Bund mit innenliegendem Kordelzug f\u00fcr vollst\u00e4ndige Anpassung und Fixierung. Ausgestattet mit zwei Rei\u00dfverschlusstaschen.<\/p>\n<p>Mit sehr enganliegendem Skinny-Schnitt. Hergestellt aus elastischem Stoff f\u00fcr optimale Bewegungsfreiheit, sowie mit Innenfleece, das hilft, die K\u00f6rpertemperatur konstant zu halten. Seine W\u00e4rme und Weichheit bieten einen hohen Tragekomfort w\u00e4hrend des Gebrauchs.<\/p>\n<p>Joma-Logo im Druck.<\/p>","protected":false},"excerpt":{"rendered":"<ul class=\"double-column\">\n<li>Elastischer Bund mit innerem Kordelzug<\/li>\n<li>Taschen mit Rei\u00dfverschluss<\/li>\n<li>Elastischer Stoff mit Fleece-Futter<\/li>\n<li>Passformtyp: regular<\/li>\n<li>90% Polyester, 10% Elastan<\/li>\n<\/ul>","protected":false},"featured_media":18606,"comment_status":"open","ping_status":"closed","template":"","meta":{"rank_math_lock_modified_date":false},"product_brand":[],"product_cat":[178],"product_tag":[],"class_list":{"0":"post-18434","1":"product","2":"type-product","3":"status-publish","4":"has-post-thumbnail","6":"product_cat-djk-st-ingbert","7":"wcpa_has_options","9":"first","10":"instock","11":"taxable","12":"shipping-taxable","13":"purchasable","14":"product-type-variable"},"df_price":27.29,"df_sale_price":"","df_regular_price":27.29,"df_image_link":"https:\/\/prosocteamsport.com\/wp-content\/uploads\/2026\/04\/DJK-PUeTTLINGEN-2-212x300.png","wcpa_form_fields":{"wcpaData":{"product":{"product_price":27.29,"price_html":"<span class=\"woocommerce-Price-amount amount\"><bdi>27,29&nbsp;<span class=\"woocommerce-Price-currencySymbol\">&euro;<\/span><\/bdi><\/span> &ndash; <span class=\"woocommerce-Price-amount amount\"><bdi>27,99&nbsp;<span class=\"woocommerce-Price-currencySymbol\">&euro;<\/span><\/bdi><\/span>","original_product_price":27.29,"price_including_tax":27.29,"price_excluding_tax":22.932772999999997,"product_id":{"parent":18434,"variation":false},"is_variable":true,"stock_status":"instock","stock_quantity":null,"parent_sku":"103838.100 - DJK","product_attributes":{"pa_groessen-deutsch":{"is_variation":true,"values":[]}},"custom_fields":[],"is_taxable":true,"product_name":"Advance II - Trainingshose - Schwarz","hasImage":false},"fields":{"sec_065a7cc80d9fcc":{"extra":{"key":"sec_065a7cc80d9fcc","section_id":"sec_065a7cc80d9fcc","name":"Default","status":1,"cl_rule":"show","enableCl":false,"relations":[],"toggle":true,"title_tag":"h3","show_title":false,"showPrice":"default","form_id":12174,"form_rules":{"exclude_from_discount":false,"fee_label":"Fee","disp_hide_options_price":false,"disp_show_section_price":false,"disp_show_field_price":true,"layout_option":"standard","pric_use_as_fee":false,"process_fee_as":"woo_fee"},"layout_option":"standard"},"fields":[[{"active":true,"col":6,"relations":false,"cl_rule":"show","enableCl":false,"price":"","enablePrice":false,"className":"","label_position":"default","desc_position":"default","type":"text","subtype":"text","required":false,"elementId":"text_4956840441","label":"Initialen","name":"text_4956840441","value":"","error":false,"gt_translate_keys":["label","value"],"price_dependency":false,"cl_dependency":false}]]}},"config":{"price_override":"","enable_recaptcha":false,"bind_quantity":false,"quantity_bind_formula":false,"disp_summ_show_option_price":true,"disp_summ_show_product_price":true,"disp_summ_show_total_price":true,"disp_summ_show_fee":false,"disp_summ_show_discount":false,"summary_title":"","options_total_label":"Options Price","total_label":"Total","options_product_label":"Product Price","fee_label":"Fee","discount_label":"Discount","has_price":true,"has_quantity_formula":false},"mc_unit":1,"tax_rate":1,"tax_rate_real":0.19,"discount":{"percentage":0,"fixed":0},"design":{"conf":{"LabelPosition":"above","DescPosition":"above","UploadField":"custom_1","QuantityFieldStyle":"default"},"css":{"LeftLabelWidth":"120px"}},"formulas":[],"lookuptables":[],"clones":false,"cartKey":false}},"_links":{"self":[{"href":"https:\/\/prosocteamsport.com\/en\/wp-json\/wp\/v2\/product\/18434","targetHints":{"allow":["GET"]}}],"collection":[{"href":"https:\/\/prosocteamsport.com\/en\/wp-json\/wp\/v2\/product"}],"about":[{"href":"https:\/\/prosocteamsport.com\/en\/wp-json\/wp\/v2\/types\/product"}],"replies":[{"embeddable":true,"href":"https:\/\/prosocteamsport.com\/en\/wp-json\/wp\/v2\/comments?post=18434"}],"version-history":[{"count":1,"href":"https:\/\/prosocteamsport.com\/en\/wp-json\/wp\/v2\/product\/18434\/revisions"}],"predecessor-version":[{"id":18447,"href":"https:\/\/prosocteamsport.com\/en\/wp-json\/wp\/v2\/product\/18434\/revisions\/18447"}],"wp:featuredmedia":[{"embeddable":true,"href":"https:\/\/prosocteamsport.com\/en\/wp-json\/wp\/v2\/media\/18606"}],"wp:attachment":[{"href":"https:\/\/prosocteamsport.com\/en\/wp-json\/wp\/v2\/media?parent=18434"}],"wp:term":[{"taxonomy":"product_brand","embeddable":true,"href":"https:\/\/prosocteamsport.com\/en\/wp-json\/wp\/v2\/product_brand?post=18434"},{"taxonomy":"product_cat","embeddable":true,"href":"https:\/\/prosocteamsport.com\/en\/wp-json\/wp\/v2\/product_cat?post=18434"},{"taxonomy":"product_tag","embeddable":true,"href":"https:\/\/prosocteamsport.com\/en\/wp-json\/wp\/v2\/product_tag?post=18434"}],"curies":[{"name":"wp","href":"https:\/\/api.w.org\/{rel}","templated":true}]}}