{"id":18430,"date":"2026-04-09T11:19:14","date_gmt":"2026-04-09T09:19:14","guid":{"rendered":"https:\/\/prosocteamsport.com\/?post_type=product&#038;p=18430"},"modified":"2026-04-09T11:19:14","modified_gmt":"2026-04-09T09:19:14","slug":"brama-academy-termo-shorts-schwarz-rot","status":"publish","type":"product","link":"https:\/\/prosocteamsport.com\/en\/product\/brama-academy-termo-shorts-schwarz-rot\/","title":{"rendered":"Brama Academy &#8211; Termo-Shorts &#8211; Schwarz\/Rot"},"content":{"rendered":"<p>Kurze Leggins, die dank ihrer wasserdichten und atmungsaktiven Eigenschaften bei allen Wetterbedingungen perfekten Schutz und Komfort bieten. Schwei\u00dffest, leicht, weich und flexibel. Bieten gro\u00dfe Bewegungsfreiheit, St\u00fctze und Komfort.<\/p>","protected":false},"excerpt":{"rendered":"<ul class=\"double-column\">\n<li>Elastischer und leichter Stoff<\/li>\n<li>Flache Flatlock-N\u00e4hte<\/li>\n<li>Bewegungsfreiheit<\/li>\n<li>Passformtyp: fitted<\/li>\n<li>90% Polyester, 10% Elastan<\/li>\n<\/ul>","protected":false},"featured_media":18432,"comment_status":"open","ping_status":"closed","template":"","meta":{"rank_math_lock_modified_date":false},"product_brand":[],"product_cat":[178],"product_tag":[],"class_list":{"0":"post-18430","1":"product","2":"type-product","3":"status-publish","4":"has-post-thumbnail","6":"product_cat-djk-st-ingbert","7":"wcpa_has_options","9":"first","10":"instock","11":"taxable","12":"shipping-taxable","13":"purchasable","14":"product-type-simple"},"df_price":18.19,"df_sale_price":"","df_regular_price":18.19,"df_image_link":"https:\/\/prosocteamsport.com\/wp-content\/uploads\/2026\/04\/20250731092517.101017.600_large-300x300.jpg","wcpa_form_fields":{"wcpaData":{"product":{"product_price":18.19,"price_html":"<span class=\"woocommerce-Price-amount amount\"><bdi>18,19&nbsp;<span class=\"woocommerce-Price-currencySymbol\">&euro;<\/span><\/bdi><\/span>","original_product_price":18.19,"price_including_tax":18.19,"price_excluding_tax":15.285714000000002,"product_id":{"parent":18430,"variation":false},"is_variable":false,"stock_status":"instock","stock_quantity":null,"parent_sku":"","product_attributes":{"groesse":{"is_variation":false,"values":["2XS-XS","S-M","L-XL"]}},"custom_fields":[],"is_taxable":true,"product_name":"Brama Academy - Termo-Shorts - Schwarz\/Rot","hasImage":false},"fields":{"sec_569d76eba34e4e":{"extra":{"key":"sec_569d76eba34e4e","section_id":"sec_569d76eba34e4e","name":"Default","status":1,"cl_rule":"show","enableCl":false,"relations":[],"toggle":true,"title_tag":"h3","show_title":false,"showPrice":"default","form_id":18608,"form_rules":{"exclude_from_discount":false,"fee_label":"Geb\u00fchr","disp_hide_options_price":false,"disp_show_section_price":false,"disp_show_field_price":true,"layout_option":"standard","pric_use_as_fee":false,"process_fee_as":"woo_fee"},"layout_option":"standard"},"fields":[[{"active":true,"col":6,"relations":false,"cl_rule":"show","enableCl":false,"price":"","enablePrice":false,"className":"","label_position":"default","desc_position":"default","type":"select","required":false,"elementId":"select_6272563268","label":"Select Field","name":"select_6272563268","values":[{"label":"Rot","value":"Option - 1","selected":false,"tempId":"aco_386","gt_translate_keys":["label"]},{"label":"Schwarz","value":"Option - 2","selected":false,"tempId":"aco_387","gt_translate_keys":["label"]}],"isWeightTemplate":false,"error":false,"isTemplate":false,"min_quantity":"1","quantity_decimal":false,"quantity_step":"1","quantity_label":"Quantity","repeater_field_label":"{field_label}","repeater_bind":"","dropdown_type":"basic","gt_translate_keys":["label","repeater_field_label","quantity_label"],"price_dependency":false,"cl_dependency":false,"value":""}]]}},"config":{"price_override":"","enable_recaptcha":false,"bind_quantity":false,"quantity_bind_formula":false,"disp_summ_show_option_price":true,"disp_summ_show_product_price":true,"disp_summ_show_total_price":true,"disp_summ_show_fee":false,"disp_summ_show_discount":false,"summary_title":"","options_total_label":"Optionspreis","total_label":"Gesamt","options_product_label":"Produktpreis","fee_label":"Geb\u00fchr","discount_label":"Rabatt","has_price":true,"has_quantity_formula":false},"mc_unit":1,"tax_rate":1,"tax_rate_real":0.19,"discount":{"percentage":0,"fixed":0},"design":{"conf":{"LabelPosition":"above","DescPosition":"above","UploadField":"custom_1","QuantityFieldStyle":"default"},"css":{"LeftLabelWidth":"120px"}},"formulas":[],"lookuptables":[],"clones":false,"cartKey":false}},"_links":{"self":[{"href":"https:\/\/prosocteamsport.com\/en\/wp-json\/wp\/v2\/product\/18430","targetHints":{"allow":["GET"]}}],"collection":[{"href":"https:\/\/prosocteamsport.com\/en\/wp-json\/wp\/v2\/product"}],"about":[{"href":"https:\/\/prosocteamsport.com\/en\/wp-json\/wp\/v2\/types\/product"}],"replies":[{"embeddable":true,"href":"https:\/\/prosocteamsport.com\/en\/wp-json\/wp\/v2\/comments?post=18430"}],"version-history":[{"count":1,"href":"https:\/\/prosocteamsport.com\/en\/wp-json\/wp\/v2\/product\/18430\/revisions"}],"predecessor-version":[{"id":18433,"href":"https:\/\/prosocteamsport.com\/en\/wp-json\/wp\/v2\/product\/18430\/revisions\/18433"}],"wp:featuredmedia":[{"embeddable":true,"href":"https:\/\/prosocteamsport.com\/en\/wp-json\/wp\/v2\/media\/18432"}],"wp:attachment":[{"href":"https:\/\/prosocteamsport.com\/en\/wp-json\/wp\/v2\/media?parent=18430"}],"wp:term":[{"taxonomy":"product_brand","embeddable":true,"href":"https:\/\/prosocteamsport.com\/en\/wp-json\/wp\/v2\/product_brand?post=18430"},{"taxonomy":"product_cat","embeddable":true,"href":"https:\/\/prosocteamsport.com\/en\/wp-json\/wp\/v2\/product_cat?post=18430"},{"taxonomy":"product_tag","embeddable":true,"href":"https:\/\/prosocteamsport.com\/en\/wp-json\/wp\/v2\/product_tag?post=18430"}],"curies":[{"name":"wp","href":"https:\/\/api.w.org\/{rel}","templated":true}]}}