{"id":18417,"date":"2026-04-09T11:17:37","date_gmt":"2026-04-09T09:17:37","guid":{"rendered":"https:\/\/prosocteamsport.com\/?post_type=product&#038;p=18417"},"modified":"2026-04-09T11:17:38","modified_gmt":"2026-04-09T09:17:38","slug":"brama-classic-thermo-shirt-rot-schwarz-weiss","status":"publish","type":"product","link":"https:\/\/prosocteamsport.com\/en\/product\/brama-classic-thermo-shirt-rot-schwarz-weiss\/","title":{"rendered":"Brama Classic &#8211; Thermo-Shirt &#8211; Rot\/Schwarz\/Wei\u00df"},"content":{"rendered":"<p>Thermisches T-Shirt mit geschlossenem Hals und langen \u00c4rmeln mit Daumen\u00f6ffnung f\u00fcr optimale Passform. Es hat keine N\u00e4hte, um Reibung zu vermeiden. Design mit Jacquard zur Erh\u00f6hung der Atmungsaktivit\u00e4t. Es bietet perfekten Schutz und Komfort dank seiner wasserdichten und atmungsaktiven Eigenschaften gegen alle Wetterbedingungen. Schwei\u00dfresistent, leicht, weich und flexibel. Es zeichnet sich durch gro\u00dfe Bewegungsfreiheit sowie durch Unterst\u00fctzung und Komfort aus.<\/p>","protected":false},"excerpt":{"rendered":"<ul class=\"double-column\">\n<li>Perkins-Kragen<\/li>\n<li>Elastischer und atmungsaktiver Stoff<\/li>\n<li>Ohne N\u00e4hte<\/li>\n<li>Bewegungsfreiheit<\/li>\n<li>Wasserdicht<\/li>\n<li>Passformtyp: fitted<\/li>\n<li>92% Polyamid, 8% Elastan<\/li>\n<\/ul>","protected":false},"featured_media":18418,"comment_status":"open","ping_status":"closed","template":"","meta":{"rank_math_lock_modified_date":false},"product_brand":[],"product_cat":[178],"product_tag":[],"class_list":{"0":"post-18417","1":"product","2":"type-product","3":"status-publish","4":"has-post-thumbnail","6":"product_cat-djk-st-ingbert","7":"wcpa_has_options","9":"first","10":"instock","11":"taxable","12":"shipping-taxable","13":"purchasable","14":"product-type-variable"},"df_price":25.89,"df_sale_price":"","df_regular_price":25.89,"df_image_link":"https:\/\/prosocteamsport.com\/wp-content\/uploads\/2026\/04\/20250723165128.101650.600_large-300x300.jpg","wcpa_form_fields":{"wcpaData":{"product":{"product_price":25.89,"price_html":"<span class=\"woocommerce-Price-amount amount\"><bdi>25,89&nbsp;<span class=\"woocommerce-Price-currencySymbol\">&euro;<\/span><\/bdi><\/span> &ndash; <span class=\"woocommerce-Price-amount amount\"><bdi>26,59&nbsp;<span class=\"woocommerce-Price-currencySymbol\">&euro;<\/span><\/bdi><\/span>","original_product_price":25.89,"price_including_tax":25.89,"price_excluding_tax":21.756303000000003,"product_id":{"parent":18417,"variation":false},"is_variable":true,"stock_status":"instock","stock_quantity":null,"parent_sku":"101650. - DJK","product_attributes":{"farbe":{"is_variation":true,"values":[]},"groesse":{"is_variation":true,"values":[]}},"custom_fields":[],"is_taxable":true,"product_name":"Brama Classic - Thermo-Shirt - Rot\/Schwarz\/Wei\u00df","hasImage":false},"fields":{"sec_669d76e1a6128b":{"extra":{"key":"sec_669d76e1a6128b","section_id":"sec_669d76e1a6128b","name":"Default","status":1,"cl_rule":"show","enableCl":false,"relations":[],"toggle":true,"title_tag":"h3","show_title":false,"showPrice":"default","form_id":18607,"form_rules":{"exclude_from_discount":false,"fee_label":"Fee","disp_hide_options_price":false,"disp_show_section_price":false,"disp_show_field_price":true,"layout_option":"standard","pric_use_as_fee":false,"process_fee_as":"woo_fee"},"layout_option":"standard"},"fields":[[{"active":true,"col":6,"relations":false,"cl_rule":"show","enableCl":false,"price":"","enablePrice":false,"className":"","label_position":"default","desc_position":"default","type":"select","required":false,"elementId":"select_7261251201","label":"Select Field","name":"select_7261251201","values":[{"label":"Wei\u00df","value":"Option - 1","selected":false,"tempId":"aco_119","gt_translate_keys":["label"]},{"label":"schwarz","value":"Option - 2","selected":false,"tempId":"aco_120","gt_translate_keys":["label"]},{"label":"Rot","value":"Option - 3","selected":false,"tempId":"aco_121","gt_translate_keys":["label"]},{"label":"","value":"","selected":false,"gt_translate_keys":["label"]}],"isWeightTemplate":false,"error":false,"isTemplate":false,"min_quantity":"1","quantity_decimal":false,"quantity_step":"1","quantity_label":"Quantity","repeater_field_label":"{field_label}","repeater_bind":"","dropdown_type":"basic","gt_translate_keys":["label","repeater_field_label","quantity_label"],"price_dependency":false,"cl_dependency":false,"value":""}]]}},"config":{"price_override":"","enable_recaptcha":false,"bind_quantity":false,"quantity_bind_formula":false,"disp_summ_show_option_price":true,"disp_summ_show_product_price":true,"disp_summ_show_total_price":true,"disp_summ_show_fee":false,"disp_summ_show_discount":false,"summary_title":"","options_total_label":"Options Price","total_label":"Total","options_product_label":"Product Price","fee_label":"Fee","discount_label":"Discount","has_price":true,"has_quantity_formula":false},"mc_unit":1,"tax_rate":1,"tax_rate_real":0.19,"discount":{"percentage":0,"fixed":0},"design":{"conf":{"LabelPosition":"above","DescPosition":"above","UploadField":"custom_1","QuantityFieldStyle":"default"},"css":{"LeftLabelWidth":"120px"}},"formulas":[],"lookuptables":[],"clones":false,"cartKey":false}},"_links":{"self":[{"href":"https:\/\/prosocteamsport.com\/en\/wp-json\/wp\/v2\/product\/18417","targetHints":{"allow":["GET"]}}],"collection":[{"href":"https:\/\/prosocteamsport.com\/en\/wp-json\/wp\/v2\/product"}],"about":[{"href":"https:\/\/prosocteamsport.com\/en\/wp-json\/wp\/v2\/types\/product"}],"replies":[{"embeddable":true,"href":"https:\/\/prosocteamsport.com\/en\/wp-json\/wp\/v2\/comments?post=18417"}],"version-history":[{"count":3,"href":"https:\/\/prosocteamsport.com\/en\/wp-json\/wp\/v2\/product\/18417\/revisions"}],"predecessor-version":[{"id":18429,"href":"https:\/\/prosocteamsport.com\/en\/wp-json\/wp\/v2\/product\/18417\/revisions\/18429"}],"wp:featuredmedia":[{"embeddable":true,"href":"https:\/\/prosocteamsport.com\/en\/wp-json\/wp\/v2\/media\/18418"}],"wp:attachment":[{"href":"https:\/\/prosocteamsport.com\/en\/wp-json\/wp\/v2\/media?parent=18417"}],"wp:term":[{"taxonomy":"product_brand","embeddable":true,"href":"https:\/\/prosocteamsport.com\/en\/wp-json\/wp\/v2\/product_brand?post=18417"},{"taxonomy":"product_cat","embeddable":true,"href":"https:\/\/prosocteamsport.com\/en\/wp-json\/wp\/v2\/product_cat?post=18417"},{"taxonomy":"product_tag","embeddable":true,"href":"https:\/\/prosocteamsport.com\/en\/wp-json\/wp\/v2\/product_tag?post=18417"}],"curies":[{"name":"wp","href":"https:\/\/api.w.org\/{rel}","templated":true}]}}