{"id":18405,"date":"2026-04-09T10:59:30","date_gmt":"2026-04-09T08:59:30","guid":{"rendered":"https:\/\/prosocteamsport.com\/?post_type=product&#038;p=18405"},"modified":"2026-04-10T12:18:27","modified_gmt":"2026-04-10T10:18:27","slug":"heroic-collegejacke-schwarz","status":"publish","type":"product","link":"https:\/\/prosocteamsport.com\/en\/product\/heroic-collegejacke-schwarz\/","title":{"rendered":"Heroic &#8211; Collegejacke &#8211; Schwarz &#8211; DJK St. Ingbert"},"content":{"rendered":"<p>Baseballjacke f\u00fcr M\u00e4nner. Diese bequeme Jacke f\u00fcr den t\u00e4glichen Gebrauch verleiht Sportlooks Stil.<\/p>\n<p>Verf\u00fcgt \u00fcber Druckknopfverschluss, Kragen, B\u00fcndchen und Saum aus Rippenstrick. Sie verf\u00fcgt auch \u00fcber Rei\u00dfverschlusstaschen.<\/p>\n<p>Hergestellt haupts\u00e4chlich aus Baumwolle mit Fleece-Innenfutter f\u00fcr hervorragende W\u00e4rme und thermischen Schutz. Es bietet ein sehr angenehmes Gef\u00fchl auf der Haut.<\/p>\n<p>Besticktes Joma-Logo.<\/p>","protected":false},"excerpt":{"rendered":"<ul class=\"double-column\">\n<li>Gerippte B\u00fcndchen und Saum<\/li>\n<li>Kragen gerippt<\/li>\n<li>Seitentaschen<\/li>\n<li>Weiches und komfortables Gewebe mit Fleece im Inneren<\/li>\n<li>Passformtyp: regular<\/li>\n<li>60% Baumwolle, 40% Polyester<\/li>\n<\/ul>","protected":false},"featured_media":18584,"comment_status":"open","ping_status":"closed","template":"","meta":{"rank_math_lock_modified_date":false},"product_brand":[],"product_cat":[178],"product_tag":[],"class_list":{"0":"post-18405","1":"product","2":"type-product","3":"status-publish","4":"has-post-thumbnail","6":"product_cat-djk-st-ingbert","8":"first","9":"instock","10":"taxable","11":"shipping-taxable","12":"purchasable","13":"product-type-variable"},"df_price":43.69,"df_sale_price":"","df_regular_price":43.69,"df_image_link":"https:\/\/prosocteamsport.com\/wp-content\/uploads\/2026\/04\/19-212x300.png","wcpa_form_fields":null,"_links":{"self":[{"href":"https:\/\/prosocteamsport.com\/en\/wp-json\/wp\/v2\/product\/18405","targetHints":{"allow":["GET"]}}],"collection":[{"href":"https:\/\/prosocteamsport.com\/en\/wp-json\/wp\/v2\/product"}],"about":[{"href":"https:\/\/prosocteamsport.com\/en\/wp-json\/wp\/v2\/types\/product"}],"replies":[{"embeddable":true,"href":"https:\/\/prosocteamsport.com\/en\/wp-json\/wp\/v2\/comments?post=18405"}],"version-history":[{"count":2,"href":"https:\/\/prosocteamsport.com\/en\/wp-json\/wp\/v2\/product\/18405\/revisions"}],"predecessor-version":[{"id":18660,"href":"https:\/\/prosocteamsport.com\/en\/wp-json\/wp\/v2\/product\/18405\/revisions\/18660"}],"wp:featuredmedia":[{"embeddable":true,"href":"https:\/\/prosocteamsport.com\/en\/wp-json\/wp\/v2\/media\/18584"}],"wp:attachment":[{"href":"https:\/\/prosocteamsport.com\/en\/wp-json\/wp\/v2\/media?parent=18405"}],"wp:term":[{"taxonomy":"product_brand","embeddable":true,"href":"https:\/\/prosocteamsport.com\/en\/wp-json\/wp\/v2\/product_brand?post=18405"},{"taxonomy":"product_cat","embeddable":true,"href":"https:\/\/prosocteamsport.com\/en\/wp-json\/wp\/v2\/product_cat?post=18405"},{"taxonomy":"product_tag","embeddable":true,"href":"https:\/\/prosocteamsport.com\/en\/wp-json\/wp\/v2\/product_tag?post=18405"}],"curies":[{"name":"wp","href":"https:\/\/api.w.org\/{rel}","templated":true}]}}