{"id":18368,"date":"2026-03-25T10:42:37","date_gmt":"2026-03-25T09:42:37","guid":{"rendered":"https:\/\/prosocteamsport.com\/?post_type=product&#038;p=18368"},"modified":"2026-03-25T10:52:43","modified_gmt":"2026-03-25T09:52:43","slug":"toletum-vi-heimtrikot-weiss-djk-puettlingen","status":"publish","type":"product","link":"https:\/\/prosocteamsport.com\/en\/product\/toletum-vi-heimtrikot-weiss-djk-puettlingen\/","title":{"rendered":"Toletum VI &#8211; Heimtrikot &#8211; Wei\u00df &#8211; DJK P\u00fcttlingen"},"content":{"rendered":"<p>Kurzarm-T-Shirt f\u00fcr M\u00e4nner, speziell f\u00fcr Fu\u00dfball konzipiert, bietet eine au\u00dfergew\u00f6hnliche Leistung dank seiner Kombination aus fortschrittlichen Technologien und nachhaltigen Materialien.<\/p>\n<p>Dank des MICRO-MESH-SYSTEMS, das sich in den st\u00e4rker schwitzenden Bereichen, in den Achseln, befindet, bleibt der K\u00f6rper w\u00e4hrend intensiver Momente k\u00fchl und trocken. Dar\u00fcber hinaus verf\u00fcgt es \u00fcber Rippstrick an Kragen und B\u00fcndchen, f\u00fcr eine bequeme und feste Passform.<\/p>\n<p>Hergestellt zu 100% aus recyceltem Polyester, bietet dieses T-Shirt nicht nur eine hervorragende Leistung, sondern tr\u00e4gt auch zum Umweltschutz bei. Das recycelte Polyester garantiert ein leichtes, strapazierf\u00e4higes und langlebiges Kleidungsst\u00fcck, das gleichzeitig schnelles Trocknen und hervorragende Atmungsaktivit\u00e4t erm\u00f6glicht, was f\u00fcr den Komfort w\u00e4hrend des Spiels entscheidend ist.<\/p>\n<p>Embroidered Joma logo.<\/p>","protected":false},"excerpt":{"rendered":"<ul class=\"double-column\">\n<li>Runder gerippter Kragen<\/li>\n<li>Elastisches, leichtes, atmungsaktives und widerstandsf\u00e4higes Gewebe.<\/li>\n<li>Enth\u00e4lt Micro-Mesh-Technologie in den Bereichen mit hoher Transpiration<\/li>\n<li>Hergestellt aus recyceltem Polyester<\/li>\n<li>Passformtyp: semi fitted<\/li>\n<li>100% Polyester<\/li>\n<\/ul>","protected":false},"featured_media":18369,"comment_status":"open","ping_status":"closed","template":"","meta":{"rank_math_lock_modified_date":false},"product_brand":[],"product_cat":[261,20],"product_tag":[],"class_list":{"0":"post-18368","1":"product","2":"type-product","3":"status-publish","4":"has-post-thumbnail","6":"product_cat-djk-puettlingen","7":"product_cat-vereinskollektionen","8":"wcpa_has_options","10":"first","11":"instock","12":"taxable","13":"shipping-taxable","14":"purchasable","15":"product-type-variable"},"df_price":37.59,"df_sale_price":"","df_regular_price":37.59,"df_image_link":"https:\/\/prosocteamsport.com\/wp-content\/uploads\/2026\/03\/1-1-212x300.png","wcpa_form_fields":{"wcpaData":{"product":{"product_price":37.59,"price_html":"<span class=\"woocommerce-Price-amount amount\"><bdi>37,59&nbsp;<span class=\"woocommerce-Price-currencySymbol\">&euro;<\/span><\/bdi><\/span> &ndash; <span class=\"woocommerce-Price-amount amount\"><bdi>38,29&nbsp;<span class=\"woocommerce-Price-currencySymbol\">&euro;<\/span><\/bdi><\/span>","original_product_price":37.59,"price_including_tax":37.59,"price_excluding_tax":31.588235000000005,"product_id":{"parent":18368,"variation":false},"is_variable":true,"stock_status":"instock","stock_quantity":null,"parent_sku":"104.372.200 - DJKP","product_attributes":{"pa_groessen-deutsch":{"is_variation":true,"values":[]}},"custom_fields":[],"is_taxable":true,"product_name":"Toletum VI - Heimtrikot - Wei\u00df - DJK P\u00fcttlingen","hasImage":false},"fields":{"sec_869c3b16d498e8":{"extra":{"key":"sec_869c3b16d498e8","section_id":"sec_869c3b16d498e8","name":"Default","status":1,"cl_rule":"show","enableCl":false,"relations":[],"toggle":true,"title_tag":"h3","show_title":false,"showPrice":"default","form_id":18385,"form_rules":{"exclude_from_discount":false,"fee_label":"Fee","disp_hide_options_price":false,"disp_show_section_price":false,"disp_show_field_price":true,"layout_option":"standard","pric_use_as_fee":false,"process_fee_as":"woo_fee"},"layout_option":"standard"},"fields":[[{"active":true,"col":6,"relations":false,"cl_rule":"show","enableCl":false,"price":"","enablePrice":false,"className":"","label_position":"default","desc_position":"default","type":"text","subtype":"text","required":false,"elementId":"text_3263870890","label":"Spielername","name":"text_3263870890","value":"","caseType":"default","isWeightTemplate":false,"error":false,"isTemplate":false,"min_quantity":"1","quantity_decimal":false,"quantity_step":"1","quantity_label":"Quantity","repeater_field_label":"{field_label}","repeater_bind":"","gt_translate_keys":["label","value","repeater_field_label","quantity_label"],"price_dependency":false,"cl_dependency":false}]]},"sec_069c3b11b45b8c":{"extra":{"key":"sec_069c3b11b45b8c","section_id":"sec_069c3b11b45b8c","name":"Default","status":1,"cl_rule":"show","enableCl":false,"relations":[],"toggle":true,"title_tag":"h3","show_title":false,"showPrice":"default","form_id":18384,"form_rules":{"exclude_from_discount":false,"fee_label":"Fee","disp_hide_options_price":false,"disp_show_section_price":false,"disp_show_field_price":true,"layout_option":"standard","pric_use_as_fee":false,"process_fee_as":"woo_fee"},"layout_option":"standard"},"fields":[[{"active":true,"col":6,"relations":false,"cl_rule":"show","enableCl":false,"price":"","enablePrice":false,"className":"","label_position":"default","desc_position":"default","type":"number","required":false,"elementId":"number_4325834351","label":"R\u00fcckennummer","name":"number_4325834351","value":"","isWeightTemplate":false,"error":false,"isTemplate":false,"min_quantity":"1","quantity_decimal":false,"quantity_step":"1","quantity_label":"Quantity","repeater_field_label":"{field_label}","repeater_bind":"","gt_translate_keys":["label","value","repeater_field_label","quantity_label"],"price_dependency":false,"cl_dependency":false}]]}},"config":{"price_override":"","enable_recaptcha":false,"bind_quantity":false,"quantity_bind_formula":false,"disp_summ_show_option_price":true,"disp_summ_show_product_price":true,"disp_summ_show_total_price":true,"disp_summ_show_fee":false,"disp_summ_show_discount":false,"summary_title":"","options_total_label":"Options Price","total_label":"Total","options_product_label":"Product Price","fee_label":"Fee","discount_label":"Discount","has_price":true,"has_quantity_formula":false},"mc_unit":1,"tax_rate":1,"tax_rate_real":0.19,"discount":{"percentage":0,"fixed":0},"design":{"conf":{"LabelPosition":"above","DescPosition":"above","UploadField":"custom_1","QuantityFieldStyle":"default"},"css":{"LeftLabelWidth":"120px"}},"formulas":[],"lookuptables":[],"clones":false,"cartKey":false}},"_links":{"self":[{"href":"https:\/\/prosocteamsport.com\/en\/wp-json\/wp\/v2\/product\/18368","targetHints":{"allow":["GET"]}}],"collection":[{"href":"https:\/\/prosocteamsport.com\/en\/wp-json\/wp\/v2\/product"}],"about":[{"href":"https:\/\/prosocteamsport.com\/en\/wp-json\/wp\/v2\/types\/product"}],"replies":[{"embeddable":true,"href":"https:\/\/prosocteamsport.com\/en\/wp-json\/wp\/v2\/comments?post=18368"}],"version-history":[{"count":2,"href":"https:\/\/prosocteamsport.com\/en\/wp-json\/wp\/v2\/product\/18368\/revisions"}],"predecessor-version":[{"id":18372,"href":"https:\/\/prosocteamsport.com\/en\/wp-json\/wp\/v2\/product\/18368\/revisions\/18372"}],"wp:featuredmedia":[{"embeddable":true,"href":"https:\/\/prosocteamsport.com\/en\/wp-json\/wp\/v2\/media\/18369"}],"wp:attachment":[{"href":"https:\/\/prosocteamsport.com\/en\/wp-json\/wp\/v2\/media?parent=18368"}],"wp:term":[{"taxonomy":"product_brand","embeddable":true,"href":"https:\/\/prosocteamsport.com\/en\/wp-json\/wp\/v2\/product_brand?post=18368"},{"taxonomy":"product_cat","embeddable":true,"href":"https:\/\/prosocteamsport.com\/en\/wp-json\/wp\/v2\/product_cat?post=18368"},{"taxonomy":"product_tag","embeddable":true,"href":"https:\/\/prosocteamsport.com\/en\/wp-json\/wp\/v2\/product_tag?post=18368"}],"curies":[{"name":"wp","href":"https:\/\/api.w.org\/{rel}","templated":true}]}}