{"id":18323,"date":"2026-03-17T17:13:33","date_gmt":"2026-03-17T16:13:33","guid":{"rendered":"https:\/\/prosocteamsport.com\/?post_type=product&#038;p=18323"},"modified":"2026-03-17T17:13:33","modified_gmt":"2026-03-17T16:13:33","slug":"faraon-trainingszipper-schwarz-eintracht-pirmasens","status":"publish","type":"product","link":"https:\/\/prosocteamsport.com\/en\/product\/faraon-trainingszipper-schwarz-eintracht-pirmasens\/","title":{"rendered":"Faraon &#8211; Trainingszipper &#8211; Schwarz &#8211; Eintracht Pirmasens"},"content":{"rendered":"<p>Aufgerautes Sweatshirt mit Rei\u00dferschluss am Kragen. Mit Rippung an Armb\u00fcndchen und Bund f\u00fcr eine bessere Passform.<\/p>","protected":false},"excerpt":{"rendered":"<header><strong>Eigenschaften<\/strong><i class=\"icon-chevron-down\"><\/i><\/header>\n<p><main><\/p>\n<ul class=\"double-column\">\n<li>Gerippte B\u00fcndchen und Saum<\/li>\n<li>Hoher Kragen<\/li>\n<li>Bequemer Stoff<\/li>\n<li>Fleece-Stoff innen<\/li>\n<li>Bewegungsfreiheit<\/li>\n<li>Passformtyp: regular<\/li>\n<li>100% Polyester<\/li>\n<\/ul>\n<p><\/main><\/p>","protected":false},"featured_media":18324,"comment_status":"open","ping_status":"closed","template":"","meta":{"rank_math_lock_modified_date":false},"product_brand":[],"product_cat":[267],"product_tag":[],"class_list":{"0":"post-18323","1":"product","2":"type-product","3":"status-publish","4":"has-post-thumbnail","6":"product_cat-eintracht-pirmasens","8":"first","9":"instock","10":"taxable","11":"shipping-taxable","12":"purchasable","13":"product-type-variable"},"df_price":28.29,"df_sale_price":"","df_regular_price":28.29,"df_image_link":"https:\/\/prosocteamsport.com\/wp-content\/uploads\/2026\/03\/Zipper-224x300.png","wcpa_form_fields":null,"_links":{"self":[{"href":"https:\/\/prosocteamsport.com\/en\/wp-json\/wp\/v2\/product\/18323","targetHints":{"allow":["GET"]}}],"collection":[{"href":"https:\/\/prosocteamsport.com\/en\/wp-json\/wp\/v2\/product"}],"about":[{"href":"https:\/\/prosocteamsport.com\/en\/wp-json\/wp\/v2\/types\/product"}],"replies":[{"embeddable":true,"href":"https:\/\/prosocteamsport.com\/en\/wp-json\/wp\/v2\/comments?post=18323"}],"version-history":[{"count":1,"href":"https:\/\/prosocteamsport.com\/en\/wp-json\/wp\/v2\/product\/18323\/revisions"}],"predecessor-version":[{"id":18336,"href":"https:\/\/prosocteamsport.com\/en\/wp-json\/wp\/v2\/product\/18323\/revisions\/18336"}],"wp:featuredmedia":[{"embeddable":true,"href":"https:\/\/prosocteamsport.com\/en\/wp-json\/wp\/v2\/media\/18324"}],"wp:attachment":[{"href":"https:\/\/prosocteamsport.com\/en\/wp-json\/wp\/v2\/media?parent=18323"}],"wp:term":[{"taxonomy":"product_brand","embeddable":true,"href":"https:\/\/prosocteamsport.com\/en\/wp-json\/wp\/v2\/product_brand?post=18323"},{"taxonomy":"product_cat","embeddable":true,"href":"https:\/\/prosocteamsport.com\/en\/wp-json\/wp\/v2\/product_cat?post=18323"},{"taxonomy":"product_tag","embeddable":true,"href":"https:\/\/prosocteamsport.com\/en\/wp-json\/wp\/v2\/product_tag?post=18323"}],"curies":[{"name":"wp","href":"https:\/\/api.w.org\/{rel}","templated":true}]}}