{"id":17387,"date":"2025-08-29T13:06:28","date_gmt":"2025-08-29T11:06:28","guid":{"rendered":"https:\/\/prosocteamsport.com\/?post_type=product&#038;p=17387"},"modified":"2025-08-29T13:06:29","modified_gmt":"2025-08-29T11:06:29","slug":"hoodie-montana-bege-sg-puettlingen","status":"publish","type":"product","link":"https:\/\/prosocteamsport.com\/en\/product\/hoodie-montana-bege-sg-puettlingen\/","title":{"rendered":"Hoodie \u2013 Montana Bege \u2013 SG P\u00fcttlingen"},"content":{"rendered":"<p>Sweatshirt mit Kapuze, erstellbarem Kordelzug und K\u00e4ngurutasche. B\u00fcndchen und Saum sind aus Rippstoff. Inklusie Pl\u00fcsch-Innenseite, die f\u00fcr maximalen Komfort und W\u00e4rme sorgt.<\/p>","protected":false},"excerpt":{"rendered":"<div class=\"woocommerce-product-details__short-description\">\n<ul class=\"double-column\">\n<li>Gerippte B\u00fcndchen und Saum<\/li>\n<li>Kapuze mit Kordelzug<\/li>\n<li>K\u00e4ngurutasche<\/li>\n<li>Fleece-Stoff innen<\/li>\n<li>Bewegungsfreiheit<\/li>\n<li>Passformtyp: regular<\/li>\n<li>60% Baumwolle, 40% Polyester<\/li>\n<\/ul>\n<ul>\n<li><strong>Wir empfehlen, die \u201cnormale\u201d Gr\u00f6\u00dfe zu w\u00e4hlen<\/strong><\/li>\n<\/ul>\n<\/div>","protected":false},"featured_media":17399,"comment_status":"open","ping_status":"closed","template":"","meta":{"rank_math_lock_modified_date":false},"product_brand":[],"product_cat":[262],"product_tag":[],"class_list":{"0":"post-17387","1":"product","2":"type-product","3":"status-publish","4":"has-post-thumbnail","6":"product_cat-sg-puettlingen","8":"first","9":"instock","10":"taxable","11":"shipping-taxable","12":"purchasable","13":"product-type-variable"},"df_price":40,"df_sale_price":"","df_regular_price":40,"df_image_link":"https:\/\/prosocteamsport.com\/wp-content\/uploads\/2025\/08\/IMG-20250828-WA0018-263x300.jpg","wcpa_form_fields":null,"_links":{"self":[{"href":"https:\/\/prosocteamsport.com\/en\/wp-json\/wp\/v2\/product\/17387","targetHints":{"allow":["GET"]}}],"collection":[{"href":"https:\/\/prosocteamsport.com\/en\/wp-json\/wp\/v2\/product"}],"about":[{"href":"https:\/\/prosocteamsport.com\/en\/wp-json\/wp\/v2\/types\/product"}],"replies":[{"embeddable":true,"href":"https:\/\/prosocteamsport.com\/en\/wp-json\/wp\/v2\/comments?post=17387"}],"version-history":[{"count":1,"href":"https:\/\/prosocteamsport.com\/en\/wp-json\/wp\/v2\/product\/17387\/revisions"}],"predecessor-version":[{"id":17400,"href":"https:\/\/prosocteamsport.com\/en\/wp-json\/wp\/v2\/product\/17387\/revisions\/17400"}],"wp:featuredmedia":[{"embeddable":true,"href":"https:\/\/prosocteamsport.com\/en\/wp-json\/wp\/v2\/media\/17399"}],"wp:attachment":[{"href":"https:\/\/prosocteamsport.com\/en\/wp-json\/wp\/v2\/media?parent=17387"}],"wp:term":[{"taxonomy":"product_brand","embeddable":true,"href":"https:\/\/prosocteamsport.com\/en\/wp-json\/wp\/v2\/product_brand?post=17387"},{"taxonomy":"product_cat","embeddable":true,"href":"https:\/\/prosocteamsport.com\/en\/wp-json\/wp\/v2\/product_cat?post=17387"},{"taxonomy":"product_tag","embeddable":true,"href":"https:\/\/prosocteamsport.com\/en\/wp-json\/wp\/v2\/product_tag?post=17387"}],"curies":[{"name":"wp","href":"https:\/\/api.w.org\/{rel}","templated":true}]}}