{"id":17342,"date":"2025-08-29T13:06:42","date_gmt":"2025-08-29T11:06:42","guid":{"rendered":"https:\/\/prosocteamsport.com\/?post_type=product&#038;p=17342"},"modified":"2025-08-29T13:06:43","modified_gmt":"2025-08-29T11:06:43","slug":"olimpiada-lange-trainingshose-ohne-reissverschluss-djk-puettlingen-schwarz-blau","status":"publish","type":"product","link":"https:\/\/prosocteamsport.com\/en\/product\/olimpiada-lange-trainingshose-ohne-reissverschluss-djk-puettlingen-schwarz-blau\/","title":{"rendered":"Olimpiada Lange Trainingshose ohne Rei\u00dfverschluss \u2013 DJK P\u00fcttlingen &#8211; Schwarz\/Blau"},"content":{"rendered":"<ul>\n<li>Lange Hose f\u00fcr Herren. Diese Trainingshose ist perfekt f\u00fcr jede Sportaus\u00fcbung. Ihr bequemes und strapazierf\u00e4higes Gewebe macht sie zu einem sehr vielseitigen und funktionellen Kleidungsst\u00fcck.Mit verstellbarem elastischem Bund durch einen Innenkordelzug f\u00fcr optimale Anpassung und Fixierung. Die Hose hat Rei\u00dfverschl\u00fcsse an den B\u00fcndchen f\u00fcr einfaches An- und Ausziehen. Ausgestattet mit zwei seitlichen Rei\u00dfverschlusstaschen zur sicheren Aufbewahrung kleiner pers\u00f6nlicher Gegenst\u00e4nde.Die Hose ist in einem sehr engen Skinny-Schnitt mit individuellen Details an den Seiten gefertigt. Hergestellt aus bequemem, weichem und atmungsaktivem Stoff. Hervorragende Robustheit und Bewegungsfreiheit.Aufgesticktes Joma-Logo.<\/li>\n<\/ul>","protected":false},"excerpt":{"rendered":"<h3>Eigenschaften<\/h3>\n<ul class=\"double-column\">\n<li>Elastischer Bund mit Kordelzug<\/li>\n<li>Saum mit Rei\u00dfverschluss<\/li>\n<li>Passformtyp: regular<\/li>\n<li>100% Polyester<\/li>\n<\/ul>","protected":false},"featured_media":17343,"comment_status":"open","ping_status":"closed","template":"","meta":{"rank_math_lock_modified_date":false},"product_brand":[],"product_cat":[261],"product_tag":[],"class_list":{"0":"post-17342","1":"product","2":"type-product","3":"status-publish","4":"has-post-thumbnail","6":"product_cat-djk-puettlingen","7":"wcpa_has_options","9":"first","10":"instock","11":"taxable","12":"shipping-taxable","13":"purchasable","14":"product-type-variable"},"df_price":29.99,"df_sale_price":"","df_regular_price":29.99,"df_image_link":"https:\/\/prosocteamsport.com\/wp-content\/uploads\/2025\/08\/IMG-20250828-WA0010-263x300.jpg","wcpa_form_fields":{"wcpaData":{"product":{"product_price":29.99,"price_html":"<span class=\"woocommerce-Price-amount amount\"><bdi>29,99&nbsp;<span class=\"woocommerce-Price-currencySymbol\">&euro;<\/span><\/bdi><\/span> &ndash; <span class=\"woocommerce-Price-amount amount\"><bdi>30,50&nbsp;<span class=\"woocommerce-Price-currencySymbol\">&euro;<\/span><\/bdi><\/span>","original_product_price":29.99,"price_including_tax":29.99,"price_excluding_tax":25.201680999999997,"product_id":{"parent":17342,"variation":false},"is_variable":true,"stock_status":"instock","stock_quantity":null,"parent_sku":"","product_attributes":{"pa_groessen-deutsch":{"is_variation":true,"values":[]}},"custom_fields":[],"is_taxable":true,"product_name":"Olimpiada Lange Trainingshose ohne Rei\u00dfverschluss \u2013 DJK P\u00fcttlingen - Schwarz\/Blau","hasImage":false},"fields":{"sec_065a7cc80d9fcc":{"extra":{"key":"sec_065a7cc80d9fcc","section_id":"sec_065a7cc80d9fcc","name":"Default","status":1,"cl_rule":"show","enableCl":false,"relations":[],"toggle":true,"title_tag":"h3","show_title":false,"showPrice":"default","form_id":12174,"form_rules":{"exclude_from_discount":false,"fee_label":"Fee","disp_hide_options_price":false,"disp_show_section_price":false,"disp_show_field_price":true,"layout_option":"standard","pric_use_as_fee":false,"process_fee_as":"woo_fee"},"layout_option":"standard"},"fields":[[{"active":true,"col":6,"relations":false,"cl_rule":"show","enableCl":false,"price":"","enablePrice":false,"className":"","label_position":"default","desc_position":"default","type":"text","subtype":"text","required":false,"elementId":"text_4956840441","label":"Initialen","name":"text_4956840441","value":"","error":false,"gt_translate_keys":["label","value"],"price_dependency":false,"cl_dependency":false}]]}},"config":{"price_override":"","enable_recaptcha":false,"bind_quantity":false,"quantity_bind_formula":false,"disp_summ_show_option_price":true,"disp_summ_show_product_price":true,"disp_summ_show_total_price":true,"disp_summ_show_fee":false,"disp_summ_show_discount":false,"summary_title":"","options_total_label":"Options Price","total_label":"Total","options_product_label":"Product Price","fee_label":"Fee","discount_label":"Discount","has_price":true,"has_quantity_formula":false},"mc_unit":1,"tax_rate":1,"tax_rate_real":0.19,"discount":{"percentage":0,"fixed":0},"design":{"conf":{"LabelPosition":"above","DescPosition":"above","UploadField":"custom_1","QuantityFieldStyle":"default"},"css":{"LeftLabelWidth":"120px"}},"formulas":[],"lookuptables":[],"clones":false,"cartKey":false}},"_links":{"self":[{"href":"https:\/\/prosocteamsport.com\/en\/wp-json\/wp\/v2\/product\/17342","targetHints":{"allow":["GET"]}}],"collection":[{"href":"https:\/\/prosocteamsport.com\/en\/wp-json\/wp\/v2\/product"}],"about":[{"href":"https:\/\/prosocteamsport.com\/en\/wp-json\/wp\/v2\/types\/product"}],"replies":[{"embeddable":true,"href":"https:\/\/prosocteamsport.com\/en\/wp-json\/wp\/v2\/comments?post=17342"}],"version-history":[{"count":3,"href":"https:\/\/prosocteamsport.com\/en\/wp-json\/wp\/v2\/product\/17342\/revisions"}],"predecessor-version":[{"id":17484,"href":"https:\/\/prosocteamsport.com\/en\/wp-json\/wp\/v2\/product\/17342\/revisions\/17484"}],"wp:featuredmedia":[{"embeddable":true,"href":"https:\/\/prosocteamsport.com\/en\/wp-json\/wp\/v2\/media\/17343"}],"wp:attachment":[{"href":"https:\/\/prosocteamsport.com\/en\/wp-json\/wp\/v2\/media?parent=17342"}],"wp:term":[{"taxonomy":"product_brand","embeddable":true,"href":"https:\/\/prosocteamsport.com\/en\/wp-json\/wp\/v2\/product_brand?post=17342"},{"taxonomy":"product_cat","embeddable":true,"href":"https:\/\/prosocteamsport.com\/en\/wp-json\/wp\/v2\/product_cat?post=17342"},{"taxonomy":"product_tag","embeddable":true,"href":"https:\/\/prosocteamsport.com\/en\/wp-json\/wp\/v2\/product_tag?post=17342"}],"curies":[{"name":"wp","href":"https:\/\/api.w.org\/{rel}","templated":true}]}}