{"id":17299,"date":"2025-08-28T12:25:02","date_gmt":"2025-08-28T10:25:02","guid":{"rendered":"https:\/\/prosocteamsport.com\/?post_type=product&#038;p=17299"},"modified":"2025-08-29T12:58:13","modified_gmt":"2025-08-29T10:58:13","slug":"trainingsshirt-djk-puettlingen-olimpiada-shirt","status":"publish","type":"product","link":"https:\/\/prosocteamsport.com\/en\/product\/trainingsshirt-djk-puettlingen-olimpiada-shirt\/","title":{"rendered":"Trainingsshirt \u2013 DJK P\u00fcttlingen &#8211; Olimpiada Shirt"},"content":{"rendered":"<p>Kurzarm-T-Shirt. Es handelt sich um ein sehr vielseitiges Multisport-T-Shirt, das bei verschiedenen k\u00f6rperlichen Aktivit\u00e4ten getragen werden kann. Au\u00dferdem ist es umweltfreundlich, da es vollst\u00e4ndig aus recyceltem Stoff hergestellt ist.<\/p>\n<p>Es hat einen Rundhalsausschnitt aus einem Basismaterial mit elastischem Innenband zur Vermeidung von Reibung und zur Verbesserung der Passform.<\/p>\n<p>Hergestellt zu 100 % aus recyceltem Polyester in einem umweltfreundlichen Verfahren. Tats\u00e4chlich wird es aus recycelten Kunststoffen gewonnen. Dieses Material zeichnet sich durch seine Widerstandsf\u00e4higkeit, Elastizit\u00e4t und Atmungsaktivit\u00e4t aus. Bewegungsfreiheit garantiert.<\/p>\n<p>Design mit individuellen Details auf den Schultern. Gesticktes Joma-Logo.<\/p>","protected":false},"excerpt":{"rendered":"<ul class=\"double-column\">\n<li>\n<ul class=\"double-column\">\n<li>Bequemer Stoff<\/li>\n<li>Nahtlos an den Schultern<\/li>\n<li>Hergestellt aus recyceltem Polyester<\/li>\n<li>100% Polyester<\/li>\n<\/ul>\n<ul>\n<li><strong>Wir empfehlen, die \u201cnormale\u201d Gr\u00f6\u00dfe zu w\u00e4hlen<\/strong><\/li>\n<\/ul>\n<\/li>\n<\/ul>","protected":false},"featured_media":17312,"comment_status":"open","ping_status":"closed","template":"","meta":{"rank_math_lock_modified_date":false},"product_brand":[],"product_cat":[261],"product_tag":[],"class_list":{"0":"post-17299","1":"product","2":"type-product","3":"status-publish","4":"has-post-thumbnail","6":"product_cat-djk-puettlingen","7":"wcpa_has_options","9":"first","10":"instock","11":"taxable","12":"shipping-taxable","13":"purchasable","14":"product-type-variable"},"df_price":19.99,"df_sale_price":"","df_regular_price":19.99,"df_image_link":"https:\/\/prosocteamsport.com\/wp-content\/uploads\/2025\/08\/IMG-20250828-WA0013-263x300.jpg","wcpa_form_fields":{"wcpaData":{"product":{"product_price":19.99,"price_html":"<span class=\"woocommerce-Price-amount amount\"><bdi>19,99&nbsp;<span class=\"woocommerce-Price-currencySymbol\">&euro;<\/span><\/bdi><\/span> &ndash; <span class=\"woocommerce-Price-amount amount\"><bdi>20,50&nbsp;<span class=\"woocommerce-Price-currencySymbol\">&euro;<\/span><\/bdi><\/span>","original_product_price":19.99,"price_including_tax":19.99,"price_excluding_tax":16.798319,"product_id":{"parent":17299,"variation":false},"is_variable":true,"stock_status":"instock","stock_quantity":null,"parent_sku":"","product_attributes":{"pa_groessen-deutsch":{"is_variation":true,"values":[]}},"custom_fields":[],"is_taxable":true,"product_name":"Trainingsshirt \u2013 DJK P\u00fcttlingen - Olimpiada Shirt","hasImage":false},"fields":{"sec_568b02def8de74":{"extra":{"key":"sec_568b02def8de74","section_id":"sec_568b02def8de74","name":"Default","status":1,"cl_rule":"show","enableCl":false,"relations":[],"toggle":true,"title_tag":"h3","show_title":false,"showPrice":"default","form_id":17297,"form_rules":{"exclude_from_discount":false,"fee_label":"Geb\u00fchr","disp_hide_options_price":false,"disp_show_section_price":false,"disp_show_field_price":true,"layout_option":"standard","pric_use_as_fee":false,"process_fee_as":"woo_fee"},"layout_option":"standard"},"fields":[[{"active":true,"col":6,"relations":false,"cl_rule":"show","enableCl":false,"price":"","enablePrice":false,"className":"","label_position":"default","desc_position":"default","type":"select","required":false,"elementId":"select_3765627841","label":"Select Field","name":"select_3765627841","values":[{"label":"Blau - Wei\u00df","value":"Option - 1","selected":false,"tempId":"aco_22","gt_translate_keys":["label"]},{"label":"Navy Blau - Wei\u00df","value":"Option - 2","selected":false,"tempId":"aco_23","gt_translate_keys":["label"]},{"label":"Wei\u00df - Blau","value":"Option - 3","selected":false,"tempId":"aco_24","gt_translate_keys":["label"]}],"dropdown_type":"basic","error":false,"gt_translate_keys":["label"],"price_dependency":false,"cl_dependency":false,"value":""}]]},"sec_065a7cc80d9fcc":{"extra":{"key":"sec_065a7cc80d9fcc","section_id":"sec_065a7cc80d9fcc","name":"Default","status":1,"cl_rule":"show","enableCl":false,"relations":[],"toggle":true,"title_tag":"h3","show_title":false,"showPrice":"default","form_id":12174,"form_rules":{"exclude_from_discount":false,"fee_label":"Geb\u00fchr","disp_hide_options_price":false,"disp_show_section_price":false,"disp_show_field_price":true,"layout_option":"standard","pric_use_as_fee":false,"process_fee_as":"woo_fee"},"layout_option":"standard"},"fields":[[{"active":true,"col":6,"relations":false,"cl_rule":"show","enableCl":false,"price":"","enablePrice":false,"className":"","label_position":"default","desc_position":"default","type":"text","subtype":"text","required":false,"elementId":"text_4956840441","label":"Initialen","name":"text_4956840441","value":"","error":false,"gt_translate_keys":["label","value"],"price_dependency":false,"cl_dependency":false}]]}},"config":{"price_override":"","enable_recaptcha":false,"bind_quantity":false,"quantity_bind_formula":false,"disp_summ_show_option_price":true,"disp_summ_show_product_price":true,"disp_summ_show_total_price":true,"disp_summ_show_fee":false,"disp_summ_show_discount":false,"summary_title":"","options_total_label":"Optionspreis","total_label":"Gesamt","options_product_label":"Produktpreis","fee_label":"Geb\u00fchr","discount_label":"Rabatt","has_price":true,"has_quantity_formula":false},"mc_unit":1,"tax_rate":1,"tax_rate_real":0.19,"discount":{"percentage":0,"fixed":0},"design":{"conf":{"LabelPosition":"above","DescPosition":"above","UploadField":"custom_1","QuantityFieldStyle":"default"},"css":{"LeftLabelWidth":"120px"}},"formulas":[],"lookuptables":[],"clones":false,"cartKey":false}},"_links":{"self":[{"href":"https:\/\/prosocteamsport.com\/en\/wp-json\/wp\/v2\/product\/17299","targetHints":{"allow":["GET"]}}],"collection":[{"href":"https:\/\/prosocteamsport.com\/en\/wp-json\/wp\/v2\/product"}],"about":[{"href":"https:\/\/prosocteamsport.com\/en\/wp-json\/wp\/v2\/types\/product"}],"replies":[{"embeddable":true,"href":"https:\/\/prosocteamsport.com\/en\/wp-json\/wp\/v2\/comments?post=17299"}],"version-history":[{"count":2,"href":"https:\/\/prosocteamsport.com\/en\/wp-json\/wp\/v2\/product\/17299\/revisions"}],"predecessor-version":[{"id":17313,"href":"https:\/\/prosocteamsport.com\/en\/wp-json\/wp\/v2\/product\/17299\/revisions\/17313"}],"wp:featuredmedia":[{"embeddable":true,"href":"https:\/\/prosocteamsport.com\/en\/wp-json\/wp\/v2\/media\/17312"}],"wp:attachment":[{"href":"https:\/\/prosocteamsport.com\/en\/wp-json\/wp\/v2\/media?parent=17299"}],"wp:term":[{"taxonomy":"product_brand","embeddable":true,"href":"https:\/\/prosocteamsport.com\/en\/wp-json\/wp\/v2\/product_brand?post=17299"},{"taxonomy":"product_cat","embeddable":true,"href":"https:\/\/prosocteamsport.com\/en\/wp-json\/wp\/v2\/product_cat?post=17299"},{"taxonomy":"product_tag","embeddable":true,"href":"https:\/\/prosocteamsport.com\/en\/wp-json\/wp\/v2\/product_tag?post=17299"}],"curies":[{"name":"wp","href":"https:\/\/api.w.org\/{rel}","templated":true}]}}