{"id":17254,"date":"2025-08-29T12:41:37","date_gmt":"2025-08-29T10:41:37","guid":{"rendered":"https:\/\/prosocteamsport.com\/?post_type=product&#038;p=17254"},"modified":"2025-08-29T12:41:38","modified_gmt":"2025-08-29T10:41:38","slug":"trainingszipper-djk-puettlingen-winner-iii-blau-navy-blau-weiss","status":"publish","type":"product","link":"https:\/\/prosocteamsport.com\/en\/product\/trainingszipper-djk-puettlingen-winner-iii-blau-navy-blau-weiss\/","title":{"rendered":"Trainingszipper \u2013 DJK P\u00fcttlingen &#8211; Winner III Blau\/Navy Blau-Wei\u00df"},"content":{"rendered":"<p>Sweatshirt mit halbem Rei\u00dfverschluss. Ein Sweatshirt, das f\u00fcr das Training jeder Sportart konzipiert wurde, bequem und vielseitig, das W\u00e4rme bietet und \u00fcber eine ausgezeichnete W\u00e4rmeisolierung verf\u00fcgt.<\/p>\n<p>Es verf\u00fcgt \u00fcber einen Rei\u00dfverschluss bis zur Brust und einen hohen Kragen. Auf diese Weise kann der Sportler die Abdeckung regulieren und die Bel\u00fcftung verbessern.<\/p>\n<p>Hergestellt aus weichem und komfortablem Stoff. Fleece-Innenfutter f\u00fcr ein w\u00e4rmeres Gef\u00fchl bei niedrigen Temperaturen und elastische Fasern f\u00fcr eine optimale Passform und Bewegungsfreiheit.<\/p>\n<p>Design mit kontrastierenden Farbteilen.<\/p>\n<p>Joma-Logo im Druck.<\/p>","protected":false},"excerpt":{"rendered":"<ul class=\"double-column\">\n<li>Elastischer Stoff<\/li>\n<li>Passformtyp: regular<\/li>\n<li>90% Polyester, 10% Elastan<\/li>\n<\/ul>\n<ul>\n<li><strong>Wir empfehlen, die \u201cnormale\u201d Gr\u00f6\u00dfe zu w\u00e4hlen<\/strong><\/li>\n<\/ul>","protected":false},"featured_media":17266,"comment_status":"open","ping_status":"closed","template":"","meta":{"rank_math_lock_modified_date":false},"product_brand":[],"product_cat":[261],"product_tag":[],"class_list":{"0":"post-17254","1":"product","2":"type-product","3":"status-publish","4":"has-post-thumbnail","6":"product_cat-djk-puettlingen","7":"wcpa_has_options","9":"first","10":"instock","11":"taxable","12":"shipping-taxable","13":"purchasable","14":"product-type-variable"},"df_price":34.59,"df_sale_price":"","df_regular_price":34.59,"df_image_link":"https:\/\/prosocteamsport.com\/wp-content\/uploads\/2025\/08\/IMG-20250828-WA0006-263x300.jpg","wcpa_form_fields":{"wcpaData":{"product":{"product_price":34.59,"price_html":"<span class=\"woocommerce-Price-amount amount\"><bdi>34,59&nbsp;<span class=\"woocommerce-Price-currencySymbol\">&euro;<\/span><\/bdi><\/span> &ndash; <span class=\"woocommerce-Price-amount amount\"><bdi>35,59&nbsp;<span class=\"woocommerce-Price-currencySymbol\">&euro;<\/span><\/bdi><\/span>","original_product_price":34.59,"price_including_tax":34.59,"price_excluding_tax":29.067227000000003,"product_id":{"parent":17254,"variation":false},"is_variable":true,"stock_status":"instock","stock_quantity":null,"parent_sku":"","product_attributes":{"pa_groessen-deutsch":{"is_variation":true,"values":[]}},"custom_fields":[],"is_taxable":true,"product_name":"Trainingszipper \u2013 DJK P\u00fcttlingen - Winner III Blau\/Navy Blau-Wei\u00df","hasImage":false},"fields":{"sec_868b02b7db9bb5":{"extra":{"key":"sec_868b02b7db9bb5","section_id":"sec_868b02b7db9bb5","name":"Default","status":1,"cl_rule":"show","enableCl":false,"relations":[],"toggle":true,"title_tag":"h3","show_title":false,"showPrice":"default","form_id":17268,"form_rules":{"exclude_from_discount":false,"fee_label":"Geb\u00fchr","disp_hide_options_price":false,"disp_show_section_price":false,"disp_show_field_price":true,"layout_option":"standard","pric_use_as_fee":false,"process_fee_as":"woo_fee"},"layout_option":"standard"},"fields":[[{"active":true,"col":6,"relations":false,"cl_rule":"show","enableCl":false,"price":"","enablePrice":false,"className":"","label_position":"default","desc_position":"default","type":"select","required":false,"elementId":"select_3759427701","label":"Select Field","name":"select_3759427701","values":[{"label":"Blau - Wei\u00df","value":"Option - 1","selected":false,"tempId":"aco_58","gt_translate_keys":["label"]},{"label":"Navy Blau - Weis","value":"Option - 2","selected":false,"tempId":"aco_59","gt_translate_keys":["label"]}],"dropdown_type":"basic","error":false,"gt_translate_keys":["label"],"price_dependency":false,"cl_dependency":false,"value":""}]]},"sec_065a7cc80d9fcc":{"extra":{"key":"sec_065a7cc80d9fcc","section_id":"sec_065a7cc80d9fcc","name":"Default","status":1,"cl_rule":"show","enableCl":false,"relations":[],"toggle":true,"title_tag":"h3","show_title":false,"showPrice":"default","form_id":12174,"form_rules":{"exclude_from_discount":false,"fee_label":"Geb\u00fchr","disp_hide_options_price":false,"disp_show_section_price":false,"disp_show_field_price":true,"layout_option":"standard","pric_use_as_fee":false,"process_fee_as":"woo_fee"},"layout_option":"standard"},"fields":[[{"active":true,"col":6,"relations":false,"cl_rule":"show","enableCl":false,"price":"","enablePrice":false,"className":"","label_position":"default","desc_position":"default","type":"text","subtype":"text","required":false,"elementId":"text_4956840441","label":"Initialen","name":"text_4956840441","value":"","error":false,"gt_translate_keys":["label","value"],"price_dependency":false,"cl_dependency":false}]]}},"config":{"price_override":"","enable_recaptcha":false,"bind_quantity":false,"quantity_bind_formula":false,"disp_summ_show_option_price":true,"disp_summ_show_product_price":true,"disp_summ_show_total_price":true,"disp_summ_show_fee":false,"disp_summ_show_discount":false,"summary_title":"","options_total_label":"Optionspreis","total_label":"Gesamt","options_product_label":"Produktpreis","fee_label":"Geb\u00fchr","discount_label":"Rabatt","has_price":true,"has_quantity_formula":false},"mc_unit":1,"tax_rate":1,"tax_rate_real":0.19,"discount":{"percentage":0,"fixed":0},"design":{"conf":{"LabelPosition":"above","DescPosition":"above","UploadField":"custom_1","QuantityFieldStyle":"default"},"css":{"LeftLabelWidth":"120px"}},"formulas":[],"lookuptables":[],"clones":false,"cartKey":false}},"_links":{"self":[{"href":"https:\/\/prosocteamsport.com\/en\/wp-json\/wp\/v2\/product\/17254","targetHints":{"allow":["GET"]}}],"collection":[{"href":"https:\/\/prosocteamsport.com\/en\/wp-json\/wp\/v2\/product"}],"about":[{"href":"https:\/\/prosocteamsport.com\/en\/wp-json\/wp\/v2\/types\/product"}],"replies":[{"embeddable":true,"href":"https:\/\/prosocteamsport.com\/en\/wp-json\/wp\/v2\/comments?post=17254"}],"version-history":[{"count":1,"href":"https:\/\/prosocteamsport.com\/en\/wp-json\/wp\/v2\/product\/17254\/revisions"}],"predecessor-version":[{"id":17267,"href":"https:\/\/prosocteamsport.com\/en\/wp-json\/wp\/v2\/product\/17254\/revisions\/17267"}],"wp:featuredmedia":[{"embeddable":true,"href":"https:\/\/prosocteamsport.com\/en\/wp-json\/wp\/v2\/media\/17266"}],"wp:attachment":[{"href":"https:\/\/prosocteamsport.com\/en\/wp-json\/wp\/v2\/media?parent=17254"}],"wp:term":[{"taxonomy":"product_brand","embeddable":true,"href":"https:\/\/prosocteamsport.com\/en\/wp-json\/wp\/v2\/product_brand?post=17254"},{"taxonomy":"product_cat","embeddable":true,"href":"https:\/\/prosocteamsport.com\/en\/wp-json\/wp\/v2\/product_cat?post=17254"},{"taxonomy":"product_tag","embeddable":true,"href":"https:\/\/prosocteamsport.com\/en\/wp-json\/wp\/v2\/product_tag?post=17254"}],"curies":[{"name":"wp","href":"https:\/\/api.w.org\/{rel}","templated":true}]}}