{"id":17046,"date":"2025-08-07T15:46:41","date_gmt":"2025-08-07T13:46:41","guid":{"rendered":"https:\/\/prosocteamsport.com\/?post_type=product&#038;p=17046"},"modified":"2025-08-07T15:56:32","modified_gmt":"2025-08-07T13:56:32","slug":"brama-thermal-lange-hose-schwarz-sv-merchingen","status":"publish","type":"product","link":"https:\/\/prosocteamsport.com\/en\/product\/brama-thermal-lange-hose-schwarz-sv-merchingen\/","title":{"rendered":"BRAMA Thermal Lange Hose \u2013  Schwarz &#8211; SV Merchingen"},"content":{"rendered":"<p>Lange Strumpfhosen f\u00fcr M\u00e4nner\/Jungen. Die Linie mit der BRAMA-Technologie f\u00fcr thermische Kleidung bietet die perfekte Kombination aus regulierenden Eigenschaften der K\u00f6rpertemperatur und Atmungsaktivit\u00e4t. Sie zeichnen sich durch gro\u00dfe Bewegungsfreiheit, Halt und Komfort aus.<\/p>\n<p>Sie verf\u00fcgen \u00fcber einen elastischen Bund, der sich an jede K\u00f6rperform anpasst, ohne zu dr\u00fccken. Flachn\u00e4hte Flatlock-Konstruktion, die m\u00f6gliche Reizungen der Haut verhindert und den Komfort erh\u00f6ht.<\/p>\n<p>Hergestellt aus schwei\u00dfbest\u00e4ndigem, leichtem, weichem und flexiblem Gewebe. H\u00e4lt den Sportler dank seiner atmungsaktiven Eigenschaften bei konstanter K\u00f6rpertemperatur.<\/p>\n<p>Joma-Logo im Druck.<\/p>","protected":false},"excerpt":{"rendered":"<p>&nbsp;<\/p>\n<h3>Eigenschaften<\/h3>\n<ul class=\"double-column\">\n<li>Elastischer Bund<\/li>\n<li>Elastischer, leichter, atmungsaktiver Stoff<\/li>\n<li>Flache Flatlock-N\u00e4hte<\/li>\n<li>Bewegungsfreiheit<\/li>\n<li>Passformtyp: fitted<\/li>\n<li>90% Polyester, 10% Elastan<\/li>\n<\/ul>","protected":false},"featured_media":17062,"comment_status":"open","ping_status":"closed","template":"","meta":{"rank_math_lock_modified_date":false},"product_brand":[],"product_cat":[258],"product_tag":[],"class_list":{"0":"post-17046","1":"product","2":"type-product","3":"status-publish","4":"has-post-thumbnail","6":"product_cat-sv-merchingen","7":"wcpa_has_options","9":"first","10":"instock","11":"taxable","12":"shipping-taxable","13":"purchasable","14":"product-type-variable"},"df_price":19.99,"df_sale_price":"","df_regular_price":19.99,"df_image_link":"https:\/\/prosocteamsport.com\/wp-content\/uploads\/2025\/08\/MH-2-1-263x300.png","wcpa_form_fields":{"wcpaData":{"product":{"product_price":19.99,"price_html":"<span class=\"woocommerce-Price-amount amount\"><bdi>19,99&nbsp;<span class=\"woocommerce-Price-currencySymbol\">&euro;<\/span><\/bdi><\/span>","original_product_price":19.99,"price_including_tax":19.99,"price_excluding_tax":16.798319,"product_id":{"parent":17046,"variation":false},"is_variable":true,"stock_status":"instock","stock_quantity":null,"parent_sku":"101018.100-1","product_attributes":{"pa_groessen-deutsch":{"is_variation":true,"values":[]}},"custom_fields":[],"is_taxable":true,"product_name":"BRAMA Thermal Lange Hose \u2013  Schwarz - SV Merchingen","hasImage":false},"fields":{"sec_065a7cc80d9fcc":{"extra":{"key":"sec_065a7cc80d9fcc","section_id":"sec_065a7cc80d9fcc","name":"Default","status":1,"cl_rule":"show","enableCl":false,"relations":[],"toggle":true,"title_tag":"h3","show_title":false,"showPrice":"default","form_id":12174,"form_rules":{"exclude_from_discount":false,"fee_label":"Fee","disp_hide_options_price":false,"disp_show_section_price":false,"disp_show_field_price":true,"layout_option":"standard","pric_use_as_fee":false,"process_fee_as":"woo_fee"},"layout_option":"standard"},"fields":[[{"active":true,"col":6,"relations":false,"cl_rule":"show","enableCl":false,"price":"","enablePrice":false,"className":"","label_position":"default","desc_position":"default","type":"text","subtype":"text","required":false,"elementId":"text_4956840441","label":"Initialen","name":"text_4956840441","value":"","error":false,"gt_translate_keys":["label","value"],"price_dependency":false,"cl_dependency":false}]]}},"config":{"price_override":"","enable_recaptcha":false,"bind_quantity":false,"quantity_bind_formula":false,"disp_summ_show_option_price":true,"disp_summ_show_product_price":true,"disp_summ_show_total_price":true,"disp_summ_show_fee":false,"disp_summ_show_discount":false,"summary_title":"","options_total_label":"Options Price","total_label":"Total","options_product_label":"Product Price","fee_label":"Fee","discount_label":"Discount","has_price":true,"has_quantity_formula":false},"mc_unit":1,"tax_rate":1,"tax_rate_real":0.19,"discount":{"percentage":0,"fixed":0},"design":{"conf":{"LabelPosition":"above","DescPosition":"above","UploadField":"custom_1","QuantityFieldStyle":"default"},"css":{"LeftLabelWidth":"120px"}},"formulas":[],"lookuptables":[],"clones":false,"cartKey":false}},"_links":{"self":[{"href":"https:\/\/prosocteamsport.com\/en\/wp-json\/wp\/v2\/product\/17046","targetHints":{"allow":["GET"]}}],"collection":[{"href":"https:\/\/prosocteamsport.com\/en\/wp-json\/wp\/v2\/product"}],"about":[{"href":"https:\/\/prosocteamsport.com\/en\/wp-json\/wp\/v2\/types\/product"}],"replies":[{"embeddable":true,"href":"https:\/\/prosocteamsport.com\/en\/wp-json\/wp\/v2\/comments?post=17046"}],"version-history":[{"count":2,"href":"https:\/\/prosocteamsport.com\/en\/wp-json\/wp\/v2\/product\/17046\/revisions"}],"predecessor-version":[{"id":17060,"href":"https:\/\/prosocteamsport.com\/en\/wp-json\/wp\/v2\/product\/17046\/revisions\/17060"}],"wp:featuredmedia":[{"embeddable":true,"href":"https:\/\/prosocteamsport.com\/en\/wp-json\/wp\/v2\/media\/17062"}],"wp:attachment":[{"href":"https:\/\/prosocteamsport.com\/en\/wp-json\/wp\/v2\/media?parent=17046"}],"wp:term":[{"taxonomy":"product_brand","embeddable":true,"href":"https:\/\/prosocteamsport.com\/en\/wp-json\/wp\/v2\/product_brand?post=17046"},{"taxonomy":"product_cat","embeddable":true,"href":"https:\/\/prosocteamsport.com\/en\/wp-json\/wp\/v2\/product_cat?post=17046"},{"taxonomy":"product_tag","embeddable":true,"href":"https:\/\/prosocteamsport.com\/en\/wp-json\/wp\/v2\/product_tag?post=17046"}],"curies":[{"name":"wp","href":"https:\/\/api.w.org\/{rel}","templated":true}]}}