{"id":16963,"date":"2025-08-07T14:58:40","date_gmt":"2025-08-07T12:58:40","guid":{"rendered":"https:\/\/prosocteamsport.com\/?post_type=product&#038;p=16963"},"modified":"2025-08-07T15:04:26","modified_gmt":"2025-08-07T13:04:26","slug":"combi-premium-polo-shirt-schwarz-gelb-sv-merchingen","status":"publish","type":"product","link":"https:\/\/prosocteamsport.com\/en\/product\/combi-premium-polo-shirt-schwarz-gelb-sv-merchingen\/","title":{"rendered":"Combi Premium Polo Shirt \u2013  Schwarz\/Gelb &#8211; SV Merchingen"},"content":{"rendered":"<p>Kurzarm-Polo f\u00fcr M\u00e4nner, das klassischen Stil und Funktionalit\u00e4t kombiniert, entworfen f\u00fcr Komfort und ein vielseitiges Aussehen bei jeder Gelegenheit. Sein Design mit Knopfkragen macht es zu einem eleganten und praktischen Kleidungsst\u00fcck, ideal f\u00fcr sportliche oder legere Aktivit\u00e4ten.<\/p>\n<p>Es verf\u00fcgt \u00fcber Rippen an Kragen und \u00c4rmelb\u00fcndchen, die eine feste und bequeme Passform sowie einen Hauch von Raffinesse gew\u00e4hrleisten. Das innere Cover-Tape sorgt f\u00fcr Verst\u00e4rkung und Komfort, um das Auftreten von Reibungen zu vermeiden.<\/p>\n<p>Haupts\u00e4chlich aus hochwertigem Stoff gefertigt, bietet dieses Polo viele Vorteile: Leichtigkeit, Atmungsaktivit\u00e4t und Widerstandsf\u00e4higkeit sowie eine gro\u00dfartige Weichheit und Komfort. Es ist ein ideales Kleidungsst\u00fcck f\u00fcr diejenigen, die eine perfekte Mischung aus Leistung und Stil suchen.<\/p>\n<p>Besticktes Joma-Logo.<\/p>\n<p>&nbsp;<\/p>","protected":false},"excerpt":{"rendered":"<p>&nbsp;<\/p>\n<h3>Eigenschaften<\/h3>\n<ul class=\"double-column\">\n<li>Gekn\u00f6pfter Polokragen aus Rippenstrick<\/li>\n<li>Atmungsaktives, strapazierf\u00e4higes und komfortables Gewebe<\/li>\n<li>Passformtyp: regular<\/li>\n<li>94% Polyester, 6% Baumwolle<\/li>\n<\/ul>","protected":false},"featured_media":16976,"comment_status":"open","ping_status":"closed","template":"","meta":{"rank_math_lock_modified_date":false},"product_brand":[],"product_cat":[258],"product_tag":[],"class_list":{"0":"post-16963","1":"product","2":"type-product","3":"status-publish","4":"has-post-thumbnail","6":"product_cat-sv-merchingen","7":"wcpa_has_options","9":"first","10":"instock","11":"taxable","12":"shipping-taxable","13":"purchasable","14":"product-type-variable"},"df_price":26.99,"df_sale_price":"","df_regular_price":26.99,"df_image_link":"https:\/\/prosocteamsport.com\/wp-content\/uploads\/2025\/08\/MH-263x300.png","wcpa_form_fields":{"wcpaData":{"product":{"product_price":26.99,"price_html":"<span class=\"woocommerce-Price-amount amount\"><bdi>26,99&nbsp;<span class=\"woocommerce-Price-currencySymbol\">&euro;<\/span><\/bdi><\/span> &ndash; <span class=\"woocommerce-Price-amount amount\"><bdi>27,99&nbsp;<span class=\"woocommerce-Price-currencySymbol\">&euro;<\/span><\/bdi><\/span>","original_product_price":26.99,"price_including_tax":26.99,"price_excluding_tax":22.680671999999998,"product_id":{"parent":16963,"variation":false},"is_variable":true,"stock_status":"instock","stock_quantity":null,"parent_sku":"104494.109-1","product_attributes":{"pa_groessen-deutsch":{"is_variation":true,"values":[]}},"custom_fields":[],"is_taxable":true,"product_name":"Combi Premium Polo Shirt \u2013  Schwarz\/Gelb - SV Merchingen","hasImage":false},"fields":{"sec_065a7cc80d9fcc":{"extra":{"key":"sec_065a7cc80d9fcc","section_id":"sec_065a7cc80d9fcc","name":"Default","status":1,"cl_rule":"show","enableCl":false,"relations":[],"toggle":true,"title_tag":"h3","show_title":false,"showPrice":"default","form_id":12174,"form_rules":{"exclude_from_discount":false,"fee_label":"Fee","disp_hide_options_price":false,"disp_show_section_price":false,"disp_show_field_price":true,"layout_option":"standard","pric_use_as_fee":false,"process_fee_as":"woo_fee"},"layout_option":"standard"},"fields":[[{"active":true,"col":6,"relations":false,"cl_rule":"show","enableCl":false,"price":"","enablePrice":false,"className":"","label_position":"default","desc_position":"default","type":"text","subtype":"text","required":false,"elementId":"text_4956840441","label":"Initialen","name":"text_4956840441","value":"","error":false,"gt_translate_keys":["label","value"],"price_dependency":false,"cl_dependency":false}]]}},"config":{"price_override":"","enable_recaptcha":false,"bind_quantity":false,"quantity_bind_formula":false,"disp_summ_show_option_price":true,"disp_summ_show_product_price":true,"disp_summ_show_total_price":true,"disp_summ_show_fee":false,"disp_summ_show_discount":false,"summary_title":"","options_total_label":"Options Price","total_label":"Total","options_product_label":"Product Price","fee_label":"Fee","discount_label":"Discount","has_price":true,"has_quantity_formula":false},"mc_unit":1,"tax_rate":1,"tax_rate_real":0.19,"discount":{"percentage":0,"fixed":0},"design":{"conf":{"LabelPosition":"above","DescPosition":"above","UploadField":"custom_1","QuantityFieldStyle":"default"},"css":{"LeftLabelWidth":"120px"}},"formulas":[],"lookuptables":[],"clones":false,"cartKey":false}},"_links":{"self":[{"href":"https:\/\/prosocteamsport.com\/en\/wp-json\/wp\/v2\/product\/16963","targetHints":{"allow":["GET"]}}],"collection":[{"href":"https:\/\/prosocteamsport.com\/en\/wp-json\/wp\/v2\/product"}],"about":[{"href":"https:\/\/prosocteamsport.com\/en\/wp-json\/wp\/v2\/types\/product"}],"replies":[{"embeddable":true,"href":"https:\/\/prosocteamsport.com\/en\/wp-json\/wp\/v2\/comments?post=16963"}],"version-history":[{"count":2,"href":"https:\/\/prosocteamsport.com\/en\/wp-json\/wp\/v2\/product\/16963\/revisions"}],"predecessor-version":[{"id":16980,"href":"https:\/\/prosocteamsport.com\/en\/wp-json\/wp\/v2\/product\/16963\/revisions\/16980"}],"wp:featuredmedia":[{"embeddable":true,"href":"https:\/\/prosocteamsport.com\/en\/wp-json\/wp\/v2\/media\/16976"}],"wp:attachment":[{"href":"https:\/\/prosocteamsport.com\/en\/wp-json\/wp\/v2\/media?parent=16963"}],"wp:term":[{"taxonomy":"product_brand","embeddable":true,"href":"https:\/\/prosocteamsport.com\/en\/wp-json\/wp\/v2\/product_brand?post=16963"},{"taxonomy":"product_cat","embeddable":true,"href":"https:\/\/prosocteamsport.com\/en\/wp-json\/wp\/v2\/product_cat?post=16963"},{"taxonomy":"product_tag","embeddable":true,"href":"https:\/\/prosocteamsport.com\/en\/wp-json\/wp\/v2\/product_tag?post=16963"}],"curies":[{"name":"wp","href":"https:\/\/api.w.org\/{rel}","templated":true}]}}