{"id":16879,"date":"2025-08-07T13:45:23","date_gmt":"2025-08-07T11:45:23","guid":{"rendered":"https:\/\/prosocteamsport.com\/?post_type=product&#038;p=16879"},"modified":"2025-08-07T13:51:29","modified_gmt":"2025-08-07T11:51:29","slug":"combi-premium-trainingsjacke-gelb-schwarz-sv-merchingen-2","status":"publish","type":"product","link":"https:\/\/prosocteamsport.com\/en\/product\/combi-premium-trainingsjacke-gelb-schwarz-sv-merchingen-2\/","title":{"rendered":"Combi Premium Trainingsjacke \u2013  Gelb\/Schwarz &#8211; SV Merchingen"},"content":{"rendered":"<p>Trainingsjacke f\u00fcr Herren. Ein unverzichtbares Kleidungsst\u00fcck f\u00fcr alle, die Komfort und Funktionalit\u00e4t in ihrer Sportbekleidung suchen. Mit durchgehendem Rei\u00dfverschluss f\u00fcr eine individuelle Passform und einfaches An- und Ausziehen, w\u00e4hrend das elastische Cover-Tape im Inneren Schutz vor Scheuerstellen bietet. Die Rippenb\u00fcndchen an den \u00c4rmelenden und am Saum sorgen f\u00fcr eine bequeme Passform. Au\u00dferdem verf\u00fcgt sie \u00fcber praktische Taschen, perfekt zum Verstauen kleiner Gegenst\u00e4nde wie Schl\u00fcssel oder das Mobiltelefon.<\/p>\n<p>Hergestellt aus hochwertigem Stoff ist dieser Pullover leicht und atmungsaktiv, was ihn zu einer idealen Wahl f\u00fcr intensive Trainingseinheiten oder um den ganzen Tag \u00fcber bequem zu bleiben. Zudem bietet er unvergleichlichen Komfort beim Tragen.<\/p>\n<p>Besticktes Joma-Logo.<\/p>\n<p>&nbsp;<\/p>","protected":false},"excerpt":{"rendered":"<p>&nbsp;<\/p>\n<h3>Eigenschaften<\/h3>\n<ul class=\"double-column\">\n<li>Raglan\u00e4rmel Manga&#8221;<\/li>\n<li>Gerippte B\u00fcndchen und Saum<\/li>\n<li>Perkins-Kragen<\/li>\n<li>Ohne Taschen<\/li>\n<li>Weiches und komfortables Gewebe mit Fleece im Inneren<\/li>\n<li>Passformtyp: regular<\/li>\n<li>100% Polyester<\/li>\n<\/ul>","protected":false},"featured_media":16895,"comment_status":"open","ping_status":"closed","template":"","meta":{"rank_math_lock_modified_date":false},"product_brand":[],"product_cat":[258],"product_tag":[],"class_list":{"0":"post-16879","1":"product","2":"type-product","3":"status-publish","4":"has-post-thumbnail","6":"product_cat-sv-merchingen","7":"wcpa_has_options","9":"first","10":"instock","11":"taxable","12":"shipping-taxable","13":"purchasable","14":"product-type-variable"},"df_price":31.99,"df_sale_price":"","df_regular_price":31.99,"df_image_link":"https:\/\/prosocteamsport.com\/wp-content\/uploads\/2025\/08\/Untitled-design-23-263x300.png","wcpa_form_fields":{"wcpaData":{"product":{"product_price":31.99,"price_html":"<span class=\"woocommerce-Price-amount amount\"><bdi>31,99&nbsp;<span class=\"woocommerce-Price-currencySymbol\">&euro;<\/span><\/bdi><\/span> &ndash; <span class=\"woocommerce-Price-amount amount\"><bdi>32,50&nbsp;<span class=\"woocommerce-Price-currencySymbol\">&euro;<\/span><\/bdi><\/span>","original_product_price":31.99,"price_including_tax":31.99,"price_excluding_tax":26.882353,"product_id":{"parent":16879,"variation":false},"is_variable":true,"stock_status":"instock","stock_quantity":null,"parent_sku":"104212.109","product_attributes":{"pa_groessen-deutsch":{"is_variation":true,"values":[]}},"custom_fields":[],"is_taxable":true,"product_name":"Combi Premium Trainingsjacke \u2013  Gelb\/Schwarz - SV Merchingen","hasImage":false},"fields":{"sec_065a7cc80d9fcc":{"extra":{"key":"sec_065a7cc80d9fcc","section_id":"sec_065a7cc80d9fcc","name":"Default","status":1,"cl_rule":"show","enableCl":false,"relations":[],"toggle":true,"title_tag":"h3","show_title":false,"showPrice":"default","form_id":12174,"form_rules":{"exclude_from_discount":false,"fee_label":"Fee","disp_hide_options_price":false,"disp_show_section_price":false,"disp_show_field_price":true,"layout_option":"standard","pric_use_as_fee":false,"process_fee_as":"woo_fee"},"layout_option":"standard"},"fields":[[{"active":true,"col":6,"relations":false,"cl_rule":"show","enableCl":false,"price":"","enablePrice":false,"className":"","label_position":"default","desc_position":"default","type":"text","subtype":"text","required":false,"elementId":"text_4956840441","label":"Initialen","name":"text_4956840441","value":"","error":false,"gt_translate_keys":["label","value"],"price_dependency":false,"cl_dependency":false}]]}},"config":{"price_override":"","enable_recaptcha":false,"bind_quantity":false,"quantity_bind_formula":false,"disp_summ_show_option_price":true,"disp_summ_show_product_price":true,"disp_summ_show_total_price":true,"disp_summ_show_fee":false,"disp_summ_show_discount":false,"summary_title":"","options_total_label":"Options Price","total_label":"Total","options_product_label":"Product Price","fee_label":"Fee","discount_label":"Discount","has_price":true,"has_quantity_formula":false},"mc_unit":1,"tax_rate":1,"tax_rate_real":0.19,"discount":{"percentage":0,"fixed":0},"design":{"conf":{"LabelPosition":"above","DescPosition":"above","UploadField":"custom_1","QuantityFieldStyle":"default"},"css":{"LeftLabelWidth":"120px"}},"formulas":[],"lookuptables":[],"clones":false,"cartKey":false}},"_links":{"self":[{"href":"https:\/\/prosocteamsport.com\/en\/wp-json\/wp\/v2\/product\/16879","targetHints":{"allow":["GET"]}}],"collection":[{"href":"https:\/\/prosocteamsport.com\/en\/wp-json\/wp\/v2\/product"}],"about":[{"href":"https:\/\/prosocteamsport.com\/en\/wp-json\/wp\/v2\/types\/product"}],"replies":[{"embeddable":true,"href":"https:\/\/prosocteamsport.com\/en\/wp-json\/wp\/v2\/comments?post=16879"}],"version-history":[{"count":2,"href":"https:\/\/prosocteamsport.com\/en\/wp-json\/wp\/v2\/product\/16879\/revisions"}],"predecessor-version":[{"id":16896,"href":"https:\/\/prosocteamsport.com\/en\/wp-json\/wp\/v2\/product\/16879\/revisions\/16896"}],"wp:featuredmedia":[{"embeddable":true,"href":"https:\/\/prosocteamsport.com\/en\/wp-json\/wp\/v2\/media\/16895"}],"wp:attachment":[{"href":"https:\/\/prosocteamsport.com\/en\/wp-json\/wp\/v2\/media?parent=16879"}],"wp:term":[{"taxonomy":"product_brand","embeddable":true,"href":"https:\/\/prosocteamsport.com\/en\/wp-json\/wp\/v2\/product_brand?post=16879"},{"taxonomy":"product_cat","embeddable":true,"href":"https:\/\/prosocteamsport.com\/en\/wp-json\/wp\/v2\/product_cat?post=16879"},{"taxonomy":"product_tag","embeddable":true,"href":"https:\/\/prosocteamsport.com\/en\/wp-json\/wp\/v2\/product_tag?post=16879"}],"curies":[{"name":"wp","href":"https:\/\/api.w.org\/{rel}","templated":true}]}}