{"id":16766,"date":"2025-07-16T09:57:54","date_gmt":"2025-07-16T07:57:54","guid":{"rendered":"https:\/\/prosocteamsport.com\/?post_type=product&#038;p=16766"},"modified":"2025-07-16T10:01:50","modified_gmt":"2025-07-16T08:01:50","slug":"auswaertstrikot-fc-dahn-1913-weiss-blau-schwarz","status":"publish","type":"product","link":"https:\/\/prosocteamsport.com\/en\/product\/auswaertstrikot-fc-dahn-1913-weiss-blau-schwarz\/","title":{"rendered":"Ausw\u00e4rtstrikot &#8211; FC Dahn 1913 &#8211; Wei\u00df\/Blau\/Schwarz"},"content":{"rendered":"<p>Kurzarm-T-Shirt f\u00fcr Herren, das maximalen Komfort und Vielseitigkeit bietet. Ideal f\u00fcr diejenigen, die nach einem Kleidungsst\u00fcck suchen, das Stil, Funktionalit\u00e4t und Langlebigkeit vereint.<\/p>\n<p>Es verf\u00fcgt \u00fcber einen klassischen Rundhalsausschnitt und ein Innenband, das hilft, jegliche Art von Reibung zu verhindern.<\/p>\n<p>Die Herstellung aus hochwertigem Stoff garantiert Langlebigkeit und Widerstandsf\u00e4higkeit, w\u00e4hrend das Design eine hohe Flexibilit\u00e4t und Anpassungsf\u00e4higkeit an den K\u00f6rper erm\u00f6glicht. Der atmungsaktive Stoff f\u00f6rdert die Luftzirkulation, was hilft, die Haut w\u00e4hrend k\u00f6rperlicher Aktivit\u00e4ten oder im t\u00e4glichen Gebrauch k\u00fchl und trocken zu halten.<\/p>\n<p>Besticktes Joma-Logo.<\/p>","protected":false},"excerpt":{"rendered":"<p>&nbsp;<\/p>\n<h3>Eigenschaften<\/h3>\n<ul class=\"double-column\">\n<li>Leichter, atmungsaktiver und robuster Stoff<\/li>\n<li>Passformtyp: regular<\/li>\n<li>100% Polyester<\/li>\n<\/ul>","protected":false},"featured_media":16779,"comment_status":"open","ping_status":"closed","template":"","meta":{"rank_math_lock_modified_date":false},"product_brand":[],"product_cat":[257],"product_tag":[],"class_list":{"0":"post-16766","1":"product","2":"type-product","3":"status-publish","4":"has-post-thumbnail","6":"product_cat-fc-dahn-1913","7":"wcpa_has_options","9":"first","10":"instock","11":"taxable","12":"shipping-taxable","13":"purchasable","14":"product-type-variable"},"df_price":38,"df_sale_price":"","df_regular_price":38,"df_image_link":"https:\/\/prosocteamsport.com\/wp-content\/uploads\/2025\/07\/58-212x300.png","wcpa_form_fields":{"wcpaData":{"product":{"product_price":38,"price_html":"<span class=\"woocommerce-Price-amount amount\"><bdi>38,00&nbsp;<span class=\"woocommerce-Price-currencySymbol\">&euro;<\/span><\/bdi><\/span> &ndash; <span class=\"woocommerce-Price-amount amount\"><bdi>38,50&nbsp;<span class=\"woocommerce-Price-currencySymbol\">&euro;<\/span><\/bdi><\/span>","original_product_price":38,"price_including_tax":38,"price_excluding_tax":31.932773,"product_id":{"parent":16766,"variation":false},"is_variable":true,"stock_status":"instock","stock_quantity":null,"parent_sku":"104209.207","product_attributes":{"pa_groessen-deutsch":{"is_variation":true,"values":[]}},"custom_fields":[],"is_taxable":true,"product_name":"Ausw\u00e4rtstrikot - FC Dahn 1913 - Wei\u00df\/Blau\/Schwarz","hasImage":false},"fields":{"sec_066dad5e9b83f8":{"extra":{"key":"sec_066dad5e9b83f8","section_id":"sec_066dad5e9b83f8","name":"Default","status":1,"cl_rule":"show","enableCl":false,"relations":[],"toggle":true,"title_tag":"h3","show_title":false,"showPrice":"default","form_id":13890,"form_rules":{"exclude_from_discount":false,"fee_label":"Geb\u00fchr","disp_hide_options_price":false,"disp_show_section_price":false,"disp_show_field_price":true,"layout_option":"standard","pric_use_as_fee":false,"process_fee_as":"woo_fee"},"layout_option":"standard"},"fields":[[{"active":true,"col":6,"relations":false,"cl_rule":"show","enableCl":false,"price":"","enablePrice":false,"className":"","label_position":"default","desc_position":"default","type":"text","subtype":"text","required":true,"elementId":"text_666dad5e9b8434","label":"Nummer\/Number","name":"text_666dad5e9b8434","value":"","error":false,"gt_translate_keys":["label","value"],"price_dependency":false,"cl_dependency":false}]]}},"config":{"price_override":"","enable_recaptcha":false,"bind_quantity":false,"quantity_bind_formula":false,"disp_summ_show_option_price":true,"disp_summ_show_product_price":true,"disp_summ_show_total_price":true,"disp_summ_show_fee":false,"disp_summ_show_discount":false,"summary_title":"","options_total_label":"Optionspreis","total_label":"Gesamt","options_product_label":"Produktpreis","fee_label":"Geb\u00fchr","discount_label":"Rabatt","has_price":true,"has_quantity_formula":false},"mc_unit":1,"tax_rate":1,"tax_rate_real":0.19,"discount":{"percentage":0,"fixed":0},"design":{"conf":{"LabelPosition":"above","DescPosition":"above","UploadField":"custom_1","QuantityFieldStyle":"default"},"css":{"LeftLabelWidth":"120px"}},"formulas":[],"lookuptables":[],"clones":false,"cartKey":false}},"_links":{"self":[{"href":"https:\/\/prosocteamsport.com\/en\/wp-json\/wp\/v2\/product\/16766","targetHints":{"allow":["GET"]}}],"collection":[{"href":"https:\/\/prosocteamsport.com\/en\/wp-json\/wp\/v2\/product"}],"about":[{"href":"https:\/\/prosocteamsport.com\/en\/wp-json\/wp\/v2\/types\/product"}],"replies":[{"embeddable":true,"href":"https:\/\/prosocteamsport.com\/en\/wp-json\/wp\/v2\/comments?post=16766"}],"version-history":[{"count":2,"href":"https:\/\/prosocteamsport.com\/en\/wp-json\/wp\/v2\/product\/16766\/revisions"}],"predecessor-version":[{"id":16781,"href":"https:\/\/prosocteamsport.com\/en\/wp-json\/wp\/v2\/product\/16766\/revisions\/16781"}],"wp:featuredmedia":[{"embeddable":true,"href":"https:\/\/prosocteamsport.com\/en\/wp-json\/wp\/v2\/media\/16779"}],"wp:attachment":[{"href":"https:\/\/prosocteamsport.com\/en\/wp-json\/wp\/v2\/media?parent=16766"}],"wp:term":[{"taxonomy":"product_brand","embeddable":true,"href":"https:\/\/prosocteamsport.com\/en\/wp-json\/wp\/v2\/product_brand?post=16766"},{"taxonomy":"product_cat","embeddable":true,"href":"https:\/\/prosocteamsport.com\/en\/wp-json\/wp\/v2\/product_cat?post=16766"},{"taxonomy":"product_tag","embeddable":true,"href":"https:\/\/prosocteamsport.com\/en\/wp-json\/wp\/v2\/product_tag?post=16766"}],"curies":[{"name":"wp","href":"https:\/\/api.w.org\/{rel}","templated":true}]}}