{"id":16700,"date":"2025-07-11T14:56:06","date_gmt":"2025-07-11T12:56:06","guid":{"rendered":"https:\/\/prosocteamsport.com\/?post_type=product&#038;p=16700"},"modified":"2026-01-02T13:45:53","modified_gmt":"2026-01-02T12:45:53","slug":"iris-regenjacke-schwarz-djk-bildstock","status":"publish","type":"product","link":"https:\/\/prosocteamsport.com\/en\/product\/iris-regenjacke-schwarz-djk-bildstock\/","title":{"rendered":"Iris &#8211; Regenjacke &#8211; Schwarz &#8211; DJK Bildstock"},"content":{"rendered":"<p>Unisex Regenjacke. Modell f\u00fcr alle Altersgruppen. Es handelt sich um eine bequeme und praktische wasserdichte Jacke, die die Fortbewegung und sportliche Aktivit\u00e4ten bei kaltem, regnerischem oder windigem Wetter erleichtert. Sie bietet maximalen Schutz vor Wasser und erm\u00f6glicht gleichzeitig die Atmungsaktivit\u00e4t des Schwei\u00dfes.<\/p>\n<p>Enth\u00e4lt einen Rei\u00dfverschluss mit Blockierschieber, der verhindert, dass der Rei\u00dfverschluss aufgeht und somit Wasser eindringt. Die selbstverstaubare Kapuze kann in der mit Rei\u00dfverschluss verschlossenen Kragentasche verstaut werden. Diese Kapuze ist durch Kordelz\u00fcge verstellbar, um optimalen Schutz vor Wind, K\u00e4lte und Regen zu bieten. Au\u00dferdem verf\u00fcgt sie \u00fcber Taschen zur sicheren Aufbewahrung kleiner Gegenst\u00e4nde, einen verstellbaren \u00c4rmel mit Gummizug f\u00fcr eine bessere Passform und um das Eindringen von Wasser oder K\u00e4lte zu vermeiden.<\/p>\n<p>Hergestellt aus leichtem und wasserabweisendem Material. In den st\u00e4rker schwitzenden Bereichen ist die Micro-Mesh-Technologie integriert, um die Atmungsaktivit\u00e4t zu verbessern und die Bel\u00fcftung zu erh\u00f6hen, was hilft, die K\u00f6rpertemperatur zu regulieren und unangenehme Ger\u00fcche zu vermeiden.<\/p>\n<p>Es hat ein schlichtes und grundlegendes Design, das sich leicht mit jeder Kleidung kombinieren l\u00e4sst.<\/p>\n<p>*Bei den Junior-Gr\u00f6\u00dfen sind keine Kordelz\u00fcge enthalten.<\/p>\n<p>Besticktes Joma-Logo.<\/p>","protected":false},"excerpt":{"rendered":"<p>&nbsp;<\/p>\n<h3>Eigenschaften<\/h3>\n<ul class=\"double-column\">\n<li>Elastische Manschetten<\/li>\n<li>Selbstverstauende Kapuze<\/li>\n<li>Seitentaschen<\/li>\n<li>Leichter und wasserabweisender Stoff<\/li>\n<li>Vermindert schlechte Ger\u00fcche<\/li>\n<li>Inneres Mesh-Gewebe zur Optimierung der Atmungsaktivit\u00e4t<\/li>\n<li>Windbreakers<\/li>\n<li>Wasserdicht<\/li>\n<li>Passformtyp: regular<\/li>\n<li>100% Polyester<\/li>\n<\/ul>","protected":false},"featured_media":16713,"comment_status":"open","ping_status":"closed","template":"","meta":{"rank_math_lock_modified_date":false},"product_brand":[],"product_cat":[243],"product_tag":[],"class_list":{"0":"post-16700","1":"product","2":"type-product","3":"status-publish","4":"has-post-thumbnail","6":"product_cat-djk-bildstock","7":"wcpa_has_options","9":"first","10":"instock","11":"taxable","12":"shipping-taxable","13":"purchasable","14":"product-type-variable"},"df_price":27.09,"df_sale_price":"","df_regular_price":27.09,"df_image_link":"https:\/\/prosocteamsport.com\/wp-content\/uploads\/2025\/07\/AN-2-1-263x300.png","wcpa_form_fields":{"wcpaData":{"product":{"product_price":27.09,"price_html":"<span class=\"woocommerce-Price-amount amount\"><bdi>27,09&nbsp;<span class=\"woocommerce-Price-currencySymbol\">&euro;<\/span><\/bdi><\/span> &ndash; <span class=\"woocommerce-Price-amount amount\"><bdi>29,19&nbsp;<span class=\"woocommerce-Price-currencySymbol\">&euro;<\/span><\/bdi><\/span>","original_product_price":27.09,"price_including_tax":27.09,"price_excluding_tax":22.764706,"product_id":{"parent":16700,"variation":false},"is_variable":true,"stock_status":"instock","stock_quantity":null,"parent_sku":"100087.100","product_attributes":{"pa_groessen-deutsch":{"is_variation":true,"values":[]}},"custom_fields":[],"is_taxable":true,"product_name":"Iris - Regenjacke - Schwarz - DJK Bildstock","hasImage":false},"fields":{"sec_065a7cc80d9fcc":{"extra":{"key":"sec_065a7cc80d9fcc","section_id":"sec_065a7cc80d9fcc","name":"Default","status":1,"cl_rule":"show","enableCl":false,"relations":[],"toggle":true,"title_tag":"h3","show_title":false,"showPrice":"default","form_id":12174,"form_rules":{"exclude_from_discount":false,"fee_label":"Fee","disp_hide_options_price":false,"disp_show_section_price":false,"disp_show_field_price":true,"layout_option":"standard","pric_use_as_fee":false,"process_fee_as":"woo_fee"},"layout_option":"standard"},"fields":[[{"active":true,"col":6,"relations":false,"cl_rule":"show","enableCl":false,"price":"","enablePrice":false,"className":"","label_position":"default","desc_position":"default","type":"text","subtype":"text","required":false,"elementId":"text_4956840441","label":"Initialen","name":"text_4956840441","value":"","error":false,"gt_translate_keys":["label","value"],"price_dependency":false,"cl_dependency":false}]]}},"config":{"price_override":"","enable_recaptcha":false,"bind_quantity":false,"quantity_bind_formula":false,"disp_summ_show_option_price":true,"disp_summ_show_product_price":true,"disp_summ_show_total_price":true,"disp_summ_show_fee":false,"disp_summ_show_discount":false,"summary_title":"","options_total_label":"Options Price","total_label":"Total","options_product_label":"Product Price","fee_label":"Fee","discount_label":"Discount","has_price":true,"has_quantity_formula":false},"mc_unit":1,"tax_rate":1,"tax_rate_real":0.19,"discount":{"percentage":0,"fixed":0},"design":{"conf":{"LabelPosition":"above","DescPosition":"above","UploadField":"custom_1","QuantityFieldStyle":"default"},"css":{"LeftLabelWidth":"120px"}},"formulas":[],"lookuptables":[],"clones":false,"cartKey":false}},"_links":{"self":[{"href":"https:\/\/prosocteamsport.com\/en\/wp-json\/wp\/v2\/product\/16700","targetHints":{"allow":["GET"]}}],"collection":[{"href":"https:\/\/prosocteamsport.com\/en\/wp-json\/wp\/v2\/product"}],"about":[{"href":"https:\/\/prosocteamsport.com\/en\/wp-json\/wp\/v2\/types\/product"}],"replies":[{"embeddable":true,"href":"https:\/\/prosocteamsport.com\/en\/wp-json\/wp\/v2\/comments?post=16700"}],"version-history":[{"count":4,"href":"https:\/\/prosocteamsport.com\/en\/wp-json\/wp\/v2\/product\/16700\/revisions"}],"predecessor-version":[{"id":18028,"href":"https:\/\/prosocteamsport.com\/en\/wp-json\/wp\/v2\/product\/16700\/revisions\/18028"}],"wp:featuredmedia":[{"embeddable":true,"href":"https:\/\/prosocteamsport.com\/en\/wp-json\/wp\/v2\/media\/16713"}],"wp:attachment":[{"href":"https:\/\/prosocteamsport.com\/en\/wp-json\/wp\/v2\/media?parent=16700"}],"wp:term":[{"taxonomy":"product_brand","embeddable":true,"href":"https:\/\/prosocteamsport.com\/en\/wp-json\/wp\/v2\/product_brand?post=16700"},{"taxonomy":"product_cat","embeddable":true,"href":"https:\/\/prosocteamsport.com\/en\/wp-json\/wp\/v2\/product_cat?post=16700"},{"taxonomy":"product_tag","embeddable":true,"href":"https:\/\/prosocteamsport.com\/en\/wp-json\/wp\/v2\/product_tag?post=16700"}],"curies":[{"name":"wp","href":"https:\/\/api.w.org\/{rel}","templated":true}]}}