{"id":16208,"date":"2025-05-08T15:22:35","date_gmt":"2025-05-08T13:22:35","guid":{"rendered":"https:\/\/prosocteamsport.com\/?post_type=product&#038;p=16208"},"modified":"2025-05-08T15:27:32","modified_gmt":"2025-05-08T13:27:32","slug":"olimpiada-zipper-prosoc-coaches-schwarz-rot","status":"publish","type":"product","link":"https:\/\/prosocteamsport.com\/en\/product\/olimpiada-zipper-prosoc-coaches-schwarz-rot\/","title":{"rendered":"Olimpiada \u2013  Zipper \u2013 ProSoc Coaches &#8211; schwarz\/rot"},"content":{"rendered":"<p>Herren-Sweatshirt mit halbem Rei\u00dfverschluss. Ein sehr bequemer und vielseitiger Sweater, geeignet f\u00fcr Trainings in jeder Sportart. Seine warme Ausstattung bietet eine ausgezeichnete W\u00e4rmeisolation.<\/p>\n<p>Der Sweater verf\u00fcgt \u00fcber einen Rei\u00dfverschluss bis zur Brust, einen hohen Kragen und ein elastisches Innenband, um die Passform zu optimieren und m\u00f6gliche Reibestellen zu verhindern. Rippb\u00fcndchen an den \u00c4rmeln und am Saum.<\/p>\n<p>Hergestellt aus weichem und komfortablem Gewebe. Fleece-Innenfutter f\u00fcr ein w\u00e4rmeres Gef\u00fchl bei niedrigen Temperaturen.<\/p>\n<p>Design mit personalisierten Details auf den Schultern. Aufgesticktes Joma-Logo.<\/p>","protected":false},"excerpt":{"rendered":"<ul class=\"double-column\">\n<li>Gerippte B\u00fcndchen und Saum<\/li>\n<li>Fleece-Stoff innen<\/li>\n<li>Passformtyp: regular<\/li>\n<li>100% Polyester<\/li>\n<\/ul>\n<ul>\n<li><strong>Wir empfehlen, die \u201cnormale\u201d Gr\u00f6\u00dfe zu w\u00e4hlen<\/strong><\/li>\n<\/ul>","protected":false},"featured_media":16220,"comment_status":"open","ping_status":"closed","template":"","meta":{"rank_math_lock_modified_date":false},"product_brand":[],"product_cat":[242],"product_tag":[],"class_list":{"0":"post-16208","1":"product","2":"type-product","3":"status-publish","4":"has-post-thumbnail","6":"product_cat-prosoc-coaches","7":"wcpa_has_options","9":"first","10":"instock","11":"taxable","12":"shipping-taxable","13":"purchasable","14":"product-type-variable"},"df_price":32.5,"df_sale_price":"","df_regular_price":32.5,"df_image_link":"https:\/\/prosocteamsport.com\/wp-content\/uploads\/2025\/05\/BS-3-263x300.png","wcpa_form_fields":{"wcpaData":{"product":{"product_price":32.5,"price_html":"<span class=\"woocommerce-Price-amount amount\"><bdi>32,50&nbsp;<span class=\"woocommerce-Price-currencySymbol\">&euro;<\/span><\/bdi><\/span>","original_product_price":32.5,"price_including_tax":32.5,"price_excluding_tax":27.310924,"product_id":{"parent":16208,"variation":false},"is_variable":true,"stock_status":"instock","stock_quantity":null,"parent_sku":"100052.600-1","product_attributes":{"pa_size":{"is_variation":true,"values":[]}},"custom_fields":[],"is_taxable":true,"product_name":"Olimpiada \u2013  Zipper \u2013 ProSoc Coaches - schwarz\/rot","hasImage":false},"fields":{"sec_065a7cc80d9fcc":{"extra":{"key":"sec_065a7cc80d9fcc","section_id":"sec_065a7cc80d9fcc","name":"Default","status":1,"cl_rule":"show","enableCl":false,"relations":[],"toggle":true,"title_tag":"h3","show_title":false,"showPrice":"default","form_id":12174,"form_rules":{"exclude_from_discount":false,"fee_label":"Fee","disp_hide_options_price":false,"disp_show_section_price":false,"disp_show_field_price":true,"layout_option":"standard","pric_use_as_fee":false,"process_fee_as":"woo_fee"},"layout_option":"standard"},"fields":[[{"active":true,"col":6,"relations":false,"cl_rule":"show","enableCl":false,"price":"","enablePrice":false,"className":"","label_position":"default","desc_position":"default","type":"text","subtype":"text","required":false,"elementId":"text_4956840441","label":"Initialen","name":"text_4956840441","value":"","error":false,"gt_translate_keys":["label","value"],"price_dependency":false,"cl_dependency":false}]]}},"config":{"price_override":"","enable_recaptcha":false,"bind_quantity":false,"quantity_bind_formula":false,"disp_summ_show_option_price":true,"disp_summ_show_product_price":true,"disp_summ_show_total_price":true,"disp_summ_show_fee":false,"disp_summ_show_discount":false,"summary_title":"","options_total_label":"Options Price","total_label":"Total","options_product_label":"Product Price","fee_label":"Fee","discount_label":"Discount","has_price":true,"has_quantity_formula":false},"mc_unit":1,"tax_rate":1,"tax_rate_real":0.19,"discount":{"percentage":0,"fixed":0},"design":{"conf":{"LabelPosition":"above","DescPosition":"above","UploadField":"custom_1","QuantityFieldStyle":"default"},"css":{"LeftLabelWidth":"120px"}},"formulas":[],"lookuptables":[],"clones":false,"cartKey":false}},"_links":{"self":[{"href":"https:\/\/prosocteamsport.com\/en\/wp-json\/wp\/v2\/product\/16208","targetHints":{"allow":["GET"]}}],"collection":[{"href":"https:\/\/prosocteamsport.com\/en\/wp-json\/wp\/v2\/product"}],"about":[{"href":"https:\/\/prosocteamsport.com\/en\/wp-json\/wp\/v2\/types\/product"}],"replies":[{"embeddable":true,"href":"https:\/\/prosocteamsport.com\/en\/wp-json\/wp\/v2\/comments?post=16208"}],"version-history":[{"count":2,"href":"https:\/\/prosocteamsport.com\/en\/wp-json\/wp\/v2\/product\/16208\/revisions"}],"predecessor-version":[{"id":16222,"href":"https:\/\/prosocteamsport.com\/en\/wp-json\/wp\/v2\/product\/16208\/revisions\/16222"}],"wp:featuredmedia":[{"embeddable":true,"href":"https:\/\/prosocteamsport.com\/en\/wp-json\/wp\/v2\/media\/16220"}],"wp:attachment":[{"href":"https:\/\/prosocteamsport.com\/en\/wp-json\/wp\/v2\/media?parent=16208"}],"wp:term":[{"taxonomy":"product_brand","embeddable":true,"href":"https:\/\/prosocteamsport.com\/en\/wp-json\/wp\/v2\/product_brand?post=16208"},{"taxonomy":"product_cat","embeddable":true,"href":"https:\/\/prosocteamsport.com\/en\/wp-json\/wp\/v2\/product_cat?post=16208"},{"taxonomy":"product_tag","embeddable":true,"href":"https:\/\/prosocteamsport.com\/en\/wp-json\/wp\/v2\/product_tag?post=16208"}],"curies":[{"name":"wp","href":"https:\/\/api.w.org\/{rel}","templated":true}]}}