{"id":16078,"date":"2025-04-14T11:19:20","date_gmt":"2025-04-14T09:19:20","guid":{"rendered":"https:\/\/prosocteamsport.com\/?post_type=product&#038;p=16078"},"modified":"2026-02-17T10:41:58","modified_gmt":"2026-02-17T09:41:58","slug":"combi-aermelloses-shirt-djk-st-ingbert-rot","status":"publish","type":"product","link":"https:\/\/prosocteamsport.com\/en\/product\/combi-aermelloses-shirt-djk-st-ingbert-rot\/","title":{"rendered":"Combi &#8211; \u00c4rmelloses Shirt &#8211; Rot &#8211; DJK St. Ingbert"},"content":{"rendered":"<p>\u00c4rmelloses T-Shirt mit -Ausschnitt. Mit MICRO-MESH, einer Technologie, die imstande ist, die K\u00f6rperfeuchtigkeit des Sportlers zu steuern.<\/p>","protected":false},"excerpt":{"rendered":"<ul class=\"double-column\">\n<li>Leichter und robuster Stoff<\/li>\n<li>Enth\u00e4lt Micro-Mesh-Technologie in den Bereichen mit hoher Transpiration<\/li>\n<li>Vermindert schlechte Ger\u00fcche<\/li>\n<li>Bewegungsfreiheit<\/li>\n<li>100% Polyester<\/li>\n<\/ul>\n<ul>\n<li><strong>Wir empfehlen, die \u201cnormale\u201d Gr\u00f6\u00dfe zu w\u00e4hlen<\/strong><\/li>\n<\/ul>","protected":false},"featured_media":16090,"comment_status":"open","ping_status":"closed","template":"","meta":{"rank_math_lock_modified_date":false},"product_brand":[],"product_cat":[178],"product_tag":[],"class_list":{"0":"post-16078","1":"product","2":"type-product","3":"status-publish","4":"has-post-thumbnail","6":"product_cat-djk-st-ingbert","7":"wcpa_has_options","9":"first","10":"instock","11":"taxable","12":"shipping-taxable","13":"purchasable","14":"product-type-variable"},"df_price":14.29,"df_sale_price":"","df_regular_price":14.29,"df_image_link":"https:\/\/prosocteamsport.com\/wp-content\/uploads\/2025\/04\/Combi-Tank-Top-Rot-263x300.png","wcpa_form_fields":{"wcpaData":{"product":{"product_price":14.29,"price_html":"<span class=\"woocommerce-Price-amount amount\"><bdi>14,29&nbsp;<span class=\"woocommerce-Price-currencySymbol\">&euro;<\/span><\/bdi><\/span> &ndash; <span class=\"woocommerce-Price-amount amount\"><bdi>14,99&nbsp;<span class=\"woocommerce-Price-currencySymbol\">&euro;<\/span><\/bdi><\/span>","original_product_price":14.29,"price_including_tax":14.29,"price_excluding_tax":12.008403,"product_id":{"parent":16078,"variation":false},"is_variable":true,"stock_status":"instock","stock_quantity":null,"parent_sku":"100436.600-DJK","product_attributes":{"pa_groessen-deutsch":{"is_variation":true,"values":[]}},"custom_fields":[],"is_taxable":true,"product_name":"Combi - \u00c4rmelloses Shirt - Rot - DJK St. Ingbert","hasImage":false},"fields":{"sec_065a7cc80d9fcc":{"extra":{"key":"sec_065a7cc80d9fcc","section_id":"sec_065a7cc80d9fcc","name":"Default","status":1,"cl_rule":"show","enableCl":false,"relations":[],"toggle":true,"title_tag":"h3","show_title":false,"showPrice":"default","form_id":12174,"form_rules":{"exclude_from_discount":false,"fee_label":"Fee","disp_hide_options_price":false,"disp_show_section_price":false,"disp_show_field_price":true,"layout_option":"standard","pric_use_as_fee":false,"process_fee_as":"woo_fee"},"layout_option":"standard"},"fields":[[{"active":true,"col":6,"relations":false,"cl_rule":"show","enableCl":false,"price":"","enablePrice":false,"className":"","label_position":"default","desc_position":"default","type":"text","subtype":"text","required":false,"elementId":"text_4956840441","label":"Initialen","name":"text_4956840441","value":"","error":false,"gt_translate_keys":["label","value"],"price_dependency":false,"cl_dependency":false}]]}},"config":{"price_override":"","enable_recaptcha":false,"bind_quantity":false,"quantity_bind_formula":false,"disp_summ_show_option_price":true,"disp_summ_show_product_price":true,"disp_summ_show_total_price":true,"disp_summ_show_fee":false,"disp_summ_show_discount":false,"summary_title":"","options_total_label":"Options Price","total_label":"Total","options_product_label":"Product Price","fee_label":"Fee","discount_label":"Discount","has_price":true,"has_quantity_formula":false},"mc_unit":1,"tax_rate":1,"tax_rate_real":0.19,"discount":{"percentage":0,"fixed":0},"design":{"conf":{"LabelPosition":"above","DescPosition":"above","UploadField":"custom_1","QuantityFieldStyle":"default"},"css":{"LeftLabelWidth":"120px"}},"formulas":[],"lookuptables":[],"clones":false,"cartKey":false}},"_links":{"self":[{"href":"https:\/\/prosocteamsport.com\/en\/wp-json\/wp\/v2\/product\/16078","targetHints":{"allow":["GET"]}}],"collection":[{"href":"https:\/\/prosocteamsport.com\/en\/wp-json\/wp\/v2\/product"}],"about":[{"href":"https:\/\/prosocteamsport.com\/en\/wp-json\/wp\/v2\/types\/product"}],"replies":[{"embeddable":true,"href":"https:\/\/prosocteamsport.com\/en\/wp-json\/wp\/v2\/comments?post=16078"}],"version-history":[{"count":4,"href":"https:\/\/prosocteamsport.com\/en\/wp-json\/wp\/v2\/product\/16078\/revisions"}],"predecessor-version":[{"id":18135,"href":"https:\/\/prosocteamsport.com\/en\/wp-json\/wp\/v2\/product\/16078\/revisions\/18135"}],"wp:featuredmedia":[{"embeddable":true,"href":"https:\/\/prosocteamsport.com\/en\/wp-json\/wp\/v2\/media\/16090"}],"wp:attachment":[{"href":"https:\/\/prosocteamsport.com\/en\/wp-json\/wp\/v2\/media?parent=16078"}],"wp:term":[{"taxonomy":"product_brand","embeddable":true,"href":"https:\/\/prosocteamsport.com\/en\/wp-json\/wp\/v2\/product_brand?post=16078"},{"taxonomy":"product_cat","embeddable":true,"href":"https:\/\/prosocteamsport.com\/en\/wp-json\/wp\/v2\/product_cat?post=16078"},{"taxonomy":"product_tag","embeddable":true,"href":"https:\/\/prosocteamsport.com\/en\/wp-json\/wp\/v2\/product_tag?post=16078"}],"curies":[{"name":"wp","href":"https:\/\/api.w.org\/{rel}","templated":true}]}}