{"id":16037,"date":"2025-04-11T12:11:47","date_gmt":"2025-04-11T10:11:47","guid":{"rendered":"https:\/\/prosocteamsport.com\/?post_type=product&#038;p=16037"},"modified":"2025-04-14T11:42:10","modified_gmt":"2025-04-14T09:42:10","slug":"olimpiada-praesentationsjacke-rot-weiss-sg-massweiler-hoehmuehlbach-kopie","status":"publish","type":"product","link":"https:\/\/prosocteamsport.com\/en\/product\/olimpiada-praesentationsjacke-rot-weiss-sg-massweiler-hoehmuehlbach-kopie\/","title":{"rendered":"Olimpiada Pr\u00e4sentationshose  \u2013  Rot\/Schwarz- SG Ma\u00dfweiler &#8211; H\u00f6hm\u00fchlbach"},"content":{"rendered":"<ul>\n<li>Lange Hose f\u00fcr Herren. Diese Trainingshose ist perfekt f\u00fcr jede Sportaus\u00fcbung. Ihr bequemes und strapazierf\u00e4higes Gewebe macht sie zu einem sehr vielseitigen und funktionellen Kleidungsst\u00fcck.Mit verstellbarem elastischem Bund durch einen Innenkordelzug f\u00fcr optimale Anpassung und Fixierung. Die Hose hat Rei\u00dfverschl\u00fcsse an den B\u00fcndchen f\u00fcr einfaches An- und Ausziehen. Ausgestattet mit zwei seitlichen Rei\u00dfverschlusstaschen zur sicheren Aufbewahrung kleiner pers\u00f6nlicher Gegenst\u00e4nde.\n<p>Die Hose ist in einem sehr engen Skinny-Schnitt mit individuellen Details an den Seiten gefertigt. Hergestellt aus bequemem, weichem und atmungsaktivem Stoff. Hervorragende Robustheit und Bewegungsfreiheit.<\/p>\n<p>Aufgesticktes Joma-Logo<\/li>\n<\/ul>","protected":false},"excerpt":{"rendered":"<p>&nbsp;<\/p>\n<p>&nbsp;<\/p>\n<p>&nbsp;<\/p>\n<ul class=\"featuresul\">\n<li>\n<h3>Elastischer Bund mit Kordelzug<\/h3>\n<\/li>\n<li>\n<h3>Saum mit Rei\u00dfverschluss<\/h3>\n<\/li>\n<li>\n<h3>Passformtyp: regular<\/h3>\n<\/li>\n<li>\n<h3>100% Polyester<\/h3>\n<\/li>\n<\/ul>\n<p>&nbsp;<\/p>\n<ul class=\"cares-list\">\n<li id=\"maquina_max30\"><img decoding=\"async\" class=\"cares-icon\" src=\"https:\/\/www.joma-sport.com\/on\/demandware.static\/-\/Library-Sites-JomaSharedLibrary\/de_DE\/v1744321009911\/images\/attributes\/cuidados\/00226.svg\" width=\"50\" height=\"50\" \/>\u00a0Maschinenwaschbar bei maximal 30 Grad<\/li>\n<li id=\"no_lejia\"><img decoding=\"async\" class=\"cares-icon\" src=\"https:\/\/www.joma-sport.com\/on\/demandware.static\/-\/Library-Sites-JomaSharedLibrary\/de_DE\/v1744321009911\/images\/attributes\/cuidados\/00227.svg\" width=\"46\" height=\"46\" \/>\u00a0 Kein Bleichmittel verwenden<\/li>\n<li id=\"no_secadora\"><img decoding=\"async\" class=\"cares-icon\" src=\"https:\/\/www.joma-sport.com\/on\/demandware.static\/-\/Library-Sites-JomaSharedLibrary\/de_DE\/v1744321009911\/images\/attributes\/cuidados\/00228.svg\" width=\"44\" height=\"44\" \/>\u00a0Nicht im W\u00e4schetrockner trocknen<\/li>\n<li id=\"plancha_max110\"><img loading=\"lazy\" decoding=\"async\" class=\"cares-icon\" src=\"https:\/\/www.joma-sport.com\/on\/demandware.static\/-\/Library-Sites-JomaSharedLibrary\/de_DE\/v1744321009911\/images\/attributes\/cuidados\/00229.svg\" width=\"49\" height=\"49\" \/>\u00a0Bei maximal 110 Grad b\u00fcgeln<\/li>\n<li id=\"no_limpiar_seco\"><img loading=\"lazy\" decoding=\"async\" class=\"cares-icon\" src=\"https:\/\/www.joma-sport.com\/on\/demandware.static\/-\/Library-Sites-JomaSharedLibrary\/de_DE\/v1744321009911\/images\/attributes\/cuidados\/00230.svg\" width=\"38\" height=\"38\" \/>\u00a0Nicht trocken waschen<\/li>\n<\/ul>\n<ul class=\"double-column\">\n<li>100% Polyester<\/li>\n<\/ul>\n<p>&nbsp;<\/p>","protected":false},"featured_media":16046,"comment_status":"open","ping_status":"closed","template":"","meta":{"rank_math_lock_modified_date":false},"product_brand":[],"product_cat":[241],"product_tag":[],"class_list":{"0":"post-16037","1":"product","2":"type-product","3":"status-publish","4":"has-post-thumbnail","6":"product_cat-tus-massweiler-vereinskollektionen","7":"wcpa_has_options","9":"first","10":"instock","11":"taxable","12":"shipping-taxable","13":"purchasable","14":"product-type-variable"},"df_price":29.99,"df_sale_price":"","df_regular_price":29.99,"df_image_link":"https:\/\/prosocteamsport.com\/wp-content\/uploads\/2025\/04\/9-212x300.png","wcpa_form_fields":{"wcpaData":{"product":{"product_price":29.99,"price_html":"<span class=\"woocommerce-Price-amount amount\"><bdi>29,99&nbsp;<span class=\"woocommerce-Price-currencySymbol\">&euro;<\/span><\/bdi><\/span> &ndash; <span class=\"woocommerce-Price-amount amount\"><bdi>30,50&nbsp;<span class=\"woocommerce-Price-currencySymbol\">&euro;<\/span><\/bdi><\/span>","original_product_price":29.99,"price_including_tax":29.99,"price_excluding_tax":25.201680999999997,"product_id":{"parent":16037,"variation":false},"is_variable":true,"stock_status":"instock","stock_quantity":null,"parent_sku":"103741.106","product_attributes":{"pa_size":{"is_variation":true,"values":[]}},"custom_fields":[],"is_taxable":true,"product_name":"Olimpiada Pr\u00e4sentationshose  \u2013  Rot\/Schwarz- SG Ma\u00dfweiler - H\u00f6hm\u00fchlbach","hasImage":false},"fields":{"sec_065a7cc80d9fcc":{"extra":{"key":"sec_065a7cc80d9fcc","section_id":"sec_065a7cc80d9fcc","name":"Default","status":1,"cl_rule":"show","enableCl":false,"relations":[],"toggle":true,"title_tag":"h3","show_title":false,"showPrice":"default","form_id":12174,"form_rules":{"exclude_from_discount":false,"fee_label":"Geb\u00fchr","disp_hide_options_price":false,"disp_show_section_price":false,"disp_show_field_price":true,"layout_option":"standard","pric_use_as_fee":false,"process_fee_as":"woo_fee"},"layout_option":"standard"},"fields":[[{"active":true,"col":6,"relations":false,"cl_rule":"show","enableCl":false,"price":"","enablePrice":false,"className":"","label_position":"default","desc_position":"default","type":"text","subtype":"text","required":false,"elementId":"text_4956840441","label":"Initialen","name":"text_4956840441","value":"","error":false,"gt_translate_keys":["label","value"],"price_dependency":false,"cl_dependency":false}]]}},"config":{"price_override":"","enable_recaptcha":false,"bind_quantity":false,"quantity_bind_formula":false,"disp_summ_show_option_price":true,"disp_summ_show_product_price":true,"disp_summ_show_total_price":true,"disp_summ_show_fee":false,"disp_summ_show_discount":false,"summary_title":"","options_total_label":"Optionspreis","total_label":"Gesamt","options_product_label":"Produktpreis","fee_label":"Geb\u00fchr","discount_label":"Rabatt","has_price":true,"has_quantity_formula":false},"mc_unit":1,"tax_rate":1,"tax_rate_real":0.19,"discount":{"percentage":0,"fixed":0},"design":{"conf":{"LabelPosition":"above","DescPosition":"above","UploadField":"custom_1","QuantityFieldStyle":"default"},"css":{"LeftLabelWidth":"120px"}},"formulas":[],"lookuptables":[],"clones":false,"cartKey":false}},"_links":{"self":[{"href":"https:\/\/prosocteamsport.com\/en\/wp-json\/wp\/v2\/product\/16037","targetHints":{"allow":["GET"]}}],"collection":[{"href":"https:\/\/prosocteamsport.com\/en\/wp-json\/wp\/v2\/product"}],"about":[{"href":"https:\/\/prosocteamsport.com\/en\/wp-json\/wp\/v2\/types\/product"}],"replies":[{"embeddable":true,"href":"https:\/\/prosocteamsport.com\/en\/wp-json\/wp\/v2\/comments?post=16037"}],"version-history":[{"count":5,"href":"https:\/\/prosocteamsport.com\/en\/wp-json\/wp\/v2\/product\/16037\/revisions"}],"predecessor-version":[{"id":16098,"href":"https:\/\/prosocteamsport.com\/en\/wp-json\/wp\/v2\/product\/16037\/revisions\/16098"}],"wp:featuredmedia":[{"embeddable":true,"href":"https:\/\/prosocteamsport.com\/en\/wp-json\/wp\/v2\/media\/16046"}],"wp:attachment":[{"href":"https:\/\/prosocteamsport.com\/en\/wp-json\/wp\/v2\/media?parent=16037"}],"wp:term":[{"taxonomy":"product_brand","embeddable":true,"href":"https:\/\/prosocteamsport.com\/en\/wp-json\/wp\/v2\/product_brand?post=16037"},{"taxonomy":"product_cat","embeddable":true,"href":"https:\/\/prosocteamsport.com\/en\/wp-json\/wp\/v2\/product_cat?post=16037"},{"taxonomy":"product_tag","embeddable":true,"href":"https:\/\/prosocteamsport.com\/en\/wp-json\/wp\/v2\/product_tag?post=16037"}],"curies":[{"name":"wp","href":"https:\/\/api.w.org\/{rel}","templated":true}]}}