{"id":16010,"date":"2025-04-11T11:55:26","date_gmt":"2025-04-11T09:55:26","guid":{"rendered":"https:\/\/prosocteamsport.com\/?post_type=product&#038;p=16010"},"modified":"2025-12-09T10:32:07","modified_gmt":"2025-12-09T09:32:07","slug":"olimpiada-praesentationsshirt-schwarz-rot-sg-massweiler-hoehmuehlbach","status":"publish","type":"product","link":"https:\/\/prosocteamsport.com\/en\/product\/olimpiada-praesentationsshirt-schwarz-rot-sg-massweiler-hoehmuehlbach\/","title":{"rendered":"Olimpiada Pr\u00e4sentationsshirt  \u2013  Schwarz\/Rot &#8211; SG Ma\u00dfweiler &#8211; H\u00f6hm\u00fchlbach"},"content":{"rendered":"<ul>\n<li>Kurzarm-T-Shirt f\u00fcr Herren. Es handelt sich um ein sehr vielseitiges Multisport-T-Shirt, das bei verschiedenen k\u00f6rperlichen Aktivit\u00e4ten getragen werden kann. Au\u00dferdem ist es umweltfreundlich, da es vollst\u00e4ndig aus recyceltem Stoff hergestellt ist.Es hat einen Rundhalsausschnitt aus einem Basismaterial mit elastischem Innenband zur Vermeidung von Reibung und zur Verbesserung der Passform.Hergestellt zu 100 % aus recyceltem Polyester in einem umweltfreundlichen Verfahren. Tats\u00e4chlich wird es aus recycelten Kunststoffen gewonnen. Dieses Material zeichnet sich durch seine Widerstandsf\u00e4higkeit, Elastizit\u00e4t und Atmungsaktivit\u00e4t aus. Bewegungsfreiheit garantiert.\n<p>Design mit individuellen Details auf den Schultern. Gesticktes Joma-Logo.<\/li>\n<\/ul>","protected":false},"excerpt":{"rendered":"<p>&nbsp;<\/p>\n<h3>Eigenschaften<\/h3>\n<ul class=\"double-column\">\n<li>Bequemer Stoff<\/li>\n<li>Nahtlos an den Schultern<\/li>\n<li>Hergestellt aus recyceltem Polyester<\/li>\n<li>Passformtyp: semi fitted<\/li>\n<li>100% Polyester<\/li>\n<\/ul>","protected":false},"featured_media":16019,"comment_status":"open","ping_status":"closed","template":"","meta":{"rank_math_lock_modified_date":false},"product_brand":[],"product_cat":[241],"product_tag":[],"class_list":{"0":"post-16010","1":"product","2":"type-product","3":"status-publish","4":"has-post-thumbnail","6":"product_cat-tus-massweiler-vereinskollektionen","7":"wcpa_has_options","9":"first","10":"instock","11":"taxable","12":"shipping-taxable","13":"purchasable","14":"product-type-variable"},"df_price":19.99,"df_sale_price":"","df_regular_price":19.99,"df_image_link":"https:\/\/prosocteamsport.com\/wp-content\/uploads\/2025\/04\/7-212x300.png","wcpa_form_fields":{"wcpaData":{"product":{"product_price":19.99,"price_html":"<span class=\"woocommerce-Price-amount amount\"><bdi>19,99&nbsp;<span class=\"woocommerce-Price-currencySymbol\">&euro;<\/span><\/bdi><\/span> &ndash; <span class=\"woocommerce-Price-amount amount\"><bdi>20,50&nbsp;<span class=\"woocommerce-Price-currencySymbol\">&euro;<\/span><\/bdi><\/span>","original_product_price":19.99,"price_including_tax":19.99,"price_excluding_tax":16.798319,"product_id":{"parent":16010,"variation":false},"is_variable":true,"stock_status":"instock","stock_quantity":null,"parent_sku":"104494.151-1-2-1","product_attributes":{"pa_size":{"is_variation":true,"values":[]}},"custom_fields":[],"is_taxable":true,"product_name":"Olimpiada Pr\u00e4sentationsshirt  \u2013  Schwarz\/Rot - SG Ma\u00dfweiler - H\u00f6hm\u00fchlbach","hasImage":false},"fields":{"sec_065a7cc80d9fcc":{"extra":{"key":"sec_065a7cc80d9fcc","section_id":"sec_065a7cc80d9fcc","name":"Default","status":1,"cl_rule":"show","enableCl":false,"relations":[],"toggle":true,"title_tag":"h3","show_title":false,"showPrice":"default","form_id":12174,"form_rules":{"exclude_from_discount":false,"fee_label":"Fee","disp_hide_options_price":false,"disp_show_section_price":false,"disp_show_field_price":true,"layout_option":"standard","pric_use_as_fee":false,"process_fee_as":"woo_fee"},"layout_option":"standard"},"fields":[[{"active":true,"col":6,"relations":false,"cl_rule":"show","enableCl":false,"price":"","enablePrice":false,"className":"","label_position":"default","desc_position":"default","type":"text","subtype":"text","required":false,"elementId":"text_4956840441","label":"Initialen","name":"text_4956840441","value":"","error":false,"gt_translate_keys":["label","value"],"price_dependency":false,"cl_dependency":false}]]}},"config":{"price_override":"","enable_recaptcha":false,"bind_quantity":false,"quantity_bind_formula":false,"disp_summ_show_option_price":true,"disp_summ_show_product_price":true,"disp_summ_show_total_price":true,"disp_summ_show_fee":false,"disp_summ_show_discount":false,"summary_title":"","options_total_label":"Options Price","total_label":"Total","options_product_label":"Product Price","fee_label":"Fee","discount_label":"Discount","has_price":true,"has_quantity_formula":false},"mc_unit":1,"tax_rate":1,"tax_rate_real":0.19,"discount":{"percentage":0,"fixed":0},"design":{"conf":{"LabelPosition":"above","DescPosition":"above","UploadField":"custom_1","QuantityFieldStyle":"default"},"css":{"LeftLabelWidth":"120px"}},"formulas":[],"lookuptables":[],"clones":false,"cartKey":false}},"_links":{"self":[{"href":"https:\/\/prosocteamsport.com\/en\/wp-json\/wp\/v2\/product\/16010","targetHints":{"allow":["GET"]}}],"collection":[{"href":"https:\/\/prosocteamsport.com\/en\/wp-json\/wp\/v2\/product"}],"about":[{"href":"https:\/\/prosocteamsport.com\/en\/wp-json\/wp\/v2\/types\/product"}],"replies":[{"embeddable":true,"href":"https:\/\/prosocteamsport.com\/en\/wp-json\/wp\/v2\/comments?post=16010"}],"version-history":[{"count":5,"href":"https:\/\/prosocteamsport.com\/en\/wp-json\/wp\/v2\/product\/16010\/revisions"}],"predecessor-version":[{"id":17993,"href":"https:\/\/prosocteamsport.com\/en\/wp-json\/wp\/v2\/product\/16010\/revisions\/17993"}],"wp:featuredmedia":[{"embeddable":true,"href":"https:\/\/prosocteamsport.com\/en\/wp-json\/wp\/v2\/media\/16019"}],"wp:attachment":[{"href":"https:\/\/prosocteamsport.com\/en\/wp-json\/wp\/v2\/media?parent=16010"}],"wp:term":[{"taxonomy":"product_brand","embeddable":true,"href":"https:\/\/prosocteamsport.com\/en\/wp-json\/wp\/v2\/product_brand?post=16010"},{"taxonomy":"product_cat","embeddable":true,"href":"https:\/\/prosocteamsport.com\/en\/wp-json\/wp\/v2\/product_cat?post=16010"},{"taxonomy":"product_tag","embeddable":true,"href":"https:\/\/prosocteamsport.com\/en\/wp-json\/wp\/v2\/product_tag?post=16010"}],"curies":[{"name":"wp","href":"https:\/\/api.w.org\/{rel}","templated":true}]}}