{"id":15872,"date":"2025-02-26T14:08:28","date_gmt":"2025-02-26T13:08:28","guid":{"rendered":"https:\/\/prosocteamsport.com\/?post_type=product&#038;p=15872"},"modified":"2025-07-11T14:14:04","modified_gmt":"2025-07-11T12:14:04","slug":"combi-kurze-hose-schwarz-tus-massweiler","status":"publish","type":"product","link":"https:\/\/prosocteamsport.com\/en\/product\/combi-kurze-hose-schwarz-tus-massweiler\/","title":{"rendered":"Combi Kurze Hose \u2013  Schwarz &#8211; TuS Massweiler"},"content":{"rendered":"<h3>Beschreibung<\/h3>\n<p>&nbsp;<\/p>\n<p>Herren-Multisport-Shorts. Es handelt sich um eine bequeme, vielseitige kurze Hose mit voller Bewegungsfreiheit. Dadurch k\u00f6nnen sie beim Training jeder Sportart getragen werden.<\/p>\n<p>Mit einem verstellbaren elastischen Bund mit flachem Innenkordelzug f\u00fcr eine perfekte Anpassung an den K\u00f6rper ausgestattet. Ausgestattet mit zwei seitlichen Rei\u00dfverschlusstaschen. Auf diese Weise k\u00f6nnen pers\u00f6nliche Gegenst\u00e4nde sicher aufbewahrt werden.<\/p>\n<p>Hergestellt aus leichtem, atmungsaktivem und sehr strapazierf\u00e4higem Stoff, der die Haltbarkeit und die Leistung des Sportlers verl\u00e4ngert.<\/p>\n<p>Besticktes Joma-Logo.<\/p>","protected":false},"excerpt":{"rendered":"<ul class=\"double-column\">\n<li>\n<h3>Eigenschaften<\/h3>\n<ul class=\"double-column\">\n<li>Elastischer Bund mit innerem Kordelzug<\/li>\n<li>Taschen mit Rei\u00dfverschluss<\/li>\n<li>Passformtyp: regular<\/li>\n<li>100% Polyester<\/li>\n<\/ul>\n<\/li>\n<\/ul>\n<ul>\n<li><strong>Wir empfehlen die &#8220;normale&#8221; Gr\u00f6\u00dfe zu nehmen<\/strong><\/li>\n<\/ul>","protected":false},"featured_media":16279,"comment_status":"open","ping_status":"closed","template":"","meta":{"rank_math_lock_modified_date":false},"product_brand":[],"product_cat":[241],"product_tag":[],"class_list":{"0":"post-15872","1":"product","2":"type-product","3":"status-publish","4":"has-post-thumbnail","6":"product_cat-tus-massweiler-vereinskollektionen","7":"wcpa_has_options","9":"first","10":"instock","11":"taxable","12":"shipping-taxable","13":"purchasable","14":"product-type-variable"},"df_price":21.99,"df_sale_price":"","df_regular_price":21.99,"df_image_link":"https:\/\/prosocteamsport.com\/wp-content\/uploads\/2025\/05\/BS-10-263x300.png","wcpa_form_fields":{"wcpaData":{"product":{"product_price":21.99,"price_html":"<span class=\"woocommerce-Price-amount amount\"><bdi>21,99&nbsp;<span class=\"woocommerce-Price-currencySymbol\">&euro;<\/span><\/bdi><\/span>","original_product_price":21.99,"price_including_tax":21.99,"price_excluding_tax":18.478991999999998,"product_id":{"parent":15872,"variation":false},"is_variable":true,"stock_status":"instock","stock_quantity":null,"parent_sku":"103890.100-1-1","product_attributes":{"pa_size":{"is_variation":true,"values":[]}},"custom_fields":[],"is_taxable":true,"product_name":"Combi Kurze Hose \u2013  Schwarz - TuS Massweiler","hasImage":false},"fields":{"sec_065a7cc80d9fcc":{"extra":{"key":"sec_065a7cc80d9fcc","section_id":"sec_065a7cc80d9fcc","name":"Default","status":1,"cl_rule":"show","enableCl":false,"relations":[],"toggle":true,"title_tag":"h3","show_title":false,"showPrice":"default","form_id":12174,"form_rules":{"exclude_from_discount":false,"fee_label":"Fee","disp_hide_options_price":false,"disp_show_section_price":false,"disp_show_field_price":true,"layout_option":"standard","pric_use_as_fee":false,"process_fee_as":"woo_fee"},"layout_option":"standard"},"fields":[[{"active":true,"col":6,"relations":false,"cl_rule":"show","enableCl":false,"price":"","enablePrice":false,"className":"","label_position":"default","desc_position":"default","type":"text","subtype":"text","required":false,"elementId":"text_4956840441","label":"Initialen","name":"text_4956840441","value":"","error":false,"gt_translate_keys":["label","value"],"price_dependency":false,"cl_dependency":false}]]}},"config":{"price_override":"","enable_recaptcha":false,"bind_quantity":false,"quantity_bind_formula":false,"disp_summ_show_option_price":true,"disp_summ_show_product_price":true,"disp_summ_show_total_price":true,"disp_summ_show_fee":false,"disp_summ_show_discount":false,"summary_title":"","options_total_label":"Options Price","total_label":"Total","options_product_label":"Product Price","fee_label":"Fee","discount_label":"Discount","has_price":true,"has_quantity_formula":false},"mc_unit":1,"tax_rate":1,"tax_rate_real":0.19,"discount":{"percentage":0,"fixed":0},"design":{"conf":{"LabelPosition":"above","DescPosition":"above","UploadField":"custom_1","QuantityFieldStyle":"default"},"css":{"LeftLabelWidth":"120px"}},"formulas":[],"lookuptables":[],"clones":false,"cartKey":false}},"_links":{"self":[{"href":"https:\/\/prosocteamsport.com\/en\/wp-json\/wp\/v2\/product\/15872","targetHints":{"allow":["GET"]}}],"collection":[{"href":"https:\/\/prosocteamsport.com\/en\/wp-json\/wp\/v2\/product"}],"about":[{"href":"https:\/\/prosocteamsport.com\/en\/wp-json\/wp\/v2\/types\/product"}],"replies":[{"embeddable":true,"href":"https:\/\/prosocteamsport.com\/en\/wp-json\/wp\/v2\/comments?post=15872"}],"version-history":[{"count":2,"href":"https:\/\/prosocteamsport.com\/en\/wp-json\/wp\/v2\/product\/15872\/revisions"}],"predecessor-version":[{"id":15881,"href":"https:\/\/prosocteamsport.com\/en\/wp-json\/wp\/v2\/product\/15872\/revisions\/15881"}],"wp:featuredmedia":[{"embeddable":true,"href":"https:\/\/prosocteamsport.com\/en\/wp-json\/wp\/v2\/media\/16279"}],"wp:attachment":[{"href":"https:\/\/prosocteamsport.com\/en\/wp-json\/wp\/v2\/media?parent=15872"}],"wp:term":[{"taxonomy":"product_brand","embeddable":true,"href":"https:\/\/prosocteamsport.com\/en\/wp-json\/wp\/v2\/product_brand?post=15872"},{"taxonomy":"product_cat","embeddable":true,"href":"https:\/\/prosocteamsport.com\/en\/wp-json\/wp\/v2\/product_cat?post=15872"},{"taxonomy":"product_tag","embeddable":true,"href":"https:\/\/prosocteamsport.com\/en\/wp-json\/wp\/v2\/product_tag?post=15872"}],"curies":[{"name":"wp","href":"https:\/\/api.w.org\/{rel}","templated":true}]}}