{"id":15554,"date":"2025-02-21T09:25:33","date_gmt":"2025-02-21T08:25:33","guid":{"rendered":"https:\/\/prosocteamsport.com\/?post_type=product&#038;p=15554"},"modified":"2025-02-21T09:30:28","modified_gmt":"2025-02-21T08:30:28","slug":"combi-premium-polo-shirt-yellow-black-usys-wiesbaden","status":"publish","type":"product","link":"https:\/\/prosocteamsport.com\/en\/product\/combi-premium-polo-shirt-yellow-black-usys-wiesbaden\/","title":{"rendered":"Combi Premium Polo Shirt \u2013 Yellow Black &#8211; USYS Wiesbaden"},"content":{"rendered":"<ul class=\"technology-items no-style\">\n<li><img fetchpriority=\"high\" decoding=\"async\" class=\"\" src=\"https:\/\/www.joma-sport.net\/ka\/apps\/joma_net_media\/tecnologias\/00283.svg\" width=\"258\" height=\"258\" data-title=\"Verarbeitung, die das Gewebe bietet, um eine schnelle Verschlechterung der Faser und der Farben zu verhindern. Erh\u00f6ht die Lebensdauer des Kleidungsst\u00fccks dank der Haltbarkeit, die das Gewebe bietet.\" \/>Langlebigkeit<\/li>\n<li><img decoding=\"async\" class=\"\" src=\"https:\/\/www.joma-sport.net\/ka\/apps\/joma_net_media\/tecnologias\/00286.svg\" width=\"257\" height=\"257\" data-title=\"Bekleidung aus elastischem Strickgewebe, die beim Sport die Bewegung erleichtert. Dank seiner Anpassung an den K\u00f6rper kannst du Sport mit absoluter Freiheit aus\u00fcben.\" \/>Bewegungsfreiheit<\/li>\n<li><img decoding=\"async\" class=\"\" src=\"https:\/\/www.joma-sport.net\/ka\/apps\/joma_net_media\/tecnologias\/00298.svg\" width=\"269\" height=\"269\" data-title=\"Stoffe, die eine korrekte Atmungsaktivit\u00e4t des Kleidungsst\u00fccks mit dem K\u00f6rper erm\u00f6glichen. Hilft, die Schwei\u00dfkonzentration auszuleiten.\" \/>Atmungsaktiv<\/li>\n<\/ul>","protected":false},"excerpt":{"rendered":"<ul class=\"double-column\">\n<li>\n<h3>Eigenschaften<\/h3>\n<ul class=\"double-column\">\n<li>Gekn\u00f6pfter Polokragen aus Rippenstrick<\/li>\n<li>Atmungsaktives, strapazierf\u00e4higes und komfortables Gewebe<\/li>\n<li>Passformtyp: regular<\/li>\n<li>94% Polyester, 6% Baumwolle<\/li>\n<\/ul>\n<\/li>\n<\/ul>","protected":false},"featured_media":15566,"comment_status":"open","ping_status":"closed","template":"","meta":{"rank_math_lock_modified_date":false},"product_brand":[],"product_cat":[139],"product_tag":[],"class_list":{"0":"post-15554","1":"product","2":"type-product","3":"status-publish","4":"has-post-thumbnail","6":"product_cat-usys-wiesbaden","7":"wcpa_has_options","9":"first","10":"instock","11":"taxable","12":"shipping-taxable","13":"purchasable","14":"product-type-variable"},"df_price":27.5,"df_sale_price":"","df_regular_price":27.5,"df_image_link":"https:\/\/prosocteamsport.com\/wp-content\/uploads\/2025\/02\/HK-4-1-263x300.png","wcpa_form_fields":{"wcpaData":{"product":{"product_price":27.5,"price_html":"<span class=\"woocommerce-Price-amount amount\"><bdi>27,50&nbsp;<span class=\"woocommerce-Price-currencySymbol\">&euro;<\/span><\/bdi><\/span> &ndash; <span class=\"woocommerce-Price-amount amount\"><bdi>29,50&nbsp;<span class=\"woocommerce-Price-currencySymbol\">&euro;<\/span><\/bdi><\/span>","original_product_price":27.5,"price_including_tax":27.5,"price_excluding_tax":23.109244,"product_id":{"parent":15554,"variation":false},"is_variable":true,"stock_status":"instock","stock_quantity":null,"parent_sku":"104493.901","product_attributes":{"pa_size":{"is_variation":true,"values":[]}},"custom_fields":[],"is_taxable":true,"product_name":"Combi Premium Polo Shirt \u2013 Yellow Black - USYS Wiesbaden","hasImage":false},"fields":{"sec_065a7cc80d9fcc":{"extra":{"key":"sec_065a7cc80d9fcc","section_id":"sec_065a7cc80d9fcc","name":"Default","status":1,"cl_rule":"show","enableCl":false,"relations":[],"toggle":true,"title_tag":"h3","show_title":false,"showPrice":"default","form_id":12174,"form_rules":{"exclude_from_discount":false,"fee_label":"Geb\u00fchr","disp_hide_options_price":false,"disp_show_section_price":false,"disp_show_field_price":true,"layout_option":"standard","pric_use_as_fee":false,"process_fee_as":"woo_fee"},"layout_option":"standard"},"fields":[[{"active":true,"col":6,"relations":false,"cl_rule":"show","enableCl":false,"price":"","enablePrice":false,"className":"","label_position":"default","desc_position":"default","type":"text","subtype":"text","required":false,"elementId":"text_4956840441","label":"Initialen","name":"text_4956840441","value":"","error":false,"gt_translate_keys":["label","value"],"price_dependency":false,"cl_dependency":false}]]}},"config":{"price_override":"","enable_recaptcha":false,"bind_quantity":false,"quantity_bind_formula":false,"disp_summ_show_option_price":true,"disp_summ_show_product_price":true,"disp_summ_show_total_price":true,"disp_summ_show_fee":false,"disp_summ_show_discount":false,"summary_title":"","options_total_label":"Optionspreis","total_label":"Gesamt","options_product_label":"Produktpreis","fee_label":"Geb\u00fchr","discount_label":"Rabatt","has_price":true,"has_quantity_formula":false},"mc_unit":1,"tax_rate":1,"tax_rate_real":0.19,"discount":{"percentage":0,"fixed":0},"design":{"conf":{"LabelPosition":"above","DescPosition":"above","UploadField":"custom_1","QuantityFieldStyle":"default"},"css":{"LeftLabelWidth":"120px"}},"formulas":[],"lookuptables":[],"clones":false,"cartKey":false}},"_links":{"self":[{"href":"https:\/\/prosocteamsport.com\/en\/wp-json\/wp\/v2\/product\/15554","targetHints":{"allow":["GET"]}}],"collection":[{"href":"https:\/\/prosocteamsport.com\/en\/wp-json\/wp\/v2\/product"}],"about":[{"href":"https:\/\/prosocteamsport.com\/en\/wp-json\/wp\/v2\/types\/product"}],"replies":[{"embeddable":true,"href":"https:\/\/prosocteamsport.com\/en\/wp-json\/wp\/v2\/comments?post=15554"}],"version-history":[{"count":2,"href":"https:\/\/prosocteamsport.com\/en\/wp-json\/wp\/v2\/product\/15554\/revisions"}],"predecessor-version":[{"id":15567,"href":"https:\/\/prosocteamsport.com\/en\/wp-json\/wp\/v2\/product\/15554\/revisions\/15567"}],"wp:featuredmedia":[{"embeddable":true,"href":"https:\/\/prosocteamsport.com\/en\/wp-json\/wp\/v2\/media\/15566"}],"wp:attachment":[{"href":"https:\/\/prosocteamsport.com\/en\/wp-json\/wp\/v2\/media?parent=15554"}],"wp:term":[{"taxonomy":"product_brand","embeddable":true,"href":"https:\/\/prosocteamsport.com\/en\/wp-json\/wp\/v2\/product_brand?post=15554"},{"taxonomy":"product_cat","embeddable":true,"href":"https:\/\/prosocteamsport.com\/en\/wp-json\/wp\/v2\/product_cat?post=15554"},{"taxonomy":"product_tag","embeddable":true,"href":"https:\/\/prosocteamsport.com\/en\/wp-json\/wp\/v2\/product_tag?post=15554"}],"curies":[{"name":"wp","href":"https:\/\/api.w.org\/{rel}","templated":true}]}}