{"id":15367,"date":"2025-01-06T09:12:05","date_gmt":"2025-01-06T08:12:05","guid":{"rendered":"https:\/\/prosocteamsport.com\/?post_type=product&#038;p=15367"},"modified":"2025-01-06T09:12:06","modified_gmt":"2025-01-06T08:12:06","slug":"montana-streetwear-hoodie-weiss-sc-kulti-2023","status":"publish","type":"product","link":"https:\/\/prosocteamsport.com\/en\/product\/montana-streetwear-hoodie-weiss-sc-kulti-2023\/","title":{"rendered":"Montana &#8211; Streetwear Hoodie Wei\u00df SC Kulti 2023"},"content":{"rendered":"<p>Sweatshirt mit Kapuze, erstellbarem Kordelzug und K\u00e4ngurutasche. B\u00fcndchen und Saum sind aus Rippstoff. Inklusie Pl\u00fcsch-Innenseite, die f\u00fcr maximalen Komfort und W\u00e4rme sorgt.<\/p>\n<p>&nbsp;<\/p>\n<h3>Eigenschaften<\/h3>\n<ul class=\"double-column\">\n<li>Gerippte B\u00fcndchen und Saum<\/li>\n<li>Kapuze mit Kordelzug<\/li>\n<li>K\u00e4ngurutasche<\/li>\n<li>Fleece-Stoff innen<\/li>\n<li>Bewegungsfreiheit<\/li>\n<li>Passformtyp: regular<\/li>\n<li>60% Baumwolle, 40% Polyester<\/li>\n<\/ul>","protected":false},"excerpt":{"rendered":"<ul class=\"double-column\">\n<li>Kurze Raglan\u00e4rmel<\/li>\n<li>Nahtlos an den Seiten<\/li>\n<li>Sublimierte Vorderseite<\/li>\n<li>Bewegungsfreiheit<\/li>\n<li>Passformtyp: semi fitted<\/li>\n<li>100% Polyester<\/li>\n<\/ul>","protected":false},"featured_media":15368,"comment_status":"open","ping_status":"closed","template":"","meta":{"rank_math_lock_modified_date":false},"product_brand":[],"product_cat":[186],"product_tag":[],"class_list":{"0":"post-15367","1":"product","2":"type-product","3":"status-publish","4":"has-post-thumbnail","6":"product_cat-sckulti","8":"first","9":"instock","10":"taxable","11":"shipping-taxable","12":"purchasable","13":"product-type-variable"},"df_price":31.99,"df_sale_price":"","df_regular_price":31.99,"df_image_link":"https:\/\/prosocteamsport.com\/wp-content\/uploads\/2025\/01\/BK-4-263x300.png","wcpa_form_fields":null,"_links":{"self":[{"href":"https:\/\/prosocteamsport.com\/en\/wp-json\/wp\/v2\/product\/15367","targetHints":{"allow":["GET"]}}],"collection":[{"href":"https:\/\/prosocteamsport.com\/en\/wp-json\/wp\/v2\/product"}],"about":[{"href":"https:\/\/prosocteamsport.com\/en\/wp-json\/wp\/v2\/types\/product"}],"replies":[{"embeddable":true,"href":"https:\/\/prosocteamsport.com\/en\/wp-json\/wp\/v2\/comments?post=15367"}],"version-history":[{"count":1,"href":"https:\/\/prosocteamsport.com\/en\/wp-json\/wp\/v2\/product\/15367\/revisions"}],"predecessor-version":[{"id":15377,"href":"https:\/\/prosocteamsport.com\/en\/wp-json\/wp\/v2\/product\/15367\/revisions\/15377"}],"wp:featuredmedia":[{"embeddable":true,"href":"https:\/\/prosocteamsport.com\/en\/wp-json\/wp\/v2\/media\/15368"}],"wp:attachment":[{"href":"https:\/\/prosocteamsport.com\/en\/wp-json\/wp\/v2\/media?parent=15367"}],"wp:term":[{"taxonomy":"product_brand","embeddable":true,"href":"https:\/\/prosocteamsport.com\/en\/wp-json\/wp\/v2\/product_brand?post=15367"},{"taxonomy":"product_cat","embeddable":true,"href":"https:\/\/prosocteamsport.com\/en\/wp-json\/wp\/v2\/product_cat?post=15367"},{"taxonomy":"product_tag","embeddable":true,"href":"https:\/\/prosocteamsport.com\/en\/wp-json\/wp\/v2\/product_tag?post=15367"}],"curies":[{"name":"wp","href":"https:\/\/api.w.org\/{rel}","templated":true}]}}