{"id":15343,"date":"2024-12-09T09:35:31","date_gmt":"2024-12-09T08:35:31","guid":{"rendered":"https:\/\/prosocteamsport.com\/?post_type=product&#038;p=15343"},"modified":"2026-01-23T10:30:40","modified_gmt":"2026-01-23T09:30:40","slug":"regenjacke-rot-fv-07-diefflen","status":"publish","type":"product","link":"https:\/\/prosocteamsport.com\/en\/product\/regenjacke-rot-fv-07-diefflen\/","title":{"rendered":"Trivor &#8211; Regenjacke &#8211; Rot &#8211; FV 07 Diefflen"},"content":{"rendered":"<p>Regenjacke f\u00fcr M\u00e4nner\/Jungen. Diese bequeme und praktische wasserdichte Jacke wurde entworfen, um das Reisen und sportliche Aktivit\u00e4ten bei Regen oder Wind zu erleichtern. Sie bietet maximalen Schutz vor Wasser und erm\u00f6glicht gleichzeitig eine gute Schwei\u00dfableitung.<\/p>\n<p>Diese Regenjacke mit durchgehendem Rei\u00dfverschluss und hohem Kragen verf\u00fcgt \u00fcber verstellbare elastische B\u00fcndchen und Saum, um die Isolierung zu optimieren. Sie hat eine versteckte Kapuze, die selbstverstaubar und abnehmbar ist. Au\u00dferdem verf\u00fcgt sie \u00fcber seitliche Taschen mit verstecktem Rei\u00dfverschluss, die sichere Aufbewahrung f\u00fcr kleine Gegenst\u00e4nde bieten und das Kleidungsst\u00fcck schmaler wirken lassen.<\/p>\n<p>Hergestellt aus leichtem und wasserbest\u00e4ndigem Stoff dank der Water-Resistant-Technologie. In den Bereichen mit st\u00e4rkerer Schwei\u00dfbildung ist die Micro-Mesh-Technologie integriert, um die Atmungsaktivit\u00e4t zu verbessern und die Bel\u00fcftung zu erh\u00f6hen, was hilft, die K\u00f6rpertemperatur zu regulieren und schlechte Ger\u00fcche zu vermeiden.<\/p>\n<p>Sie hat ein Design mit kontrastierenden Linien in der Schulterpartie. Eine grundlegende und unverzichtbare Regenjacke f\u00fcr das Laufen im Regen.<\/p>\n<p>*In den Junior-Gr\u00f6\u00dfen sind keine Kordeln enthalten.<\/p>\n<p>Gesticktes J-Logo.<\/p>\n<p>&nbsp;<\/p>","protected":false},"excerpt":{"rendered":"<ul class=\"double-column\">\n<li>Elastische Manschetten<\/li>\n<li>Selbst verstauende und abnehmbare Kapuze<\/li>\n<li>Hoher Kragen<\/li>\n<li>Seitentaschen mit Rei\u00dfverschluss<\/li>\n<li>Wasserfester Stoff<\/li>\n<li>Enth\u00e4lt Micro-Mesh-Technologie in den Bereichen mit hoher Transpiration<\/li>\n<li>Vermindert schlechte Ger\u00fcche<\/li>\n<li>Windbreakers<\/li>\n<li>Wasserdicht<\/li>\n<li>100% Polyester<\/li>\n<\/ul>\n<ul>\n<li><strong>Wir empfehlen, die &#8220;normale&#8221; Gr\u00f6\u00dfe zu w\u00e4hlen<\/strong><\/li>\n<\/ul>","protected":false},"featured_media":15357,"comment_status":"open","ping_status":"closed","template":"","meta":{"rank_math_lock_modified_date":false},"product_brand":[],"product_cat":[194],"product_tag":[],"class_list":{"0":"post-15343","1":"product","2":"type-product","3":"status-publish","4":"has-post-thumbnail","6":"product_cat-fv07diefflen","7":"wcpa_has_options","9":"first","10":"instock","11":"taxable","12":"shipping-taxable","13":"purchasable","14":"product-type-variable"},"df_price":36.69,"df_sale_price":"","df_regular_price":36.69,"df_image_link":"https:\/\/prosocteamsport.com\/wp-content\/uploads\/2024\/12\/BK-1-263x300.png","wcpa_form_fields":{"wcpaData":{"product":{"product_price":36.69,"price_html":"<span class=\"woocommerce-Price-amount amount\"><bdi>36,69&nbsp;<span class=\"woocommerce-Price-currencySymbol\">&euro;<\/span><\/bdi><\/span> &ndash; <span class=\"woocommerce-Price-amount amount\"><bdi>37,39&nbsp;<span class=\"woocommerce-Price-currencySymbol\">&euro;<\/span><\/bdi><\/span>","original_product_price":36.69,"price_including_tax":36.69,"price_excluding_tax":30.831933,"product_id":{"parent":15343,"variation":false},"is_variable":true,"stock_status":"instock","stock_quantity":null,"parent_sku":"102261.106-2","product_attributes":{"pa_groessen-deutsch":{"is_variation":true,"values":[]}},"custom_fields":[],"is_taxable":true,"product_name":"Trivor - Regenjacke - Rot - FV 07 Diefflen","hasImage":false},"fields":{"sec_065a7cc80d9fcc":{"extra":{"key":"sec_065a7cc80d9fcc","section_id":"sec_065a7cc80d9fcc","name":"Default","status":1,"cl_rule":"show","enableCl":false,"relations":[],"toggle":true,"title_tag":"h3","show_title":false,"showPrice":"default","form_id":12174,"form_rules":{"exclude_from_discount":false,"fee_label":"Fee","disp_hide_options_price":false,"disp_show_section_price":false,"disp_show_field_price":true,"layout_option":"standard","pric_use_as_fee":false,"process_fee_as":"woo_fee"},"layout_option":"standard"},"fields":[[{"active":true,"col":6,"relations":false,"cl_rule":"show","enableCl":false,"price":"","enablePrice":false,"className":"","label_position":"default","desc_position":"default","type":"text","subtype":"text","required":false,"elementId":"text_4956840441","label":"Initialen","name":"text_4956840441","value":"","error":false,"gt_translate_keys":["label","value"],"price_dependency":false,"cl_dependency":false}]]}},"config":{"price_override":"","enable_recaptcha":false,"bind_quantity":false,"quantity_bind_formula":false,"disp_summ_show_option_price":true,"disp_summ_show_product_price":true,"disp_summ_show_total_price":true,"disp_summ_show_fee":false,"disp_summ_show_discount":false,"summary_title":"","options_total_label":"Options Price","total_label":"Total","options_product_label":"Product Price","fee_label":"Fee","discount_label":"Discount","has_price":true,"has_quantity_formula":false},"mc_unit":1,"tax_rate":1,"tax_rate_real":0.19,"discount":{"percentage":0,"fixed":0},"design":{"conf":{"LabelPosition":"above","DescPosition":"above","UploadField":"custom_1","QuantityFieldStyle":"default"},"css":{"LeftLabelWidth":"120px"}},"formulas":[],"lookuptables":[],"clones":false,"cartKey":false}},"_links":{"self":[{"href":"https:\/\/prosocteamsport.com\/en\/wp-json\/wp\/v2\/product\/15343","targetHints":{"allow":["GET"]}}],"collection":[{"href":"https:\/\/prosocteamsport.com\/en\/wp-json\/wp\/v2\/product"}],"about":[{"href":"https:\/\/prosocteamsport.com\/en\/wp-json\/wp\/v2\/types\/product"}],"replies":[{"embeddable":true,"href":"https:\/\/prosocteamsport.com\/en\/wp-json\/wp\/v2\/comments?post=15343"}],"version-history":[{"count":5,"href":"https:\/\/prosocteamsport.com\/en\/wp-json\/wp\/v2\/product\/15343\/revisions"}],"predecessor-version":[{"id":18090,"href":"https:\/\/prosocteamsport.com\/en\/wp-json\/wp\/v2\/product\/15343\/revisions\/18090"}],"wp:featuredmedia":[{"embeddable":true,"href":"https:\/\/prosocteamsport.com\/en\/wp-json\/wp\/v2\/media\/15357"}],"wp:attachment":[{"href":"https:\/\/prosocteamsport.com\/en\/wp-json\/wp\/v2\/media?parent=15343"}],"wp:term":[{"taxonomy":"product_brand","embeddable":true,"href":"https:\/\/prosocteamsport.com\/en\/wp-json\/wp\/v2\/product_brand?post=15343"},{"taxonomy":"product_cat","embeddable":true,"href":"https:\/\/prosocteamsport.com\/en\/wp-json\/wp\/v2\/product_cat?post=15343"},{"taxonomy":"product_tag","embeddable":true,"href":"https:\/\/prosocteamsport.com\/en\/wp-json\/wp\/v2\/product_tag?post=15343"}],"curies":[{"name":"wp","href":"https:\/\/api.w.org\/{rel}","templated":true}]}}