{"id":14802,"date":"2024-09-23T11:31:44","date_gmt":"2024-09-23T09:31:44","guid":{"rendered":"https:\/\/prosocteamsport.com\/?post_type=product&#038;p=14802"},"modified":"2025-12-17T13:48:09","modified_gmt":"2025-12-17T12:48:09","slug":"lifestyle-sweatshirt-montana-schwarz-fc-bierbach","status":"publish","type":"product","link":"https:\/\/prosocteamsport.com\/en\/product\/lifestyle-sweatshirt-montana-schwarz-fc-bierbach\/","title":{"rendered":"Lifestyle Sweatshirt \u2013 Montana Schwarz \u2013 FC Bierbach"},"content":{"rendered":"<p>Sweatshirt mit Kragen, B\u00fcndchen und Saum aus Ripp. Er erf\u00fcgt \u00fcber eine Pl\u00fcsch-Innenseite, die f\u00fcr maximalen Komfort und W\u00e4rme sorgt. Logo auf der Innenseite des Saums.<\/p>","protected":false},"excerpt":{"rendered":"<ul class=\"double-column\">\n<li>Gerippte B\u00fcndchen und Saum<\/li>\n<li>Runder gerippter Kragen<\/li>\n<li>Fleece-Stoff innen<\/li>\n<li>Bewegungsfreiheit<\/li>\n<li>60% Baumwolle, 40% Polyester<\/li>\n<\/ul>","protected":false},"featured_media":14813,"comment_status":"open","ping_status":"closed","template":"","meta":{"rank_math_lock_modified_date":false},"product_brand":[],"product_cat":[187],"product_tag":[],"class_list":{"0":"post-14802","1":"product","2":"type-product","3":"status-publish","4":"has-post-thumbnail","6":"product_cat-fcbierbach","8":"first","9":"instock","10":"taxable","11":"shipping-taxable","12":"purchasable","13":"product-type-variable"},"df_price":30,"df_sale_price":"","df_regular_price":30,"df_image_link":"https:\/\/prosocteamsport.com\/wp-content\/uploads\/2024\/09\/10-Lifestyle-Sweatshirt-\u2013-Montana-Schwarz-\u2013-FC-Bierbach-263x300.jpg","wcpa_form_fields":null,"_links":{"self":[{"href":"https:\/\/prosocteamsport.com\/en\/wp-json\/wp\/v2\/product\/14802","targetHints":{"allow":["GET"]}}],"collection":[{"href":"https:\/\/prosocteamsport.com\/en\/wp-json\/wp\/v2\/product"}],"about":[{"href":"https:\/\/prosocteamsport.com\/en\/wp-json\/wp\/v2\/types\/product"}],"replies":[{"embeddable":true,"href":"https:\/\/prosocteamsport.com\/en\/wp-json\/wp\/v2\/comments?post=14802"}],"version-history":[{"count":3,"href":"https:\/\/prosocteamsport.com\/en\/wp-json\/wp\/v2\/product\/14802\/revisions"}],"predecessor-version":[{"id":14815,"href":"https:\/\/prosocteamsport.com\/en\/wp-json\/wp\/v2\/product\/14802\/revisions\/14815"}],"wp:featuredmedia":[{"embeddable":true,"href":"https:\/\/prosocteamsport.com\/en\/wp-json\/wp\/v2\/media\/14813"}],"wp:attachment":[{"href":"https:\/\/prosocteamsport.com\/en\/wp-json\/wp\/v2\/media?parent=14802"}],"wp:term":[{"taxonomy":"product_brand","embeddable":true,"href":"https:\/\/prosocteamsport.com\/en\/wp-json\/wp\/v2\/product_brand?post=14802"},{"taxonomy":"product_cat","embeddable":true,"href":"https:\/\/prosocteamsport.com\/en\/wp-json\/wp\/v2\/product_cat?post=14802"},{"taxonomy":"product_tag","embeddable":true,"href":"https:\/\/prosocteamsport.com\/en\/wp-json\/wp\/v2\/product_tag?post=14802"}],"curies":[{"name":"wp","href":"https:\/\/api.w.org\/{rel}","templated":true}]}}