{"id":14771,"date":"2024-09-23T11:31:46","date_gmt":"2024-09-23T09:31:46","guid":{"rendered":"https:\/\/prosocteamsport.com\/?post_type=product&#038;p=14771"},"modified":"2025-01-22T13:32:59","modified_gmt":"2025-01-22T12:32:59","slug":"kurze-thermoshorts-w-weiss-fc-bierbach","status":"publish","type":"product","link":"https:\/\/prosocteamsport.com\/en\/product\/kurze-thermoshorts-w-weiss-fc-bierbach\/","title":{"rendered":"Kurze Thermoshorts W \u2013 Wei\u00df &#8211; FC Bierbach"},"content":{"rendered":"<p>Kurze Leggins, die dank ihrer wasserdichten und atmungsaktien Eigenschaften bei allen Wetterbedingungen perfekten Schutz und Komfort bieten. Schwei\u00dffest, leicht, weich und flexibel. Bieten gro\u00dfe Bewegungsfreiheit, St\u00fctze und Komfort.<\/p>","protected":false},"excerpt":{"rendered":"<ul class=\"double-column\">\n<li>Elastischer Bund<\/li>\n<li>Elastischer Stoff<\/li>\n<li>Bewegungsfreiheit<\/li>\n<li>82% Polyamid, 18% Elastan<\/li>\n<\/ul>\n<ul>\n<li>S<\/li>\n<li>M<\/li>\n<li>L<\/li>\n<\/ul>","protected":false},"featured_media":14776,"comment_status":"open","ping_status":"closed","template":"","meta":{"rank_math_lock_modified_date":false},"product_brand":[],"product_cat":[187],"product_tag":[],"class_list":{"0":"post-14771","1":"product","2":"type-product","3":"status-publish","4":"has-post-thumbnail","6":"product_cat-fcbierbach","8":"first","9":"instock","10":"taxable","11":"shipping-taxable","12":"purchasable","13":"product-type-variable"},"df_price":16.99,"df_sale_price":"","df_regular_price":16.99,"df_image_link":"https:\/\/prosocteamsport.com\/wp-content\/uploads\/2024\/09\/07-Kurze-Thermoshorts-\u2013-Weiss-263x300.jpg","wcpa_form_fields":null,"_links":{"self":[{"href":"https:\/\/prosocteamsport.com\/en\/wp-json\/wp\/v2\/product\/14771","targetHints":{"allow":["GET"]}}],"collection":[{"href":"https:\/\/prosocteamsport.com\/en\/wp-json\/wp\/v2\/product"}],"about":[{"href":"https:\/\/prosocteamsport.com\/en\/wp-json\/wp\/v2\/types\/product"}],"replies":[{"embeddable":true,"href":"https:\/\/prosocteamsport.com\/en\/wp-json\/wp\/v2\/comments?post=14771"}],"version-history":[{"count":2,"href":"https:\/\/prosocteamsport.com\/en\/wp-json\/wp\/v2\/product\/14771\/revisions"}],"predecessor-version":[{"id":14778,"href":"https:\/\/prosocteamsport.com\/en\/wp-json\/wp\/v2\/product\/14771\/revisions\/14778"}],"wp:featuredmedia":[{"embeddable":true,"href":"https:\/\/prosocteamsport.com\/en\/wp-json\/wp\/v2\/media\/14776"}],"wp:attachment":[{"href":"https:\/\/prosocteamsport.com\/en\/wp-json\/wp\/v2\/media?parent=14771"}],"wp:term":[{"taxonomy":"product_brand","embeddable":true,"href":"https:\/\/prosocteamsport.com\/en\/wp-json\/wp\/v2\/product_brand?post=14771"},{"taxonomy":"product_cat","embeddable":true,"href":"https:\/\/prosocteamsport.com\/en\/wp-json\/wp\/v2\/product_cat?post=14771"},{"taxonomy":"product_tag","embeddable":true,"href":"https:\/\/prosocteamsport.com\/en\/wp-json\/wp\/v2\/product_tag?post=14771"}],"curies":[{"name":"wp","href":"https:\/\/api.w.org\/{rel}","templated":true}]}}