{"id":14693,"date":"2024-09-20T15:47:12","date_gmt":"2024-09-20T13:47:12","guid":{"rendered":"https:\/\/prosocteamsport.com\/?post_type=product&#038;p=14693"},"modified":"2024-09-23T11:31:48","modified_gmt":"2024-09-23T09:31:48","slug":"kurze-thermoshorts-gruen-fc-bierbach","status":"publish","type":"product","link":"https:\/\/prosocteamsport.com\/en\/product\/kurze-thermoshorts-gruen-fc-bierbach\/","title":{"rendered":"Kurze Thermoshorts \u2013 Gr\u00fcn &#8211; FC Bierbach"},"content":{"rendered":"<p>Kurze Leggins, die dank ihrer wasserdichten und atmungsaktien Eigenschaften bei allen Wetterbedingungen perfekten Schutz und Komfort bieten. Schwei\u00dffest, leicht, weich und flexibel. Bieten gro\u00dfe Bewegungsfreiheit, St\u00fctze und Komfort.<\/p>","protected":false},"excerpt":{"rendered":"<ul class=\"double-column\">\n<li>Elastischer und leichter Stoff<\/li>\n<li>Flache Flatlock-N\u00e4hte<\/li>\n<li>Bewegungsfreiheit<\/li>\n<li>Passformtyp: fitted<\/li>\n<li>90% Polyester, 10% Elastan<\/li>\n<\/ul>\n<ul>\n<li>2XS-XS<\/li>\n<li>S-M<\/li>\n<li>L-XL<\/li>\n<\/ul>","protected":false},"featured_media":14699,"comment_status":"open","ping_status":"closed","template":"","meta":{"rank_math_lock_modified_date":false},"product_brand":[],"product_cat":[187],"product_tag":[],"class_list":{"0":"post-14693","1":"product","2":"type-product","3":"status-publish","4":"has-post-thumbnail","6":"product_cat-fcbierbach","8":"first","9":"instock","10":"taxable","11":"shipping-taxable","12":"purchasable","13":"product-type-variable"},"df_price":15.99,"df_sale_price":"","df_regular_price":15.99,"df_image_link":"https:\/\/prosocteamsport.com\/wp-content\/uploads\/2024\/09\/04-Kurze-Thermoshorts-\u2013-Gruen-263x300.jpg","wcpa_form_fields":null,"_links":{"self":[{"href":"https:\/\/prosocteamsport.com\/en\/wp-json\/wp\/v2\/product\/14693","targetHints":{"allow":["GET"]}}],"collection":[{"href":"https:\/\/prosocteamsport.com\/en\/wp-json\/wp\/v2\/product"}],"about":[{"href":"https:\/\/prosocteamsport.com\/en\/wp-json\/wp\/v2\/types\/product"}],"replies":[{"embeddable":true,"href":"https:\/\/prosocteamsport.com\/en\/wp-json\/wp\/v2\/comments?post=14693"}],"version-history":[{"count":2,"href":"https:\/\/prosocteamsport.com\/en\/wp-json\/wp\/v2\/product\/14693\/revisions"}],"predecessor-version":[{"id":14701,"href":"https:\/\/prosocteamsport.com\/en\/wp-json\/wp\/v2\/product\/14693\/revisions\/14701"}],"wp:featuredmedia":[{"embeddable":true,"href":"https:\/\/prosocteamsport.com\/en\/wp-json\/wp\/v2\/media\/14699"}],"wp:attachment":[{"href":"https:\/\/prosocteamsport.com\/en\/wp-json\/wp\/v2\/media?parent=14693"}],"wp:term":[{"taxonomy":"product_brand","embeddable":true,"href":"https:\/\/prosocteamsport.com\/en\/wp-json\/wp\/v2\/product_brand?post=14693"},{"taxonomy":"product_cat","embeddable":true,"href":"https:\/\/prosocteamsport.com\/en\/wp-json\/wp\/v2\/product_cat?post=14693"},{"taxonomy":"product_tag","embeddable":true,"href":"https:\/\/prosocteamsport.com\/en\/wp-json\/wp\/v2\/product_tag?post=14693"}],"curies":[{"name":"wp","href":"https:\/\/api.w.org\/{rel}","templated":true}]}}