{"id":14678,"date":"2024-09-20T15:41:19","date_gmt":"2024-09-20T13:41:19","guid":{"rendered":"https:\/\/prosocteamsport.com\/?post_type=product&#038;p=14678"},"modified":"2024-11-12T10:32:09","modified_gmt":"2024-11-12T09:32:09","slug":"warm-up-trainingsshirt-spezial-lion-ii-fc-bierbach","status":"publish","type":"product","link":"https:\/\/prosocteamsport.com\/en\/product\/warm-up-trainingsshirt-spezial-lion-ii-fc-bierbach\/","title":{"rendered":"Warm-Up- Trainingsshirt Spezial \u2013 Lion II &#8211; FC Bierbach"},"content":{"rendered":"<p>Kurzarm-T-Shirt. Es handelt sich um ein leichtes, vielseitiges Sportshirt, sehr bequem f\u00fcr jede k\u00f6rperliche Aktivit\u00e4t. Es bietet die grundlegenden Vorteile, um die maximale Leistung bei Ihren Trainingseinheiten zu erreichen.<\/p>\n<p>Es hat einen Rundhalsausschnitt aus Basistextil mit elastischem Innenband zur Verbesserung der Passform und zur Vermeidung von Hautreizungen.<\/p>\n<p>In Bezug auf die Herstellung wurde es aus leichtem, sehr strapazierf\u00e4higem, abriebfestem und waschbarem sowie atmungsaktivem Stoff gefertigt. Mit Materialien, die die Feuchtigkeitsansammlung regulieren, damit der Fu\u00dfballspieler ein unglaubliches Gef\u00fchl von Komfort genie\u00dfen kann. Au\u00dferdem garantiert es jederzeit Bewegungsfreiheit.<\/p>\n<p>Das auff\u00e4llige Frontdruckmuster erzeugt ein Gef\u00fchl von Bewegung.<\/p>\n<p>Besticktes Joma-Logo.<\/p>","protected":false},"excerpt":{"rendered":"<ul class=\"double-column\">\n<li>Flachn\u00e4hte an den Schultern<\/li>\n<li>Sublimierte Vorderseite<\/li>\n<li>Bewegungsfreiheit<\/li>\n<li>Passformtyp: semi fitted<\/li>\n<li>100% Polyester<\/li>\n<\/ul>\n<ul>\n<li><strong>Empfehlung, eine Nummer gr\u00f6\u00dfer zu w\u00e4hlen<\/strong><\/li>\n<\/ul>","protected":false},"featured_media":15257,"comment_status":"open","ping_status":"closed","template":"","meta":{"rank_math_lock_modified_date":false},"product_brand":[],"product_cat":[187],"product_tag":[],"class_list":{"0":"post-14678","1":"product","2":"type-product","3":"status-publish","4":"has-post-thumbnail","6":"product_cat-fcbierbach","7":"wcpa_has_options","9":"first","10":"instock","11":"taxable","12":"shipping-taxable","13":"purchasable","14":"product-type-variable"},"df_price":21.99,"df_sale_price":"","df_regular_price":21.99,"df_image_link":"https:\/\/prosocteamsport.com\/wp-content\/uploads\/2024\/09\/03-Warm-Up-Trainingsshirt-Spezial-\u2013-Lion-II-1-1-263x300.jpg","wcpa_form_fields":{"wcpaData":{"product":{"product_price":21.99,"price_html":"<span class=\"woocommerce-Price-amount amount\"><bdi>21,99&nbsp;<span class=\"woocommerce-Price-currencySymbol\">&euro;<\/span><\/bdi><\/span>","original_product_price":21.99,"price_including_tax":21.99,"price_excluding_tax":18.478991999999998,"product_id":{"parent":14678,"variation":false},"is_variable":true,"stock_status":"instock","stock_quantity":null,"parent_sku":"103729.020-FCBB","product_attributes":{"pa_size":{"is_variation":true,"values":[]}},"custom_fields":[],"is_taxable":true,"product_name":"Warm-Up- Trainingsshirt Spezial \u2013 Lion II - FC Bierbach","hasImage":false},"fields":{"sec_065a7cc80d9fcc":{"extra":{"key":"sec_065a7cc80d9fcc","section_id":"sec_065a7cc80d9fcc","name":"Default","status":1,"cl_rule":"show","enableCl":false,"relations":[],"toggle":true,"title_tag":"h3","show_title":false,"showPrice":"default","form_id":12174,"form_rules":{"exclude_from_discount":false,"fee_label":"Fee","disp_hide_options_price":false,"disp_show_section_price":false,"disp_show_field_price":true,"layout_option":"standard","pric_use_as_fee":false,"process_fee_as":"woo_fee"},"layout_option":"standard"},"fields":[[{"active":true,"col":6,"relations":false,"cl_rule":"show","enableCl":false,"price":"","enablePrice":false,"className":"","label_position":"default","desc_position":"default","type":"text","subtype":"text","required":false,"elementId":"text_4956840441","label":"Initialen","name":"text_4956840441","value":"","error":false,"gt_translate_keys":["label","value"],"price_dependency":false,"cl_dependency":false}]]}},"config":{"price_override":"","enable_recaptcha":false,"bind_quantity":false,"quantity_bind_formula":false,"disp_summ_show_option_price":true,"disp_summ_show_product_price":true,"disp_summ_show_total_price":true,"disp_summ_show_fee":false,"disp_summ_show_discount":false,"summary_title":"","options_total_label":"Options Price","total_label":"Total","options_product_label":"Product Price","fee_label":"Fee","discount_label":"Discount","has_price":true,"has_quantity_formula":false},"mc_unit":1,"tax_rate":1,"tax_rate_real":0.19,"discount":{"percentage":0,"fixed":0},"design":{"conf":{"LabelPosition":"above","DescPosition":"above","UploadField":"custom_1","QuantityFieldStyle":"default"},"css":{"LeftLabelWidth":"120px"}},"formulas":[],"lookuptables":[],"clones":false,"cartKey":false}},"_links":{"self":[{"href":"https:\/\/prosocteamsport.com\/en\/wp-json\/wp\/v2\/product\/14678","targetHints":{"allow":["GET"]}}],"collection":[{"href":"https:\/\/prosocteamsport.com\/en\/wp-json\/wp\/v2\/product"}],"about":[{"href":"https:\/\/prosocteamsport.com\/en\/wp-json\/wp\/v2\/types\/product"}],"replies":[{"embeddable":true,"href":"https:\/\/prosocteamsport.com\/en\/wp-json\/wp\/v2\/comments?post=14678"}],"version-history":[{"count":3,"href":"https:\/\/prosocteamsport.com\/en\/wp-json\/wp\/v2\/product\/14678\/revisions"}],"predecessor-version":[{"id":14780,"href":"https:\/\/prosocteamsport.com\/en\/wp-json\/wp\/v2\/product\/14678\/revisions\/14780"}],"wp:featuredmedia":[{"embeddable":true,"href":"https:\/\/prosocteamsport.com\/en\/wp-json\/wp\/v2\/media\/15257"}],"wp:attachment":[{"href":"https:\/\/prosocteamsport.com\/en\/wp-json\/wp\/v2\/media?parent=14678"}],"wp:term":[{"taxonomy":"product_brand","embeddable":true,"href":"https:\/\/prosocteamsport.com\/en\/wp-json\/wp\/v2\/product_brand?post=14678"},{"taxonomy":"product_cat","embeddable":true,"href":"https:\/\/prosocteamsport.com\/en\/wp-json\/wp\/v2\/product_cat?post=14678"},{"taxonomy":"product_tag","embeddable":true,"href":"https:\/\/prosocteamsport.com\/en\/wp-json\/wp\/v2\/product_tag?post=14678"}],"curies":[{"name":"wp","href":"https:\/\/api.w.org\/{rel}","templated":true}]}}