{"id":13834,"date":"2024-09-06T11:13:27","date_gmt":"2024-09-06T09:13:27","guid":{"rendered":"https:\/\/prosocteamsport.com\/?post_type=product&#038;p=13834"},"modified":"2026-01-26T12:30:48","modified_gmt":"2026-01-26T11:30:48","slug":"soft-shell-jacke-rot-fv-07-diefflen","status":"publish","type":"product","link":"https:\/\/prosocteamsport.com\/en\/product\/soft-shell-jacke-rot-fv-07-diefflen\/","title":{"rendered":"Berna III &#8211; Soft Shell Jacke &#8211; Rot &#8211; FV 07 Diefflen"},"content":{"rendered":"<p>Softshell-Jacke. Diese bequeme und leichte Jacke ist ideal, um sich w\u00e4hrend des Trainings warm zu halten. Sie k\u00f6nnen sie bei jeder Aktivit\u00e4t tragen und von ihrem ausgezeichneten W\u00e4rmeschutz und Bewegungsfreiheit profitieren.<\/p>\n<p>Mit durchgehendem Rei\u00dfverschluss, Kinnschutz zur Vermeidung von Reibung und Kapuze. Raglan\u00e4rmel tragen zur Mobilit\u00e4t bei. Mit elastischen Abschl\u00fcssen f\u00fcr eine perfekte Passform und zwei vorderen Taschen mit unsichtbarem Rei\u00dfverschluss zum sicheren Verstauen pers\u00f6nlicher Gegenst\u00e4nde.<\/p>\n<p>Hergestellt aus leichtem und strapazierf\u00e4higem Stoff, was seine Haltbarkeit verl\u00e4ngert.<\/p>\n<p>Besticktes Joma-Logo.<\/p>","protected":false},"excerpt":{"rendered":"<ul class=\"double-column\">\n<li>Taschen mit Rei\u00dfverschluss<\/li>\n<li>Gepolsterter Stoff<\/li>\n<li>Passformtyp: regular<\/li>\n<li>100% Polyester<\/li>\n<\/ul>","protected":false},"featured_media":14846,"comment_status":"open","ping_status":"closed","template":"","meta":{"rank_math_lock_modified_date":false},"product_brand":[],"product_cat":[194],"product_tag":[],"class_list":{"0":"post-13834","1":"product","2":"type-product","3":"status-publish","4":"has-post-thumbnail","6":"product_cat-fv07diefflen","8":"first","9":"instock","10":"taxable","11":"shipping-taxable","12":"purchasable","13":"product-type-variable"},"df_price":53.49,"df_sale_price":"","df_regular_price":53.49,"df_image_link":"https:\/\/prosocteamsport.com\/wp-content\/uploads\/2024\/09\/Soft-Shell-\u2013-Jacke-Rot-1-263x300.jpg","wcpa_form_fields":null,"_links":{"self":[{"href":"https:\/\/prosocteamsport.com\/en\/wp-json\/wp\/v2\/product\/13834","targetHints":{"allow":["GET"]}}],"collection":[{"href":"https:\/\/prosocteamsport.com\/en\/wp-json\/wp\/v2\/product"}],"about":[{"href":"https:\/\/prosocteamsport.com\/en\/wp-json\/wp\/v2\/types\/product"}],"replies":[{"embeddable":true,"href":"https:\/\/prosocteamsport.com\/en\/wp-json\/wp\/v2\/comments?post=13834"}],"version-history":[{"count":5,"href":"https:\/\/prosocteamsport.com\/en\/wp-json\/wp\/v2\/product\/13834\/revisions"}],"predecessor-version":[{"id":18112,"href":"https:\/\/prosocteamsport.com\/en\/wp-json\/wp\/v2\/product\/13834\/revisions\/18112"}],"wp:featuredmedia":[{"embeddable":true,"href":"https:\/\/prosocteamsport.com\/en\/wp-json\/wp\/v2\/media\/14846"}],"wp:attachment":[{"href":"https:\/\/prosocteamsport.com\/en\/wp-json\/wp\/v2\/media?parent=13834"}],"wp:term":[{"taxonomy":"product_brand","embeddable":true,"href":"https:\/\/prosocteamsport.com\/en\/wp-json\/wp\/v2\/product_brand?post=13834"},{"taxonomy":"product_cat","embeddable":true,"href":"https:\/\/prosocteamsport.com\/en\/wp-json\/wp\/v2\/product_cat?post=13834"},{"taxonomy":"product_tag","embeddable":true,"href":"https:\/\/prosocteamsport.com\/en\/wp-json\/wp\/v2\/product_tag?post=13834"}],"curies":[{"name":"wp","href":"https:\/\/api.w.org\/{rel}","templated":true}]}}