{"id":13693,"date":"2024-09-04T13:40:48","date_gmt":"2024-09-04T11:40:48","guid":{"rendered":"https:\/\/prosocteamsport.com\/?post_type=product&#038;p=13693"},"modified":"2026-04-14T23:08:46","modified_gmt":"2026-04-14T21:08:46","slug":"trainingsshirt-winner-iii-rot-weiss","status":"publish","type":"product","link":"https:\/\/prosocteamsport.com\/en\/product\/trainingsshirt-winner-iii-rot-weiss\/","title":{"rendered":"Winner III &#8211; Trainingsshirt &#8211; Rot-Wei\u00df &#8211; FV 07 Diefflen"},"content":{"rendered":"<p>Kurzarm-T-Shirt. Dieses Modell ist mit seinen technischen Merkmalen f\u00fcr den Fu\u00dfballwettbewerb konzipiert.<\/p>\n<p>Das Design dieses T-Shirts zeichnet sich durch seinen Rundhalsausschnitt mit elastischem Innenband zur Optimierung der Passform und zur Vermeidung von m\u00f6glichen Reibestellen aus.<\/p>\n<p>Es ist aus leichtem, bequemem und hoch abriebfestem Material gefertigt, was seine Lebensdauer verl\u00e4ngert. Bewegungsfreiheit garantiert. Dar\u00fcber hinaus sorgt seine Atmungsaktivit\u00e4t daf\u00fcr, dass Schwei\u00df schnell abgef\u00fchrt wird. Die integrierte MICRO-MESH SYSTEM-TECHNOLOGIE an den Achseln und an den Seiten garantiert optimale Bel\u00fcftung.<\/p>\n<p>Die kontrastierenden Farbteile zeigen exklusives Design.<\/p>\n<p>Joma-Logo aufgedruckt.<\/p>","protected":false},"excerpt":{"rendered":"<ul class=\"double-column\">\n<li>Enth\u00e4lt Micro-Mesh-Technologie in den Bereichen mit hoher Transpiration<\/li>\n<li>Vermindert schlechte Ger\u00fcche<\/li>\n<li>Nahtlos an den Seiten<\/li>\n<li>Passformtyp: semi fitted<\/li>\n<li>Hauptgewebe 100% Polyester \/ Kontrastgewebe 95% Polyester, 5% Spandex<\/li>\n<\/ul>\n<ul>\n<li><strong>Wir empfehlen, die &#8220;normale&#8221; Gr\u00f6\u00dfe zu w\u00e4hlen<\/strong><\/li>\n<\/ul>","protected":false},"featured_media":13706,"comment_status":"open","ping_status":"closed","template":"","meta":{"rank_math_lock_modified_date":false},"product_brand":[],"product_cat":[194],"product_tag":[],"class_list":{"0":"post-13693","1":"product","2":"type-product","3":"status-publish","4":"has-post-thumbnail","6":"product_cat-fv07diefflen","7":"wcpa_has_options","9":"first","10":"instock","11":"taxable","12":"shipping-taxable","13":"purchasable","14":"product-type-variable"},"df_price":19.19,"df_sale_price":"","df_regular_price":19.19,"df_image_link":"https:\/\/prosocteamsport.com\/wp-content\/uploads\/2024\/09\/Trainingsshirt-\u2013-Winner-III-Rot-Weiss-263x300.jpg","wcpa_form_fields":{"wcpaData":{"product":{"product_price":19.19,"price_html":"<span class=\"woocommerce-Price-amount amount\"><bdi>19,19&nbsp;<span class=\"woocommerce-Price-currencySymbol\">&euro;<\/span><\/bdi><\/span> &ndash; <span class=\"woocommerce-Price-amount amount\"><bdi>19,89&nbsp;<span class=\"woocommerce-Price-currencySymbol\">&euro;<\/span><\/bdi><\/span>","original_product_price":19.19,"price_including_tax":19.19,"price_excluding_tax":16.12605,"product_id":{"parent":13693,"variation":false},"is_variable":true,"stock_status":"instock","stock_quantity":null,"parent_sku":"103150.602","product_attributes":{"pa_groessen-deutsch":{"is_variation":true,"values":[]}},"custom_fields":[],"is_taxable":true,"product_name":"Winner III - Trainingsshirt - Rot-Wei\u00df - FV 07 Diefflen","hasImage":false},"fields":{"sec_065a7cc80d9fcc":{"extra":{"key":"sec_065a7cc80d9fcc","section_id":"sec_065a7cc80d9fcc","name":"Default","status":1,"cl_rule":"show","enableCl":false,"relations":[],"toggle":true,"title_tag":"h3","show_title":false,"showPrice":"default","form_id":12174,"form_rules":{"exclude_from_discount":false,"fee_label":"Geb\u00fchr","disp_hide_options_price":false,"disp_show_section_price":false,"disp_show_field_price":true,"layout_option":"standard","pric_use_as_fee":false,"process_fee_as":"woo_fee"},"layout_option":"standard"},"fields":[[{"active":true,"col":6,"relations":false,"cl_rule":"show","enableCl":false,"price":"","enablePrice":false,"className":"","label_position":"default","desc_position":"default","type":"text","subtype":"text","required":false,"elementId":"text_4956840441","label":"Initialen","name":"text_4956840441","value":"","error":false,"gt_translate_keys":["label","value"],"price_dependency":false,"cl_dependency":false}]]}},"config":{"price_override":"","enable_recaptcha":false,"bind_quantity":false,"quantity_bind_formula":false,"disp_summ_show_option_price":true,"disp_summ_show_product_price":true,"disp_summ_show_total_price":true,"disp_summ_show_fee":false,"disp_summ_show_discount":false,"summary_title":"","options_total_label":"Optionspreis","total_label":"Gesamt","options_product_label":"Produktpreis","fee_label":"Geb\u00fchr","discount_label":"Rabatt","has_price":true,"has_quantity_formula":false},"mc_unit":1,"tax_rate":1,"tax_rate_real":0.19,"discount":{"percentage":0,"fixed":0},"design":{"conf":{"LabelPosition":"above","DescPosition":"above","UploadField":"custom_1","QuantityFieldStyle":"default"},"css":{"LeftLabelWidth":"120px"}},"formulas":[],"lookuptables":[],"clones":false,"cartKey":false}},"_links":{"self":[{"href":"https:\/\/prosocteamsport.com\/en\/wp-json\/wp\/v2\/product\/13693","targetHints":{"allow":["GET"]}}],"collection":[{"href":"https:\/\/prosocteamsport.com\/en\/wp-json\/wp\/v2\/product"}],"about":[{"href":"https:\/\/prosocteamsport.com\/en\/wp-json\/wp\/v2\/types\/product"}],"replies":[{"embeddable":true,"href":"https:\/\/prosocteamsport.com\/en\/wp-json\/wp\/v2\/comments?post=13693"}],"version-history":[{"count":5,"href":"https:\/\/prosocteamsport.com\/en\/wp-json\/wp\/v2\/product\/13693\/revisions"}],"predecessor-version":[{"id":18075,"href":"https:\/\/prosocteamsport.com\/en\/wp-json\/wp\/v2\/product\/13693\/revisions\/18075"}],"wp:featuredmedia":[{"embeddable":true,"href":"https:\/\/prosocteamsport.com\/en\/wp-json\/wp\/v2\/media\/13706"}],"wp:attachment":[{"href":"https:\/\/prosocteamsport.com\/en\/wp-json\/wp\/v2\/media?parent=13693"}],"wp:term":[{"taxonomy":"product_brand","embeddable":true,"href":"https:\/\/prosocteamsport.com\/en\/wp-json\/wp\/v2\/product_brand?post=13693"},{"taxonomy":"product_cat","embeddable":true,"href":"https:\/\/prosocteamsport.com\/en\/wp-json\/wp\/v2\/product_cat?post=13693"},{"taxonomy":"product_tag","embeddable":true,"href":"https:\/\/prosocteamsport.com\/en\/wp-json\/wp\/v2\/product_tag?post=13693"}],"curies":[{"name":"wp","href":"https:\/\/api.w.org\/{rel}","templated":true}]}}