{"id":13618,"date":"2024-09-03T15:58:17","date_gmt":"2024-09-03T13:58:17","guid":{"rendered":"https:\/\/prosocteamsport.com\/?post_type=product&#038;p=13618"},"modified":"2026-01-23T14:34:01","modified_gmt":"2026-01-23T13:34:01","slug":"praesentationsjacke-olimpiada-schwarz-rot-fv-07-diefflen","status":"publish","type":"product","link":"https:\/\/prosocteamsport.com\/en\/product\/praesentationsjacke-olimpiada-schwarz-rot-fv-07-diefflen\/","title":{"rendered":"Olimpiada &#8211; Pr\u00e4sentationsjacke &#8211; Schwarz-Rot &#8211; FV 07 Diefflen"},"content":{"rendered":"<p>Sweatjacke mit Rei\u00dfverschluss. Diese vielseitige Jacke mit Multisport-Charakter ist perfekt, um sich w\u00e4hrend des Trainings warm zu halten.<\/p>\n<p>Sie verf\u00fcgt \u00fcber einen durchgehenden Rei\u00dfverschluss, eine verstellbare Kapuze mit Kordelzug und ein elastisches Innenband, um die Passform zu optimieren und m\u00f6gliche Reibestellen zu verhindern. An den \u00c4rmeln und am Saum ist sie mit Rippb\u00fcndchen versehen. Ausgestattet mit zwei vorderen Taschen ohne Rei\u00dfverschluss, um kleine pers\u00f6nliche Gegenst\u00e4nde zu mitzunehmen.<\/p>\n<p>Hergestellt aus weichem und bequemem Stoff. Fleece-Innenfutter f\u00fcr zus\u00e4tzliche W\u00e4rme bei kalten Temperaturen.<\/p>\n<p>Design mit individuellen Details auf den Schultern. Aufgesticktes Joma-Logo.<\/p>","protected":false},"excerpt":{"rendered":"<ul class=\"double-column\">\n<li>Gerippte B\u00fcndchen und Saum<\/li>\n<li>Kapuze mit Kordelzug<\/li>\n<li>Fleece-Stoff innen<\/li>\n<li>100% Polyester<\/li>\n<\/ul>\n<ul>\n<li><strong>Wir empfehlen, eine Nummer gr\u00f6\u00dfer zu w\u00e4hlen<\/strong><\/li>\n<\/ul>","protected":false},"featured_media":13635,"comment_status":"open","ping_status":"closed","template":"","meta":{"rank_math_lock_modified_date":false},"product_brand":[],"product_cat":[194],"product_tag":[],"class_list":{"0":"post-13618","1":"product","2":"type-product","3":"status-publish","4":"has-post-thumbnail","6":"product_cat-fv07diefflen","7":"wcpa_has_options","9":"first","10":"instock","11":"taxable","12":"shipping-taxable","13":"purchasable","14":"product-type-variable"},"df_price":41.59,"df_sale_price":"","df_regular_price":41.59,"df_image_link":"https:\/\/prosocteamsport.com\/wp-content\/uploads\/2024\/09\/Praesentationsjacke-\u2013-Olimpiada-Schwarz-Rot-263x300.jpg","wcpa_form_fields":{"wcpaData":{"product":{"product_price":41.59,"price_html":"<span class=\"woocommerce-Price-amount amount\"><bdi>41,59&nbsp;<span class=\"woocommerce-Price-currencySymbol\">&euro;<\/span><\/bdi><\/span> &ndash; <span class=\"woocommerce-Price-amount amount\"><bdi>42,29&nbsp;<span class=\"woocommerce-Price-currencySymbol\">&euro;<\/span><\/bdi><\/span>","original_product_price":41.59,"price_including_tax":41.59,"price_excluding_tax":34.949580000000005,"product_id":{"parent":13618,"variation":false},"is_variable":true,"stock_status":"instock","stock_quantity":null,"parent_sku":"103707.106","product_attributes":{"pa_groessen-deutsch":{"is_variation":true,"values":[]}},"custom_fields":[],"is_taxable":true,"product_name":"Olimpiada - Pr\u00e4sentationsjacke - Schwarz-Rot - FV 07 Diefflen","hasImage":false},"fields":{"sec_065a7cc80d9fcc":{"extra":{"key":"sec_065a7cc80d9fcc","section_id":"sec_065a7cc80d9fcc","name":"Default","status":1,"cl_rule":"show","enableCl":false,"relations":[],"toggle":true,"title_tag":"h3","show_title":false,"showPrice":"default","form_id":12174,"form_rules":{"exclude_from_discount":false,"fee_label":"Fee","disp_hide_options_price":false,"disp_show_section_price":false,"disp_show_field_price":true,"layout_option":"standard","pric_use_as_fee":false,"process_fee_as":"woo_fee"},"layout_option":"standard"},"fields":[[{"active":true,"col":6,"relations":false,"cl_rule":"show","enableCl":false,"price":"","enablePrice":false,"className":"","label_position":"default","desc_position":"default","type":"text","subtype":"text","required":false,"elementId":"text_4956840441","label":"Initialen","name":"text_4956840441","value":"","error":false,"gt_translate_keys":["label","value"],"price_dependency":false,"cl_dependency":false}]]}},"config":{"price_override":"","enable_recaptcha":false,"bind_quantity":false,"quantity_bind_formula":false,"disp_summ_show_option_price":true,"disp_summ_show_product_price":true,"disp_summ_show_total_price":true,"disp_summ_show_fee":false,"disp_summ_show_discount":false,"summary_title":"","options_total_label":"Options Price","total_label":"Total","options_product_label":"Product Price","fee_label":"Fee","discount_label":"Discount","has_price":true,"has_quantity_formula":false},"mc_unit":1,"tax_rate":1,"tax_rate_real":0.19,"discount":{"percentage":0,"fixed":0},"design":{"conf":{"LabelPosition":"above","DescPosition":"above","UploadField":"custom_1","QuantityFieldStyle":"default"},"css":{"LeftLabelWidth":"120px"}},"formulas":[],"lookuptables":[],"clones":false,"cartKey":false}},"_links":{"self":[{"href":"https:\/\/prosocteamsport.com\/en\/wp-json\/wp\/v2\/product\/13618","targetHints":{"allow":["GET"]}}],"collection":[{"href":"https:\/\/prosocteamsport.com\/en\/wp-json\/wp\/v2\/product"}],"about":[{"href":"https:\/\/prosocteamsport.com\/en\/wp-json\/wp\/v2\/types\/product"}],"replies":[{"embeddable":true,"href":"https:\/\/prosocteamsport.com\/en\/wp-json\/wp\/v2\/comments?post=13618"}],"version-history":[{"count":5,"href":"https:\/\/prosocteamsport.com\/en\/wp-json\/wp\/v2\/product\/13618\/revisions"}],"predecessor-version":[{"id":18105,"href":"https:\/\/prosocteamsport.com\/en\/wp-json\/wp\/v2\/product\/13618\/revisions\/18105"}],"wp:featuredmedia":[{"embeddable":true,"href":"https:\/\/prosocteamsport.com\/en\/wp-json\/wp\/v2\/media\/13635"}],"wp:attachment":[{"href":"https:\/\/prosocteamsport.com\/en\/wp-json\/wp\/v2\/media?parent=13618"}],"wp:term":[{"taxonomy":"product_brand","embeddable":true,"href":"https:\/\/prosocteamsport.com\/en\/wp-json\/wp\/v2\/product_brand?post=13618"},{"taxonomy":"product_cat","embeddable":true,"href":"https:\/\/prosocteamsport.com\/en\/wp-json\/wp\/v2\/product_cat?post=13618"},{"taxonomy":"product_tag","embeddable":true,"href":"https:\/\/prosocteamsport.com\/en\/wp-json\/wp\/v2\/product_tag?post=13618"}],"curies":[{"name":"wp","href":"https:\/\/api.w.org\/{rel}","templated":true}]}}