{"id":13358,"date":"2024-07-05T15:48:24","date_gmt":"2024-07-05T13:48:24","guid":{"rendered":"https:\/\/prosocteamsport.com\/?post_type=product&#038;p=13358"},"modified":"2024-07-05T15:52:05","modified_gmt":"2024-07-05T13:52:05","slug":"trikot-rot-weiss-spvgg-esp","status":"publish","type":"product","link":"https:\/\/prosocteamsport.com\/en\/product\/trikot-rot-weiss-spvgg-esp\/","title":{"rendered":"Trikot &#8211; Rot\/Weiss- SPVGG ESP"},"content":{"rendered":"<p>Kurzarm-Trikot f\u00fcr Herren. Technisches Wettbewerbsmodell f\u00fcr Fu\u00dfball. Hergestellt aus hochwertigem, leichtem und atmungsaktivem Stoff.<\/p>\n<p>Dieses T-Shirt zeichnet sich durch seine Raglan\u00e4rmel und seinen elastischen V-Ausschnitt aus, beide Formen sind darauf ausgelegt, die Bewegungsfreiheit zu maximieren. Diese flexiblere \u00c4rmelform erm\u00f6glicht es dem Fu\u00dfballspieler, Bewegungen bequem auszuf\u00fchren.<\/p>\n<p>Es ist aus leichtem, bequemem und abriebfestem Material gefertigt, um die Haltbarkeit zu verl\u00e4ngern. Au\u00dferdem, da es atmungsaktiv ist, erm\u00f6glicht es, dass Schwei\u00df schnell abgeleitet wird. Dies wird durch die Integration der MICRO-MESH SYSTEM-Technologie in den Achselh\u00f6hlen und den Seiten erm\u00f6glicht.<\/p>\n<p>Das Design zeichnet sich durch den sublimierten Druck auf der Vorderseite aus.<\/p>\n<p>Joma-Logo gestickt.<\/p>","protected":false},"excerpt":{"rendered":"<ul class=\"double-column\">\n<li>Kurze Raglan\u00e4rmel<\/li>\n<li>Enth\u00e4lt Micro-Mesh-Technologie in den Bereichen mit hoher Transpiration<\/li>\n<li>Nahtlos an den Seiten<\/li>\n<li>Sublimierte Vorderseite<\/li>\n<li>Bewegungsfreiheit<\/li>\n<li>Passformtyp: semi fitted<\/li>\n<li>100% Polyester<\/li>\n<\/ul>","protected":false},"featured_media":13365,"comment_status":"open","ping_status":"closed","template":"","meta":{"rank_math_lock_modified_date":false},"product_brand":[],"product_cat":[192],"product_tag":[],"class_list":{"0":"post-13358","1":"product","2":"type-product","3":"status-publish","4":"has-post-thumbnail","6":"product_cat-spvgg-esp","7":"wcpa_has_options","9":"first","10":"instock","11":"taxable","12":"shipping-taxable","13":"purchasable","14":"product-type-variable"},"df_price":23.5,"df_sale_price":"","df_regular_price":23.5,"df_image_link":"https:\/\/prosocteamsport.com\/wp-content\/uploads\/2024\/07\/ESP-Heimtrikot-263x300.jpg","wcpa_form_fields":{"wcpaData":{"product":{"product_price":23.5,"price_html":"<span class=\"woocommerce-Price-amount amount\"><bdi>23,50&nbsp;<span class=\"woocommerce-Price-currencySymbol\">&euro;<\/span><\/bdi><\/span>","original_product_price":23.5,"price_including_tax":23.5,"price_excluding_tax":19.747899,"product_id":{"parent":13358,"variation":false},"is_variable":true,"stock_status":"instock","stock_quantity":null,"parent_sku":"103679.206","product_attributes":{"pa_size":{"is_variation":true,"values":[]}},"custom_fields":[],"is_taxable":true,"product_name":"Trikot - Rot\/Weiss- SPVGG ESP","hasImage":false},"fields":{"sec_065a7cc80d9fcc":{"extra":{"key":"sec_065a7cc80d9fcc","section_id":"sec_065a7cc80d9fcc","name":"Default","status":1,"cl_rule":"show","enableCl":false,"relations":[],"toggle":true,"title_tag":"h3","show_title":false,"showPrice":"default","form_id":12174,"form_rules":{"exclude_from_discount":false,"fee_label":"Fee","disp_hide_options_price":false,"disp_show_section_price":false,"disp_show_field_price":true,"layout_option":"standard","pric_use_as_fee":false,"process_fee_as":"woo_fee"},"layout_option":"standard"},"fields":[[{"active":true,"col":6,"relations":false,"cl_rule":"show","enableCl":false,"price":"","enablePrice":false,"className":"","label_position":"default","desc_position":"default","type":"text","subtype":"text","required":false,"elementId":"text_4956840441","label":"Initialen","name":"text_4956840441","value":"","error":false,"gt_translate_keys":["label","value"],"price_dependency":false,"cl_dependency":false}]]}},"config":{"price_override":"","enable_recaptcha":false,"bind_quantity":false,"quantity_bind_formula":false,"disp_summ_show_option_price":true,"disp_summ_show_product_price":true,"disp_summ_show_total_price":true,"disp_summ_show_fee":false,"disp_summ_show_discount":false,"summary_title":"","options_total_label":"Options Price","total_label":"Total","options_product_label":"Product Price","fee_label":"Fee","discount_label":"Discount","has_price":true,"has_quantity_formula":false},"mc_unit":1,"tax_rate":1,"tax_rate_real":0.19,"discount":{"percentage":0,"fixed":0},"design":{"conf":{"LabelPosition":"above","DescPosition":"above","UploadField":"custom_1","QuantityFieldStyle":"default"},"css":{"LeftLabelWidth":"120px"}},"formulas":[],"lookuptables":[],"clones":false,"cartKey":false}},"_links":{"self":[{"href":"https:\/\/prosocteamsport.com\/en\/wp-json\/wp\/v2\/product\/13358","targetHints":{"allow":["GET"]}}],"collection":[{"href":"https:\/\/prosocteamsport.com\/en\/wp-json\/wp\/v2\/product"}],"about":[{"href":"https:\/\/prosocteamsport.com\/en\/wp-json\/wp\/v2\/types\/product"}],"replies":[{"embeddable":true,"href":"https:\/\/prosocteamsport.com\/en\/wp-json\/wp\/v2\/comments?post=13358"}],"version-history":[{"count":2,"href":"https:\/\/prosocteamsport.com\/en\/wp-json\/wp\/v2\/product\/13358\/revisions"}],"predecessor-version":[{"id":13368,"href":"https:\/\/prosocteamsport.com\/en\/wp-json\/wp\/v2\/product\/13358\/revisions\/13368"}],"wp:featuredmedia":[{"embeddable":true,"href":"https:\/\/prosocteamsport.com\/en\/wp-json\/wp\/v2\/media\/13365"}],"wp:attachment":[{"href":"https:\/\/prosocteamsport.com\/en\/wp-json\/wp\/v2\/media?parent=13358"}],"wp:term":[{"taxonomy":"product_brand","embeddable":true,"href":"https:\/\/prosocteamsport.com\/en\/wp-json\/wp\/v2\/product_brand?post=13358"},{"taxonomy":"product_cat","embeddable":true,"href":"https:\/\/prosocteamsport.com\/en\/wp-json\/wp\/v2\/product_cat?post=13358"},{"taxonomy":"product_tag","embeddable":true,"href":"https:\/\/prosocteamsport.com\/en\/wp-json\/wp\/v2\/product_tag?post=13358"}],"curies":[{"name":"wp","href":"https:\/\/api.w.org\/{rel}","templated":true}]}}