{"id":13331,"date":"2024-07-05T15:02:27","date_gmt":"2024-07-05T13:02:27","guid":{"rendered":"https:\/\/prosocteamsport.com\/?post_type=product&#038;p=13331"},"modified":"2024-07-24T16:46:30","modified_gmt":"2024-07-24T14:46:30","slug":"lange-hose-schwarz-rot-spvgg-esp","status":"publish","type":"product","link":"https:\/\/prosocteamsport.com\/en\/product\/lange-hose-schwarz-rot-spvgg-esp\/","title":{"rendered":"Pr\u00e4sentationshose &#8211; Schwarz-Wei\u00df &#8211; SPVGG ESP"},"content":{"rendered":"<p>Lange Hose f\u00fcr M\u00e4nner\/Jungen. Entwickelt f\u00fcr Fu\u00dfball- und Futsal-Training an kalten Tagen. Hergestellt aus warmem und weichem Material, das dich warm h\u00e4lt und vor K\u00e4lte sch\u00fctzt. Sie schr\u00e4nkt deine Bewegungen nicht ein, um dir maximale Leistung zu bieten.<\/p>\n<p>Diese Hose verf\u00fcgt \u00fcber einen elastischen Bund, der an der Taille befestigt ist und mit Kordelz\u00fcgen verstellt werden kann. Zwei seitliche Rei\u00dfverschlusstaschen sorgen f\u00fcr eine schlanke Passform und einen sicheren Platz, um kleine Gegenst\u00e4nde zu verstauen. Au\u00dferdem hat sie einen Rei\u00dfverschluss am Saum f\u00fcr ein einfaches An- und Ausziehen, was zu einer perfekten Passform f\u00fchrt und das Eindringen von Au\u00dfenluft verhindert. So kannst du sie leichter und schneller anziehen.<\/p>\n<p>Auf der Innenseite besteht sie aus Fleece, um deine Beine warm und bequem zu halten. Au\u00dferdem ist sie reibungs- und waschbest\u00e4ndig, pflegeleicht und erlaubt dem Fu\u00dfballer, sich frei zu bewegen.<\/p>\n<p>Das Design ist schlicht und minimalistisch, mit einem einzigen farblich abgesetzten Besatz an den Seiten. Ein Basisteil f\u00fcr die Trainingsgarderobe eines Fu\u00dfballers.<\/p>\n<p>Embroidered Joma logo.<\/p>","protected":false},"excerpt":{"rendered":"<ul class=\"double-column\">\n<li>Elastischer Bund mit Kordelzug<\/li>\n<li>Seitentaschen mit Rei\u00dfverschluss<\/li>\n<li>Fleece-Stoff innen<\/li>\n<li>Saum mit Rei\u00dfverschluss<\/li>\n<li>Bewegungsfreiheit<\/li>\n<li>100% Polyester<\/li>\n<\/ul>","protected":false},"featured_media":13387,"comment_status":"open","ping_status":"closed","template":"","meta":{"rank_math_lock_modified_date":false},"product_brand":[],"product_cat":[192],"product_tag":[],"class_list":{"0":"post-13331","1":"product","2":"type-product","3":"status-publish","4":"has-post-thumbnail","6":"product_cat-spvgg-esp","7":"wcpa_has_options","9":"first","10":"instock","11":"taxable","12":"shipping-taxable","13":"purchasable","14":"product-type-variable"},"df_price":23.5,"df_sale_price":"","df_regular_price":23.5,"df_image_link":"https:\/\/prosocteamsport.com\/wp-content\/uploads\/2024\/07\/Championship-VII-Praesentationshose-Schwarz-Weiss-263x300.jpg","wcpa_form_fields":{"wcpaData":{"product":{"product_price":23.5,"price_html":"<span class=\"woocommerce-Price-amount amount\"><bdi>23,50&nbsp;<span class=\"woocommerce-Price-currencySymbol\">&euro;<\/span><\/bdi><\/span> &ndash; <span class=\"woocommerce-Price-amount amount\"><bdi>24,00&nbsp;<span class=\"woocommerce-Price-currencySymbol\">&euro;<\/span><\/bdi><\/span>","original_product_price":23.5,"price_including_tax":23.5,"price_excluding_tax":19.747899,"product_id":{"parent":13331,"variation":false},"is_variable":true,"stock_status":"instock","stock_quantity":null,"parent_sku":"103200.102 - ESP","product_attributes":{"pa_size":{"is_variation":true,"values":[]}},"custom_fields":[],"is_taxable":true,"product_name":"Pr\u00e4sentationshose - Schwarz-Wei\u00df - SPVGG ESP","hasImage":false},"fields":{"sec_065a7cc80d9fcc":{"extra":{"key":"sec_065a7cc80d9fcc","section_id":"sec_065a7cc80d9fcc","name":"Default","status":1,"cl_rule":"show","enableCl":false,"relations":[],"toggle":true,"title_tag":"h3","show_title":false,"showPrice":"default","form_id":12174,"form_rules":{"exclude_from_discount":false,"fee_label":"Fee","disp_hide_options_price":false,"disp_show_section_price":false,"disp_show_field_price":true,"layout_option":"standard","pric_use_as_fee":false,"process_fee_as":"woo_fee"},"layout_option":"standard"},"fields":[[{"active":true,"col":6,"relations":false,"cl_rule":"show","enableCl":false,"price":"","enablePrice":false,"className":"","label_position":"default","desc_position":"default","type":"text","subtype":"text","required":false,"elementId":"text_4956840441","label":"Initialen","name":"text_4956840441","value":"","error":false,"gt_translate_keys":["label","value"],"price_dependency":false,"cl_dependency":false}]]}},"config":{"price_override":"","enable_recaptcha":false,"bind_quantity":false,"quantity_bind_formula":false,"disp_summ_show_option_price":true,"disp_summ_show_product_price":true,"disp_summ_show_total_price":true,"disp_summ_show_fee":false,"disp_summ_show_discount":false,"summary_title":"","options_total_label":"Options Price","total_label":"Total","options_product_label":"Product Price","fee_label":"Fee","discount_label":"Discount","has_price":true,"has_quantity_formula":false},"mc_unit":1,"tax_rate":1,"tax_rate_real":0.19,"discount":{"percentage":0,"fixed":0},"design":{"conf":{"LabelPosition":"above","DescPosition":"above","UploadField":"custom_1","QuantityFieldStyle":"default"},"css":{"LeftLabelWidth":"120px"}},"formulas":[],"lookuptables":[],"clones":false,"cartKey":false}},"_links":{"self":[{"href":"https:\/\/prosocteamsport.com\/en\/wp-json\/wp\/v2\/product\/13331","targetHints":{"allow":["GET"]}}],"collection":[{"href":"https:\/\/prosocteamsport.com\/en\/wp-json\/wp\/v2\/product"}],"about":[{"href":"https:\/\/prosocteamsport.com\/en\/wp-json\/wp\/v2\/types\/product"}],"replies":[{"embeddable":true,"href":"https:\/\/prosocteamsport.com\/en\/wp-json\/wp\/v2\/comments?post=13331"}],"version-history":[{"count":6,"href":"https:\/\/prosocteamsport.com\/en\/wp-json\/wp\/v2\/product\/13331\/revisions"}],"predecessor-version":[{"id":13380,"href":"https:\/\/prosocteamsport.com\/en\/wp-json\/wp\/v2\/product\/13331\/revisions\/13380"}],"wp:featuredmedia":[{"embeddable":true,"href":"https:\/\/prosocteamsport.com\/en\/wp-json\/wp\/v2\/media\/13387"}],"wp:attachment":[{"href":"https:\/\/prosocteamsport.com\/en\/wp-json\/wp\/v2\/media?parent=13331"}],"wp:term":[{"taxonomy":"product_brand","embeddable":true,"href":"https:\/\/prosocteamsport.com\/en\/wp-json\/wp\/v2\/product_brand?post=13331"},{"taxonomy":"product_cat","embeddable":true,"href":"https:\/\/prosocteamsport.com\/en\/wp-json\/wp\/v2\/product_cat?post=13331"},{"taxonomy":"product_tag","embeddable":true,"href":"https:\/\/prosocteamsport.com\/en\/wp-json\/wp\/v2\/product_tag?post=13331"}],"curies":[{"name":"wp","href":"https:\/\/api.w.org\/{rel}","templated":true}]}}