{"id":13303,"date":"2024-07-05T14:44:45","date_gmt":"2024-07-05T12:44:45","guid":{"rendered":"https:\/\/prosocteamsport.com\/?post_type=product&#038;p=13303"},"modified":"2024-07-24T16:24:29","modified_gmt":"2024-07-24T14:24:29","slug":"praesentationssjacke-rot-weiss-spvgg-esp","status":"publish","type":"product","link":"https:\/\/prosocteamsport.com\/en\/product\/praesentationssjacke-rot-weiss-spvgg-esp\/","title":{"rendered":"Pr\u00e4sentationssjacke &#8211; Rot\/Weiss- SPVGG ESP"},"content":{"rendered":"<p>Sweatshirt mit Rei\u00dfverschluss, bequem, elastisch und vielseitig, f\u00fcr jedes Training geeignet.<\/p>\n<p>Mit durchgehendem, eingepresstem Rei\u00dfverschluss und Kinnschutz, um ein Einklemmen zu vermeiden. Ein Rippbund am unteren Rand sorgt f\u00fcr eine gute Anpassung an den K\u00f6rper. Mit zwei vorderen Taschen mit Rei\u00dfverschluss ausgestattet, um kleine Gegenst\u00e4nde sicher verstauen zu k\u00f6nnen.<\/p>\n<p>Hergestellt aus komfortablem, atmungsaktivem und elastischem Stoff, der die absolute Bewegungsfreiheit des Sportlers gew\u00e4hrleistet.<\/p>\n<p>Design mit kontrastierenden Farbteilen.<\/p>\n<p>Aufgesticktes Joma-Logo.<\/p>","protected":false},"excerpt":{"rendered":"<ul class=\"double-column\">\n<li>Rei\u00dfverschlusstaschen<\/li>\n<li>Fleece-Stoff innen<\/li>\n<li>100% Polyester<\/li>\n<\/ul>","protected":false},"featured_media":13391,"comment_status":"open","ping_status":"closed","template":"","meta":{"rank_math_lock_modified_date":false},"product_brand":[],"product_cat":[192],"product_tag":[],"class_list":{"0":"post-13303","1":"product","2":"type-product","3":"status-publish","4":"has-post-thumbnail","6":"product_cat-spvgg-esp","7":"wcpa_has_options","9":"first","10":"instock","11":"taxable","12":"shipping-taxable","13":"purchasable","14":"product-type-variable"},"df_price":31,"df_sale_price":"","df_regular_price":31,"df_image_link":"https:\/\/prosocteamsport.com\/wp-content\/uploads\/2024\/07\/Winner-III-Praesentationsjacke-Rot-Weiss-263x300.jpg","wcpa_form_fields":{"wcpaData":{"product":{"product_price":31,"price_html":"<span class=\"woocommerce-Price-amount amount\"><bdi>31,00&nbsp;<span class=\"woocommerce-Price-currencySymbol\">&euro;<\/span><\/bdi><\/span>","original_product_price":31,"price_including_tax":31,"price_excluding_tax":26.05042,"product_id":{"parent":13303,"variation":false},"is_variable":true,"stock_status":"instock","stock_quantity":null,"parent_sku":"103316.602","product_attributes":{"pa_size":{"is_variation":true,"values":[]}},"custom_fields":[],"is_taxable":true,"product_name":"Pr\u00e4sentationssjacke - Rot\/Weiss- SPVGG ESP","hasImage":false},"fields":{"sec_065a7cc80d9fcc":{"extra":{"key":"sec_065a7cc80d9fcc","section_id":"sec_065a7cc80d9fcc","name":"Default","status":1,"cl_rule":"show","enableCl":false,"relations":[],"toggle":true,"title_tag":"h3","show_title":false,"showPrice":"default","form_id":12174,"form_rules":{"exclude_from_discount":false,"fee_label":"Fee","disp_hide_options_price":false,"disp_show_section_price":false,"disp_show_field_price":true,"layout_option":"standard","pric_use_as_fee":false,"process_fee_as":"woo_fee"},"layout_option":"standard"},"fields":[[{"active":true,"col":6,"relations":false,"cl_rule":"show","enableCl":false,"price":"","enablePrice":false,"className":"","label_position":"default","desc_position":"default","type":"text","subtype":"text","required":false,"elementId":"text_4956840441","label":"Initialen","name":"text_4956840441","value":"","error":false,"gt_translate_keys":["label","value"],"price_dependency":false,"cl_dependency":false}]]}},"config":{"price_override":"","enable_recaptcha":false,"bind_quantity":false,"quantity_bind_formula":false,"disp_summ_show_option_price":true,"disp_summ_show_product_price":true,"disp_summ_show_total_price":true,"disp_summ_show_fee":false,"disp_summ_show_discount":false,"summary_title":"","options_total_label":"Options Price","total_label":"Total","options_product_label":"Product Price","fee_label":"Fee","discount_label":"Discount","has_price":true,"has_quantity_formula":false},"mc_unit":1,"tax_rate":1,"tax_rate_real":0.19,"discount":{"percentage":0,"fixed":0},"design":{"conf":{"LabelPosition":"above","DescPosition":"above","UploadField":"custom_1","QuantityFieldStyle":"default"},"css":{"LeftLabelWidth":"120px"}},"formulas":[],"lookuptables":[],"clones":false,"cartKey":false}},"_links":{"self":[{"href":"https:\/\/prosocteamsport.com\/en\/wp-json\/wp\/v2\/product\/13303","targetHints":{"allow":["GET"]}}],"collection":[{"href":"https:\/\/prosocteamsport.com\/en\/wp-json\/wp\/v2\/product"}],"about":[{"href":"https:\/\/prosocteamsport.com\/en\/wp-json\/wp\/v2\/types\/product"}],"replies":[{"embeddable":true,"href":"https:\/\/prosocteamsport.com\/en\/wp-json\/wp\/v2\/comments?post=13303"}],"version-history":[{"count":4,"href":"https:\/\/prosocteamsport.com\/en\/wp-json\/wp\/v2\/product\/13303\/revisions"}],"predecessor-version":[{"id":13401,"href":"https:\/\/prosocteamsport.com\/en\/wp-json\/wp\/v2\/product\/13303\/revisions\/13401"}],"wp:featuredmedia":[{"embeddable":true,"href":"https:\/\/prosocteamsport.com\/en\/wp-json\/wp\/v2\/media\/13391"}],"wp:attachment":[{"href":"https:\/\/prosocteamsport.com\/en\/wp-json\/wp\/v2\/media?parent=13303"}],"wp:term":[{"taxonomy":"product_brand","embeddable":true,"href":"https:\/\/prosocteamsport.com\/en\/wp-json\/wp\/v2\/product_brand?post=13303"},{"taxonomy":"product_cat","embeddable":true,"href":"https:\/\/prosocteamsport.com\/en\/wp-json\/wp\/v2\/product_cat?post=13303"},{"taxonomy":"product_tag","embeddable":true,"href":"https:\/\/prosocteamsport.com\/en\/wp-json\/wp\/v2\/product_tag?post=13303"}],"curies":[{"name":"wp","href":"https:\/\/api.w.org\/{rel}","templated":true}]}}