{"id":13153,"date":"2024-07-04T16:25:34","date_gmt":"2024-07-04T14:25:34","guid":{"rendered":"https:\/\/prosocteamsport.com\/?post_type=product&#038;p=13153"},"modified":"2024-11-12T10:29:06","modified_gmt":"2024-11-12T09:29:06","slug":"lifestyle-sweatshirt-montana-beige-fc-bierbach","status":"publish","type":"product","link":"https:\/\/prosocteamsport.com\/en\/product\/lifestyle-sweatshirt-montana-beige-fc-bierbach\/","title":{"rendered":"Lifestyle Sweatshirt \u2013 Montana Beige &#8211; FC Bierbach"},"content":{"rendered":"<p>Sweatshirt mit Kragen, B\u00fcndchen und Saum aus Ripp. Er erf\u00fcgt \u00fcber eine Pl\u00fcsch-Innenseite, die f\u00fcr maximalen Komfort und W\u00e4rme sorgt. Logo auf der Innenseite des Saums.<\/p>","protected":false},"excerpt":{"rendered":"<ul class=\"double-column\">\n<li>Gerippte B\u00fcndchen und Saum<\/li>\n<li>Runder gerippter Kragen<\/li>\n<li>Fleece-Stoff innen<\/li>\n<li>Bewegungsfreiheit<\/li>\n<li>60% Baumwolle, 40% Polyester<\/li>\n<\/ul>","protected":false},"featured_media":15251,"comment_status":"open","ping_status":"closed","template":"","meta":{"rank_math_lock_modified_date":false},"product_brand":[],"product_cat":[187],"product_tag":[],"class_list":{"0":"post-13153","1":"product","2":"type-product","3":"status-publish","4":"has-post-thumbnail","6":"product_cat-fcbierbach","7":"wcpa_has_options","9":"first","10":"instock","11":"taxable","12":"shipping-taxable","13":"purchasable","14":"product-type-variable"},"df_price":30,"df_sale_price":"","df_regular_price":30,"df_image_link":"https:\/\/prosocteamsport.com\/wp-content\/uploads\/2024\/07\/Lifestyle-Sweatshirt-\u2013-Montana-Beige-1-263x300.jpg","wcpa_form_fields":{"wcpaData":{"product":{"product_price":30,"price_html":"<span class=\"woocommerce-Price-amount amount\"><bdi>30,00&nbsp;<span class=\"woocommerce-Price-currencySymbol\">&euro;<\/span><\/bdi><\/span>","original_product_price":30,"price_including_tax":30,"price_excluding_tax":25.210084000000002,"product_id":{"parent":13153,"variation":false},"is_variable":true,"stock_status":"instock","stock_quantity":null,"parent_sku":"102107.001 FCBB","product_attributes":{"pa_size":{"is_variation":true,"values":[]}},"custom_fields":[],"is_taxable":true,"product_name":"Lifestyle Sweatshirt \u2013 Montana Beige - FC Bierbach","hasImage":false},"fields":{"sec_065a7cc80d9fcc":{"extra":{"key":"sec_065a7cc80d9fcc","section_id":"sec_065a7cc80d9fcc","name":"Default","status":1,"cl_rule":"show","enableCl":false,"relations":[],"toggle":true,"title_tag":"h3","show_title":false,"showPrice":"default","form_id":12174,"form_rules":{"exclude_from_discount":false,"fee_label":"Geb\u00fchr","disp_hide_options_price":false,"disp_show_section_price":false,"disp_show_field_price":true,"layout_option":"standard","pric_use_as_fee":false,"process_fee_as":"woo_fee"},"layout_option":"standard"},"fields":[[{"active":true,"col":6,"relations":false,"cl_rule":"show","enableCl":false,"price":"","enablePrice":false,"className":"","label_position":"default","desc_position":"default","type":"text","subtype":"text","required":false,"elementId":"text_4956840441","label":"Initialen","name":"text_4956840441","value":"","error":false,"gt_translate_keys":["label","value"],"price_dependency":false,"cl_dependency":false}]]}},"config":{"price_override":"","enable_recaptcha":false,"bind_quantity":false,"quantity_bind_formula":false,"disp_summ_show_option_price":true,"disp_summ_show_product_price":true,"disp_summ_show_total_price":true,"disp_summ_show_fee":false,"disp_summ_show_discount":false,"summary_title":"","options_total_label":"Optionspreis","total_label":"Gesamt","options_product_label":"Produktpreis","fee_label":"Geb\u00fchr","discount_label":"Rabatt","has_price":true,"has_quantity_formula":false},"mc_unit":1,"tax_rate":1,"tax_rate_real":0.19,"discount":{"percentage":0,"fixed":0},"design":{"conf":{"LabelPosition":"above","DescPosition":"above","UploadField":"custom_1","QuantityFieldStyle":"default"},"css":{"LeftLabelWidth":"120px"}},"formulas":[],"lookuptables":[],"clones":false,"cartKey":false}},"_links":{"self":[{"href":"https:\/\/prosocteamsport.com\/en\/wp-json\/wp\/v2\/product\/13153","targetHints":{"allow":["GET"]}}],"collection":[{"href":"https:\/\/prosocteamsport.com\/en\/wp-json\/wp\/v2\/product"}],"about":[{"href":"https:\/\/prosocteamsport.com\/en\/wp-json\/wp\/v2\/types\/product"}],"replies":[{"embeddable":true,"href":"https:\/\/prosocteamsport.com\/en\/wp-json\/wp\/v2\/comments?post=13153"}],"version-history":[{"count":3,"href":"https:\/\/prosocteamsport.com\/en\/wp-json\/wp\/v2\/product\/13153\/revisions"}],"predecessor-version":[{"id":13166,"href":"https:\/\/prosocteamsport.com\/en\/wp-json\/wp\/v2\/product\/13153\/revisions\/13166"}],"wp:featuredmedia":[{"embeddable":true,"href":"https:\/\/prosocteamsport.com\/en\/wp-json\/wp\/v2\/media\/15251"}],"wp:attachment":[{"href":"https:\/\/prosocteamsport.com\/en\/wp-json\/wp\/v2\/media?parent=13153"}],"wp:term":[{"taxonomy":"product_brand","embeddable":true,"href":"https:\/\/prosocteamsport.com\/en\/wp-json\/wp\/v2\/product_brand?post=13153"},{"taxonomy":"product_cat","embeddable":true,"href":"https:\/\/prosocteamsport.com\/en\/wp-json\/wp\/v2\/product_cat?post=13153"},{"taxonomy":"product_tag","embeddable":true,"href":"https:\/\/prosocteamsport.com\/en\/wp-json\/wp\/v2\/product_tag?post=13153"}],"curies":[{"name":"wp","href":"https:\/\/api.w.org\/{rel}","templated":true}]}}