{"id":13137,"date":"2024-07-04T16:10:03","date_gmt":"2024-07-04T14:10:03","guid":{"rendered":"https:\/\/prosocteamsport.com\/?post_type=product&#038;p=13137"},"modified":"2024-08-26T10:36:15","modified_gmt":"2024-08-26T08:36:15","slug":"lifestyle-hoodie-combi-schwarz-fc-bierbach-kopie","status":"publish","type":"product","link":"https:\/\/prosocteamsport.com\/en\/product\/lifestyle-hoodie-combi-schwarz-fc-bierbach-kopie\/","title":{"rendered":"Lifestyle Hoodie \u2013 Combi Schwarz- FC Bierbach"},"content":{"rendered":"<p>Sweatshirt mit Kapuze. Dieses Basic-Sweatshirt besteht haupts\u00e4chlich aus Baumwolle und ist f\u00fcr das t\u00e4gliche Training und die Stra\u00dfe geeignet. Seine Vielseitigkeit und sein Komfort machen es zu einer wiederkehrenden Option in der Garderobe eines jeden Sportlers.<\/p>\n<p>Mit verstellbarer Kapuze mit Kordelzug, elastischem Bund und B\u00fcndchen. Mit einer gro\u00dfen K\u00e4ngurutasche zur Aufbewahrung kleiner Gegenst\u00e4nde.<\/p>\n<p>Haupts\u00e4chlich aus Baumwolle hergestellt, die einen weichen und angenehmen Kontakt mit der Haut bietet, atmungsaktiv und widerstandsf\u00e4hig ist und die Schwei\u00dfbildung reguliert. Hohe Strapazierf\u00e4higkeit des Kleidungsst\u00fccks.<\/p>\n<p>Joma-Logo auf gen\u00e4htem Etikett.<\/p>","protected":false},"excerpt":{"rendered":"<ul class=\"double-column\">\n<li>Kapuze mit flachen Kordelz\u00fcgen<\/li>\n<li>K\u00e4ngurutasche<\/li>\n<li>Weiches und warmes Gewebe<\/li>\n<li>Passformtyp: regular<\/li>\n<li>60% Baumwolle, 40% Polyester<\/li>\n<\/ul>","protected":false},"featured_media":13149,"comment_status":"open","ping_status":"closed","template":"","meta":{"rank_math_lock_modified_date":false},"product_brand":[],"product_cat":[187],"product_tag":[],"class_list":{"0":"post-13137","1":"product","2":"type-product","3":"status-publish","4":"has-post-thumbnail","6":"product_cat-fcbierbach","7":"wcpa_has_options","9":"first","10":"instock","11":"taxable","12":"shipping-taxable","13":"purchasable","14":"product-type-variable"},"df_price":40,"df_sale_price":"","df_regular_price":40,"df_image_link":"https:\/\/prosocteamsport.com\/wp-content\/uploads\/2024\/07\/Lifestyle-Hoodie-\u2013-Combi-Schwarz-263x300.jpg","wcpa_form_fields":{"wcpaData":{"product":{"product_price":40,"price_html":"<span class=\"woocommerce-Price-amount amount\"><bdi>40,00&nbsp;<span class=\"woocommerce-Price-currencySymbol\">&euro;<\/span><\/bdi><\/span>","original_product_price":40,"price_including_tax":40,"price_excluding_tax":33.613445,"product_id":{"parent":13137,"variation":false},"is_variable":true,"stock_status":"instock","stock_quantity":null,"parent_sku":"103776.100","product_attributes":{"pa_size":{"is_variation":true,"values":[]}},"custom_fields":[],"is_taxable":true,"product_name":"Lifestyle Hoodie \u2013 Combi Schwarz- FC Bierbach","hasImage":false},"fields":{"sec_065a7cc80d9fcc":{"extra":{"key":"sec_065a7cc80d9fcc","section_id":"sec_065a7cc80d9fcc","name":"Default","status":1,"cl_rule":"show","enableCl":false,"relations":[],"toggle":true,"title_tag":"h3","show_title":false,"showPrice":"default","form_id":12174,"form_rules":{"exclude_from_discount":false,"fee_label":"Fee","disp_hide_options_price":false,"disp_show_section_price":false,"disp_show_field_price":true,"layout_option":"standard","pric_use_as_fee":false,"process_fee_as":"woo_fee"},"layout_option":"standard"},"fields":[[{"active":true,"col":6,"relations":false,"cl_rule":"show","enableCl":false,"price":"","enablePrice":false,"className":"","label_position":"default","desc_position":"default","type":"text","subtype":"text","required":false,"elementId":"text_4956840441","label":"Initialen","name":"text_4956840441","value":"","error":false,"gt_translate_keys":["label","value"],"price_dependency":false,"cl_dependency":false}]]}},"config":{"price_override":"","enable_recaptcha":false,"bind_quantity":false,"quantity_bind_formula":false,"disp_summ_show_option_price":true,"disp_summ_show_product_price":true,"disp_summ_show_total_price":true,"disp_summ_show_fee":false,"disp_summ_show_discount":false,"summary_title":"","options_total_label":"Options Price","total_label":"Total","options_product_label":"Product Price","fee_label":"Fee","discount_label":"Discount","has_price":true,"has_quantity_formula":false},"mc_unit":1,"tax_rate":1,"tax_rate_real":0.19,"discount":{"percentage":0,"fixed":0},"design":{"conf":{"LabelPosition":"above","DescPosition":"above","UploadField":"custom_1","QuantityFieldStyle":"default"},"css":{"LeftLabelWidth":"120px"}},"formulas":[],"lookuptables":[],"clones":false,"cartKey":false}},"_links":{"self":[{"href":"https:\/\/prosocteamsport.com\/en\/wp-json\/wp\/v2\/product\/13137","targetHints":{"allow":["GET"]}}],"collection":[{"href":"https:\/\/prosocteamsport.com\/en\/wp-json\/wp\/v2\/product"}],"about":[{"href":"https:\/\/prosocteamsport.com\/en\/wp-json\/wp\/v2\/types\/product"}],"replies":[{"embeddable":true,"href":"https:\/\/prosocteamsport.com\/en\/wp-json\/wp\/v2\/comments?post=13137"}],"version-history":[{"count":2,"href":"https:\/\/prosocteamsport.com\/en\/wp-json\/wp\/v2\/product\/13137\/revisions"}],"predecessor-version":[{"id":13152,"href":"https:\/\/prosocteamsport.com\/en\/wp-json\/wp\/v2\/product\/13137\/revisions\/13152"}],"wp:featuredmedia":[{"embeddable":true,"href":"https:\/\/prosocteamsport.com\/en\/wp-json\/wp\/v2\/media\/13149"}],"wp:attachment":[{"href":"https:\/\/prosocteamsport.com\/en\/wp-json\/wp\/v2\/media?parent=13137"}],"wp:term":[{"taxonomy":"product_brand","embeddable":true,"href":"https:\/\/prosocteamsport.com\/en\/wp-json\/wp\/v2\/product_brand?post=13137"},{"taxonomy":"product_cat","embeddable":true,"href":"https:\/\/prosocteamsport.com\/en\/wp-json\/wp\/v2\/product_cat?post=13137"},{"taxonomy":"product_tag","embeddable":true,"href":"https:\/\/prosocteamsport.com\/en\/wp-json\/wp\/v2\/product_tag?post=13137"}],"curies":[{"name":"wp","href":"https:\/\/api.w.org\/{rel}","templated":true}]}}