{"id":13074,"date":"2024-07-04T15:32:04","date_gmt":"2024-07-04T13:32:04","guid":{"rendered":"https:\/\/prosocteamsport.com\/?post_type=product&#038;p=13074"},"modified":"2024-08-26T10:38:23","modified_gmt":"2024-08-26T08:38:23","slug":"unterziehhose-brama-gruen-fc-bierbach","status":"publish","type":"product","link":"https:\/\/prosocteamsport.com\/en\/product\/unterziehhose-brama-gruen-fc-bierbach\/","title":{"rendered":"Unterziehhose \u2013 Brama Gr\u00fcn &#8211; FC Bierbach"},"content":{"rendered":"<p>Langes Trikot, das dank seiner wasserdichten und atmungsaktien Eigenschaften bei allen Wetterbedingungen perfekten Schutz und Komfort bietet. Schwei\u00dfresistent, leicht, Weich und flexibel. Es zeichnet sich durch gro\u00dfe Bewegungsfreiheit sowie Unterst\u00fctzung und Komfort aus.<\/p>","protected":false},"excerpt":{"rendered":"<ul class=\"double-column\">\n<li>Elastischer Bund<\/li>\n<li>Elastischer, leichter, atmungsaktiver Stoff<\/li>\n<li>Flache Flatlock-N\u00e4hte<\/li>\n<li>Bewegungsfreiheit<\/li>\n<li>90% Polyester, 10% Elastan<\/li>\n<\/ul>","protected":false},"featured_media":13069,"comment_status":"open","ping_status":"closed","template":"","meta":{"rank_math_lock_modified_date":false},"product_brand":[],"product_cat":[187],"product_tag":[],"class_list":{"0":"post-13074","1":"product","2":"type-product","3":"status-publish","4":"has-post-thumbnail","6":"product_cat-fcbierbach","8":"first","9":"instock","10":"taxable","11":"shipping-taxable","12":"purchasable","13":"product-type-variable"},"df_price":18.5,"df_sale_price":"","df_regular_price":18.5,"df_image_link":"https:\/\/prosocteamsport.com\/wp-content\/uploads\/2024\/07\/Unterziehhose-\u2013-Brama-Gruen-263x300.jpg","wcpa_form_fields":null,"_links":{"self":[{"href":"https:\/\/prosocteamsport.com\/en\/wp-json\/wp\/v2\/product\/13074","targetHints":{"allow":["GET"]}}],"collection":[{"href":"https:\/\/prosocteamsport.com\/en\/wp-json\/wp\/v2\/product"}],"about":[{"href":"https:\/\/prosocteamsport.com\/en\/wp-json\/wp\/v2\/types\/product"}],"replies":[{"embeddable":true,"href":"https:\/\/prosocteamsport.com\/en\/wp-json\/wp\/v2\/comments?post=13074"}],"version-history":[{"count":3,"href":"https:\/\/prosocteamsport.com\/en\/wp-json\/wp\/v2\/product\/13074\/revisions"}],"predecessor-version":[{"id":13086,"href":"https:\/\/prosocteamsport.com\/en\/wp-json\/wp\/v2\/product\/13074\/revisions\/13086"}],"wp:featuredmedia":[{"embeddable":true,"href":"https:\/\/prosocteamsport.com\/en\/wp-json\/wp\/v2\/media\/13069"}],"wp:attachment":[{"href":"https:\/\/prosocteamsport.com\/en\/wp-json\/wp\/v2\/media?parent=13074"}],"wp:term":[{"taxonomy":"product_brand","embeddable":true,"href":"https:\/\/prosocteamsport.com\/en\/wp-json\/wp\/v2\/product_brand?post=13074"},{"taxonomy":"product_cat","embeddable":true,"href":"https:\/\/prosocteamsport.com\/en\/wp-json\/wp\/v2\/product_cat?post=13074"},{"taxonomy":"product_tag","embeddable":true,"href":"https:\/\/prosocteamsport.com\/en\/wp-json\/wp\/v2\/product_tag?post=13074"}],"curies":[{"name":"wp","href":"https:\/\/api.w.org\/{rel}","templated":true}]}}