{"id":13024,"date":"2024-07-04T14:52:30","date_gmt":"2024-07-04T12:52:30","guid":{"rendered":"https:\/\/prosocteamsport.com\/?post_type=product&#038;p=13024"},"modified":"2024-11-12T10:30:20","modified_gmt":"2024-11-12T09:30:20","slug":"trainingspullover-unisex-olimpiada-gruen-fc-bierbach","status":"publish","type":"product","link":"https:\/\/prosocteamsport.com\/en\/product\/trainingspullover-unisex-olimpiada-gruen-fc-bierbach\/","title":{"rendered":"Trainingspullover Unisex \u2013 Olimpiada Gr\u00fcn &#8211; FC Bierbach"},"content":{"rendered":"<p>Sweatshirt mit halbem Rei\u00dfverschluss. Ein sehr bequemer und vielseitiger Sweater, geeignet f\u00fcr Trainings in jeder Sportart. Seine warme Ausstattung bietet eine ausgezeichnete W\u00e4rmeisolation.<\/p>\n<p>Der Sweater verf\u00fcgt \u00fcber einen Rei\u00dfverschluss bis zur Brust, einen hohen Kragen und ein elastisches Innenband, um die Passform zu optimieren und m\u00f6gliche Reibestellen zu verhindern. Rippb\u00fcndchen an den \u00c4rmeln und am Saum.<\/p>\n<p>Hergestellt aus weichem und komfortablem Gewebe. Fleece-Innenfutter f\u00fcr ein w\u00e4rmeres Gef\u00fchl bei niedrigen Temperaturen.<\/p>\n<p>Design mit personalisierten Details auf den Schultern. Aufgesticktes Joma-Logo.<\/p>","protected":false},"excerpt":{"rendered":"<ul class=\"double-column\">\n<li>Gerippte B\u00fcndchen und Saum<\/li>\n<li>Fleece-Stoff innen<\/li>\n<li>100% Polyester<\/li>\n<\/ul>","protected":false},"featured_media":15253,"comment_status":"open","ping_status":"closed","template":"","meta":{"rank_math_lock_modified_date":false},"product_brand":[],"product_cat":[187],"product_tag":[],"class_list":{"0":"post-13024","1":"product","2":"type-product","3":"status-publish","4":"has-post-thumbnail","6":"product_cat-fcbierbach","7":"wcpa_has_options","9":"first","10":"instock","11":"taxable","12":"shipping-taxable","13":"purchasable","14":"product-type-variable"},"df_price":32,"df_sale_price":"","df_regular_price":32,"df_image_link":"https:\/\/prosocteamsport.com\/wp-content\/uploads\/2024\/07\/Trainingspullover-Unisex-\u2013-Olimpiada-Gruen-1-263x300.jpg","wcpa_form_fields":{"wcpaData":{"product":{"product_price":32,"price_html":"<span class=\"woocommerce-Price-amount amount\"><bdi>32,00&nbsp;<span class=\"woocommerce-Price-currencySymbol\">&euro;<\/span><\/bdi><\/span>","original_product_price":32,"price_including_tax":32,"price_excluding_tax":26.890756,"product_id":{"parent":13024,"variation":false},"is_variable":true,"stock_status":"instock","stock_quantity":null,"parent_sku":"103708.450","product_attributes":{"pa_size":{"is_variation":true,"values":[]}},"custom_fields":[],"is_taxable":true,"product_name":"Trainingspullover Unisex \u2013 Olimpiada Gr\u00fcn - FC Bierbach","hasImage":false},"fields":{"sec_065a7cc80d9fcc":{"extra":{"key":"sec_065a7cc80d9fcc","section_id":"sec_065a7cc80d9fcc","name":"Default","status":1,"cl_rule":"show","enableCl":false,"relations":[],"toggle":true,"title_tag":"h3","show_title":false,"showPrice":"default","form_id":12174,"form_rules":{"exclude_from_discount":false,"fee_label":"Fee","disp_hide_options_price":false,"disp_show_section_price":false,"disp_show_field_price":true,"layout_option":"standard","pric_use_as_fee":false,"process_fee_as":"woo_fee"},"layout_option":"standard"},"fields":[[{"active":true,"col":6,"relations":false,"cl_rule":"show","enableCl":false,"price":"","enablePrice":false,"className":"","label_position":"default","desc_position":"default","type":"text","subtype":"text","required":false,"elementId":"text_4956840441","label":"Initialen","name":"text_4956840441","value":"","error":false,"gt_translate_keys":["label","value"],"price_dependency":false,"cl_dependency":false}]]}},"config":{"price_override":"","enable_recaptcha":false,"bind_quantity":false,"quantity_bind_formula":false,"disp_summ_show_option_price":true,"disp_summ_show_product_price":true,"disp_summ_show_total_price":true,"disp_summ_show_fee":false,"disp_summ_show_discount":false,"summary_title":"","options_total_label":"Options Price","total_label":"Total","options_product_label":"Product Price","fee_label":"Fee","discount_label":"Discount","has_price":true,"has_quantity_formula":false},"mc_unit":1,"tax_rate":1,"tax_rate_real":0.19,"discount":{"percentage":0,"fixed":0},"design":{"conf":{"LabelPosition":"above","DescPosition":"above","UploadField":"custom_1","QuantityFieldStyle":"default"},"css":{"LeftLabelWidth":"120px"}},"formulas":[],"lookuptables":[],"clones":false,"cartKey":false}},"_links":{"self":[{"href":"https:\/\/prosocteamsport.com\/en\/wp-json\/wp\/v2\/product\/13024","targetHints":{"allow":["GET"]}}],"collection":[{"href":"https:\/\/prosocteamsport.com\/en\/wp-json\/wp\/v2\/product"}],"about":[{"href":"https:\/\/prosocteamsport.com\/en\/wp-json\/wp\/v2\/types\/product"}],"replies":[{"embeddable":true,"href":"https:\/\/prosocteamsport.com\/en\/wp-json\/wp\/v2\/comments?post=13024"}],"version-history":[{"count":2,"href":"https:\/\/prosocteamsport.com\/en\/wp-json\/wp\/v2\/product\/13024\/revisions"}],"predecessor-version":[{"id":13039,"href":"https:\/\/prosocteamsport.com\/en\/wp-json\/wp\/v2\/product\/13024\/revisions\/13039"}],"wp:featuredmedia":[{"embeddable":true,"href":"https:\/\/prosocteamsport.com\/en\/wp-json\/wp\/v2\/media\/15253"}],"wp:attachment":[{"href":"https:\/\/prosocteamsport.com\/en\/wp-json\/wp\/v2\/media?parent=13024"}],"wp:term":[{"taxonomy":"product_brand","embeddable":true,"href":"https:\/\/prosocteamsport.com\/en\/wp-json\/wp\/v2\/product_brand?post=13024"},{"taxonomy":"product_cat","embeddable":true,"href":"https:\/\/prosocteamsport.com\/en\/wp-json\/wp\/v2\/product_cat?post=13024"},{"taxonomy":"product_tag","embeddable":true,"href":"https:\/\/prosocteamsport.com\/en\/wp-json\/wp\/v2\/product_tag?post=13024"}],"curies":[{"name":"wp","href":"https:\/\/api.w.org\/{rel}","templated":true}]}}