{"id":13006,"date":"2024-07-01T16:52:46","date_gmt":"2024-07-01T14:52:46","guid":{"rendered":"https:\/\/prosocteamsport.com\/?post_type=product&#038;p=13006"},"modified":"2024-11-12T10:29:35","modified_gmt":"2024-11-12T09:29:35","slug":"trainingsshirt-unisex-olimpiada-gruen-fc-bierbach","status":"publish","type":"product","link":"https:\/\/prosocteamsport.com\/en\/product\/trainingsshirt-unisex-olimpiada-gruen-fc-bierbach\/","title":{"rendered":"Trainingsshirt Unisex \u2013 Olimpiada Gr\u00fcn &#8211; FC Bierbach"},"content":{"rendered":"<p>Kurzarm-T-Shirt f\u00fcr Herren. Es handelt sich um ein sehr vielseitiges Multisport-T-Shirt, das bei verschiedenen k\u00f6rperlichen Aktivit\u00e4ten getragen werden kann. Au\u00dferdem ist es umweltfreundlich, da es vollst\u00e4ndig aus recyceltem Stoff hergestellt ist.<\/p>\n<p>Es hat einen Rundhalsausschnitt aus einem Basismaterial mit elastischem Innenband zur Vermeidung von Reibung und zur Verbesserung der Passform.<\/p>\n<p>Hergestellt zu 100 % aus recyceltem Polyester in einem umweltfreundlichen Verfahren. Tats\u00e4chlich wird es aus recycelten Kunststoffen gewonnen. Dieses Material zeichnet sich durch seine Widerstandsf\u00e4higkeit, Elastizit\u00e4t und Atmungsaktivit\u00e4t aus. Bewegungsfreiheit garantiert.<\/p>\n<p>Design mit individuellen Details auf den Schultern. Gesticktes Joma-Logo.<\/p>","protected":false},"excerpt":{"rendered":"<ul class=\"double-column\">\n<li>Bequemer Stoff<\/li>\n<li>Nahtlos an den Schultern<\/li>\n<li>Hergestellt aus recyceltem Polyester<\/li>\n<li>100% Polyester<\/li>\n<\/ul>","protected":false},"featured_media":15252,"comment_status":"open","ping_status":"closed","template":"","meta":{"rank_math_lock_modified_date":false},"product_brand":[],"product_cat":[187],"product_tag":[],"class_list":{"0":"post-13006","1":"product","2":"type-product","3":"status-publish","4":"has-post-thumbnail","6":"product_cat-fcbierbach","7":"wcpa_has_options","9":"first","10":"instock","11":"taxable","12":"shipping-taxable","13":"purchasable","14":"product-type-variable"},"df_price":23,"df_sale_price":"","df_regular_price":23,"df_image_link":"https:\/\/prosocteamsport.com\/wp-content\/uploads\/2024\/07\/Trainingsshirt-Unisex-\u2013-Olimpiada-Gruen1-263x300.jpg","wcpa_form_fields":{"wcpaData":{"product":{"product_price":23,"price_html":"<span class=\"woocommerce-Price-amount amount\"><bdi>23,00&nbsp;<span class=\"woocommerce-Price-currencySymbol\">&euro;<\/span><\/bdi><\/span> &ndash; <span class=\"woocommerce-Price-amount amount\"><bdi>24,50&nbsp;<span class=\"woocommerce-Price-currencySymbol\">&euro;<\/span><\/bdi><\/span>","original_product_price":23,"price_including_tax":23,"price_excluding_tax":19.327731,"product_id":{"parent":13006,"variation":false},"is_variable":true,"stock_status":"instock","stock_quantity":null,"parent_sku":"103245.450 FCBB","product_attributes":{"pa_size":{"is_variation":true,"values":[]}},"custom_fields":[],"is_taxable":true,"product_name":"Trainingsshirt Unisex \u2013 Olimpiada Gr\u00fcn - FC Bierbach","hasImage":false},"fields":{"sec_065a7cc80d9fcc":{"extra":{"key":"sec_065a7cc80d9fcc","section_id":"sec_065a7cc80d9fcc","name":"Default","status":1,"cl_rule":"show","enableCl":false,"relations":[],"toggle":true,"title_tag":"h3","show_title":false,"showPrice":"default","form_id":12174,"form_rules":{"exclude_from_discount":false,"fee_label":"Fee","disp_hide_options_price":false,"disp_show_section_price":false,"disp_show_field_price":true,"layout_option":"standard","pric_use_as_fee":false,"process_fee_as":"woo_fee"},"layout_option":"standard"},"fields":[[{"active":true,"col":6,"relations":false,"cl_rule":"show","enableCl":false,"price":"","enablePrice":false,"className":"","label_position":"default","desc_position":"default","type":"text","subtype":"text","required":false,"elementId":"text_4956840441","label":"Initialen","name":"text_4956840441","value":"","error":false,"gt_translate_keys":["label","value"],"price_dependency":false,"cl_dependency":false}]]}},"config":{"price_override":"","enable_recaptcha":false,"bind_quantity":false,"quantity_bind_formula":false,"disp_summ_show_option_price":true,"disp_summ_show_product_price":true,"disp_summ_show_total_price":true,"disp_summ_show_fee":false,"disp_summ_show_discount":false,"summary_title":"","options_total_label":"Options Price","total_label":"Total","options_product_label":"Product Price","fee_label":"Fee","discount_label":"Discount","has_price":true,"has_quantity_formula":false},"mc_unit":1,"tax_rate":1,"tax_rate_real":0.19,"discount":{"percentage":0,"fixed":0},"design":{"conf":{"LabelPosition":"above","DescPosition":"above","UploadField":"custom_1","QuantityFieldStyle":"default"},"css":{"LeftLabelWidth":"120px"}},"formulas":[],"lookuptables":[],"clones":false,"cartKey":false}},"_links":{"self":[{"href":"https:\/\/prosocteamsport.com\/en\/wp-json\/wp\/v2\/product\/13006","targetHints":{"allow":["GET"]}}],"collection":[{"href":"https:\/\/prosocteamsport.com\/en\/wp-json\/wp\/v2\/product"}],"about":[{"href":"https:\/\/prosocteamsport.com\/en\/wp-json\/wp\/v2\/types\/product"}],"replies":[{"embeddable":true,"href":"https:\/\/prosocteamsport.com\/en\/wp-json\/wp\/v2\/comments?post=13006"}],"version-history":[{"count":3,"href":"https:\/\/prosocteamsport.com\/en\/wp-json\/wp\/v2\/product\/13006\/revisions"}],"predecessor-version":[{"id":13021,"href":"https:\/\/prosocteamsport.com\/en\/wp-json\/wp\/v2\/product\/13006\/revisions\/13021"}],"wp:featuredmedia":[{"embeddable":true,"href":"https:\/\/prosocteamsport.com\/en\/wp-json\/wp\/v2\/media\/15252"}],"wp:attachment":[{"href":"https:\/\/prosocteamsport.com\/en\/wp-json\/wp\/v2\/media?parent=13006"}],"wp:term":[{"taxonomy":"product_brand","embeddable":true,"href":"https:\/\/prosocteamsport.com\/en\/wp-json\/wp\/v2\/product_brand?post=13006"},{"taxonomy":"product_cat","embeddable":true,"href":"https:\/\/prosocteamsport.com\/en\/wp-json\/wp\/v2\/product_cat?post=13006"},{"taxonomy":"product_tag","embeddable":true,"href":"https:\/\/prosocteamsport.com\/en\/wp-json\/wp\/v2\/product_tag?post=13006"}],"curies":[{"name":"wp","href":"https:\/\/api.w.org\/{rel}","templated":true}]}}